{"id":2936,"date":"2025-07-22T15:22:42","date_gmt":"2025-07-22T13:22:42","guid":{"rendered":"https:\/\/www.vipo.com.pl\/index.php\/nahen-nach-mas\/"},"modified":"2025-10-31T11:44:04","modified_gmt":"2025-10-31T10:44:04","slug":"nahen-nach-mas","status":"publish","type":"page","link":"https:\/\/www.vipo.com.pl\/de\/index.php\/nahen-nach-mas\/","title":{"rendered":"N\u00e4hen nach Ma\u00df"},"content":{"rendered":"\t\t<div data-elementor-type=\"wp-page\" data-elementor-id=\"2936\" class=\"elementor elementor-2936 elementor-1458\" data-elementor-post-type=\"page\">\n\t\t\t\t\t\t<section class=\"elementor-section elementor-top-section elementor-element elementor-element-f3bc78c elementor-section-full_width elementor-section-height-default elementor-section-height-default\" data-id=\"f3bc78c\" data-element_type=\"section\">\n\t\t\t\t\t\t<div class=\"elementor-container elementor-column-gap-default\">\n\t\t\t\t\t<div class=\"elementor-column elementor-col-100 elementor-top-column elementor-element elementor-element-2be3e0c\" data-id=\"2be3e0c\" data-element_type=\"column\">\n\t\t\t<div class=\"elementor-widget-wrap elementor-element-populated\">\n\t\t\t\t\t\t<div class=\"elementor-element elementor-element-6493bb7 elementor-widget elementor-widget-tayler_about\" data-id=\"6493bb7\" data-element_type=\"widget\" data-widget_type=\"tayler_about.default\">\n\t\t\t\t<div class=\"elementor-widget-container\">\n\t\t\t\t\t      \n    <!-- introduction-section two -->\n    <section class=\"introduction-section-two\">\n        <div class=\"auto-container\">        \n            <div class=\"row\">            \n                <div class=\"col-lg-6\">                \n                                        <div class=\"sec-title-box wow fadeInUp\" data-wow-delay=\"0ms\" data-wow-duration=\"1500ms\">                    \n                                                <div class=\"sec-title-dec\"><img decoding=\"async\" src=\"https:\/\/www.vipo.com.pl\/wp-content\/themes\/tayler\/assets\/images\/shape\/shape-1.png\" alt=\"Awesome Image\"><\/div>\n                        <div class=\"sub-title\">Unsere Dienstleistungen<\/div>  \n                                              \n                        <h2 class=\"sec-title mb-35\">N\u00e4hen Nach Ma\u00df<\/h2> \n                    <\/div>\n                                                            <div class=\"progress-levels mb-30\">                    \n                    \t                    \n                        <!--Skill Box-->\n                        <div class=\"progress-box wow fadeIn\" data-wow-delay=\"100ms\" data-wow-duration=\"1500ms\">                        \n                            <h5><\/h5>                            \n                            <div class=\"inner\">\n                                <div class=\"bar\">                                \n                                    <div class=\"bar-innner\"><div class=\"bar-fill\" data-percent=\"\"><div class=\"percent\"><\/div><\/div><\/div>\n                                <\/div>\n                            <\/div>\n                        <\/div>                        \n                     \t                     \n                    <\/div>                    \n                    <div class=\"row align-items-center\">                    \n                                                <div class=\"col-md-6\">                        \n                            <div class=\"introduction-block-two_author-wrapper wow fadeInUp\" data-wow-delay=\"0ms\" data-wow-duration=\"1500ms\">\n                                                                                            <\/div>\n                        <\/div>\n                    <\/div>\n                <\/div>                \n                            <\/div>  \n        <\/div>\n    <\/section>\n\t\n\t\t\t\t\t<\/div>\n\t\t\t\t<\/div>\n\t\t<div class=\"elementor-element elementor-element-a353270 e-flex e-con-boxed e-con e-parent\" data-id=\"a353270\" data-element_type=\"container\">\n\t\t\t\t\t<div class=\"e-con-inner\">\n\t\t\t\t<div class=\"elementor-element elementor-element-2c56252 elementor-widget elementor-widget-text-editor\" data-id=\"2c56252\" data-element_type=\"widget\" data-widget_type=\"text-editor.default\">\n\t\t\t\t<div class=\"elementor-widget-container\">\n\t\t\t\t\t\t\t\t\t<p>Um den Bed\u00fcrfnissen unserer Kunden gerecht zu werden, hat sich Vipo als einer der wenigen Hersteller in Europa auf Ma\u00dfanfertigungen spezialisiert. Marktstudien zeigen, dass nur etwa 15 % der Kunden einen fertigen Anzug kaufen k\u00f6nnen, der keine \u00c4nderungen erfordert. Daher ist die Ma\u00dfschneiderei einer der am dynamischsten wachsenden Bereiche in unserem Unternehmen. Ma\u00dfanfertigungen sind ein komplexer Prozess, der in unserem Unternehmen als spezielles Programm f\u00fcr internationale Kunden angeboten wird. Bei uns hat der Kunde die M\u00f6glichkeit, seinen Anzug von Grund auf selbst zu gestalten: von der Auswahl des Stoffes, des Futters oder der Kn\u00f6pfe \u00fcber verschiedene verf\u00fcgbare Veredelungsoptionen (z. B. Monogramm, Columbia, Ziersteppungen, zus\u00e4tzliche Tasche f\u00fcr die Uhr in der Hose oder das Mobiltelefon im Sakko, Knopfleiste in der Hose oder bestimmte Farbe der Knopfl\u00f6cher an den \u00c4rmeln) bis hin zum Zuschneiden und N\u00e4hen nach Ma\u00df genau f\u00fcr den jeweiligen Kunden. Um dieses Ergebnis zu erzielen, sind umfangreiche Erfahrung und Genauigkeit erforderlich. Bei ma\u00dfgeschneiderten Anz\u00fcgen ber\u00fccksichtigen wir sowohl die individuellen Ma\u00dfe des Kunden (z. B. kann ein \u00c4rmel l\u00e4nger oder k\u00fcrzer als der andere sein) als auch seine K\u00f6rperhaltung (z. B. eine athletische Figur, die sich durch einen schmalen und ausgepr\u00e4gten Brustkorb auszeichnet). Die Standardlieferzeit f\u00fcr eine Ma\u00dfanfertigung betr\u00e4gt 14 Werktage ab Eingang der vollst\u00e4ndigen und korrekt ausgef\u00fcllten Bestellung.         <\/p>\t\t\t\t\t\t\t\t<\/div>\n\t\t\t\t<\/div>\n\t\t\t\t\t<\/div>\n\t\t\t\t<\/div>\n\t\t\t\t\t<\/div>\n\t\t<\/div>\n\t\t\t\t\t<\/div>\n\t\t<\/section>\n\t\t\t\t<section class=\"elementor-section elementor-top-section elementor-element elementor-element-38b6bce elementor-section-full_width elementor-section-height-default elementor-section-height-default\" data-id=\"38b6bce\" data-element_type=\"section\">\n\t\t\t\t\t\t<div class=\"elementor-container elementor-column-gap-default\">\n\t\t\t\t\t<div class=\"elementor-column elementor-col-100 elementor-top-column elementor-element elementor-element-79cc990\" data-id=\"79cc990\" data-element_type=\"column\">\n\t\t\t<div class=\"elementor-widget-wrap elementor-element-populated\">\n\t\t\t\t\t\t<div class=\"elementor-element elementor-element-201a7cc elementor-widget elementor-widget-tayler_about\" data-id=\"201a7cc\" data-element_type=\"widget\" data-widget_type=\"tayler_about.default\">\n\t\t\t\t<div class=\"elementor-widget-container\">\n\t\t\t\t\t      \n    <!-- introduction-section two -->\n    <section class=\"introduction-section-two\">\n        <div class=\"auto-container\">        \n            <div class=\"row\">            \n                <div class=\"col-lg-6\">                \n                                                            <div class=\"progress-levels mb-30\">                    \n                    \t                    \n                        <!--Skill Box-->\n                        <div class=\"progress-box wow fadeIn\" data-wow-delay=\"100ms\" data-wow-duration=\"1500ms\">                        \n                            <h5><\/h5>                            \n                            <div class=\"inner\">\n                                <div class=\"bar\">                                \n                                    <div class=\"bar-innner\"><div class=\"bar-fill\" data-percent=\"\"><div class=\"percent\"><\/div><\/div><\/div>\n                                <\/div>\n                            <\/div>\n                        <\/div>                        \n                     \t                     \n                    <\/div>                    \n                    <div class=\"row align-items-center\">                    \n                                                <div class=\"col-md-6\">                        \n                            <div class=\"introduction-block-two_author-wrapper wow fadeInUp\" data-wow-delay=\"0ms\" data-wow-duration=\"1500ms\">\n                                                                                            <\/div>\n                        <\/div>\n                    <\/div>\n                <\/div>                \n                            <\/div>  \n        <\/div>\n    <\/section>\n\t\n\t\t\t\t\t<\/div>\n\t\t\t\t<\/div>\n\t\t\t\t\t<\/div>\n\t\t<\/div>\n\t\t\t\t\t<\/div>\n\t\t<\/section>\n\t\t\t\t<\/div>\n\t\t","protected":false},"excerpt":{"rendered":"<p>Unsere Dienstleistungen N\u00e4hen Nach Ma\u00df Um den Bed\u00fcrfnissen unserer Kunden gerecht zu werden, hat sich Vipo als einer der wenigen Hersteller in Europa auf Ma\u00dfanfertigungen spezialisiert. Marktstudien zeigen, dass nur etwa 15 % der Kunden einen fertigen Anzug kaufen k\u00f6nnen, der keine \u00c4nderungen erfordert. Daher ist die Ma\u00dfschneiderei einer der am dynamischsten wachsenden Bereiche in [&hellip;]<\/p>\n","protected":false},"author":1,"featured_media":0,"parent":0,"menu_order":0,"comment_status":"closed","ping_status":"closed","template":"tpl-default-elementor.php","meta":{"footnotes":""},"class_list":["post-2936","page","type-page","status-publish","hentry"],"_links":{"self":[{"href":"https:\/\/www.vipo.com.pl\/de\/index.php\/wp-json\/wp\/v2\/pages\/2936","targetHints":{"allow":["GET"]}}],"collection":[{"href":"https:\/\/www.vipo.com.pl\/de\/index.php\/wp-json\/wp\/v2\/pages"}],"about":[{"href":"https:\/\/www.vipo.com.pl\/de\/index.php\/wp-json\/wp\/v2\/types\/page"}],"author":[{"embeddable":true,"href":"https:\/\/www.vipo.com.pl\/de\/index.php\/wp-json\/wp\/v2\/users\/1"}],"replies":[{"embeddable":true,"href":"https:\/\/www.vipo.com.pl\/de\/index.php\/wp-json\/wp\/v2\/comments?post=2936"}],"version-history":[{"count":1,"href":"https:\/\/www.vipo.com.pl\/de\/index.php\/wp-json\/wp\/v2\/pages\/2936\/revisions"}],"predecessor-version":[{"id":2937,"href":"https:\/\/www.vipo.com.pl\/de\/index.php\/wp-json\/wp\/v2\/pages\/2936\/revisions\/2937"}],"wp:attachment":[{"href":"https:\/\/www.vipo.com.pl\/de\/index.php\/wp-json\/wp\/v2\/media?parent=2936"}],"curies":[{"name":"wp","href":"https:\/\/api.w.org\/{rel}","templated":true}]}}