{"id":2938,"date":"2025-07-22T15:27:45","date_gmt":"2025-07-22T13:27:45","guid":{"rendered":"https:\/\/www.vipo.com.pl\/index.php\/seriennahen\/"},"modified":"2025-10-31T11:48:36","modified_gmt":"2025-10-31T10:48:36","slug":"seriennahen","status":"publish","type":"page","link":"https:\/\/www.vipo.com.pl\/de\/index.php\/seriennahen\/","title":{"rendered":"Serienn\u00e4hen"},"content":{"rendered":"\t\t<div data-elementor-type=\"wp-page\" data-elementor-id=\"2938\" class=\"elementor elementor-2938 elementor-1463\" data-elementor-post-type=\"page\">\n\t\t\t\t\t\t<section class=\"elementor-section elementor-top-section elementor-element elementor-element-f3bc78c elementor-section-full_width elementor-section-height-default elementor-section-height-default\" data-id=\"f3bc78c\" data-element_type=\"section\">\n\t\t\t\t\t\t<div class=\"elementor-container elementor-column-gap-default\">\n\t\t\t\t\t<div class=\"elementor-column elementor-col-100 elementor-top-column elementor-element elementor-element-2be3e0c\" data-id=\"2be3e0c\" data-element_type=\"column\">\n\t\t\t<div class=\"elementor-widget-wrap elementor-element-populated\">\n\t\t\t\t\t\t<div class=\"elementor-element elementor-element-6493bb7 elementor-widget elementor-widget-tayler_about\" data-id=\"6493bb7\" data-element_type=\"widget\" data-widget_type=\"tayler_about.default\">\n\t\t\t\t<div class=\"elementor-widget-container\">\n\t\t\t\t\t      \n    <!-- introduction-section two -->\n    <section class=\"introduction-section-two\">\n        <div class=\"auto-container\">        \n            <div class=\"row\">            \n                <div class=\"col-lg-6\">                \n                                        <div class=\"sec-title-box wow fadeInUp\" data-wow-delay=\"0ms\" data-wow-duration=\"1500ms\">                    \n                                                <div class=\"sec-title-dec\"><img decoding=\"async\" src=\"https:\/\/www.vipo.com.pl\/wp-content\/themes\/tayler\/assets\/images\/shape\/shape-1.png\" alt=\"Awesome Image\"><\/div>\n                        <div class=\"sub-title\">Unsere Dienstleistungen<\/div>  \n                                              \n                        <h2 class=\"sec-title mb-35\">Serienn\u00e4hen<\/h2> \n                    <\/div>\n                                                            <div class=\"progress-levels mb-30\">                    \n                    \t                    \n                        <!--Skill Box-->\n                        <div class=\"progress-box wow fadeIn\" data-wow-delay=\"100ms\" data-wow-duration=\"1500ms\">                        \n                            <h5><\/h5>                            \n                            <div class=\"inner\">\n                                <div class=\"bar\">                                \n                                    <div class=\"bar-innner\"><div class=\"bar-fill\" data-percent=\"\"><div class=\"percent\"><\/div><\/div><\/div>\n                                <\/div>\n                            <\/div>\n                        <\/div>                        \n                     \t                     \n                    <\/div>                    \n                    <div class=\"row align-items-center\">                    \n                                                <div class=\"col-md-6\">                        \n                            <div class=\"introduction-block-two_author-wrapper wow fadeInUp\" data-wow-delay=\"0ms\" data-wow-duration=\"1500ms\">\n                                                                                            <\/div>\n                        <\/div>\n                    <\/div>\n                <\/div>                \n                            <\/div>  \n        <\/div>\n    <\/section>\n\t\n\t\t\t\t\t<\/div>\n\t\t\t\t<\/div>\n\t\t<div class=\"elementor-element elementor-element-a353270 e-flex e-con-boxed e-con e-parent\" data-id=\"a353270\" data-element_type=\"container\">\n\t\t\t\t\t<div class=\"e-con-inner\">\n\t\t\t\t<div class=\"elementor-element elementor-element-2c56252 elementor-widget elementor-widget-text-editor\" data-id=\"2c56252\" data-element_type=\"widget\" data-widget_type=\"text-editor.default\">\n\t\t\t\t<div class=\"elementor-widget-container\">\n\t\t\t\t\t\t\t\t\t<p>Unser Unternehmen bietet seit vielen Jahren die Herstellung von Serien an. Urspr\u00fcnglich haben wir uns auf die Lieferung gro\u00dfer Serien f\u00fcr bekannte Weltmarken spezialisiert, aber um den Erwartungen unserer Kunden gerecht zu werden, bieten wir auch die Herstellung von Kleinserien und Kollektionen an. Viele Unternehmen vermeiden diese Art der Produktion aufgrund ihres h\u00f6heren Arbeitsaufwands. Unser Unternehmen bietet die Konfektionierung von Kleinserien zu erschwinglichen Preisen und mit kurzen Lieferzeiten an. Wir bieten technische Unterst\u00fctzung in jeder Phase der Produktion: von der Auswahl oder Entwicklung eines neuen Modells (Vorbereitung der Grundschablonen, Gradierung) \u00fcber die Auswahl der passenden Accessoires bis hin zu verschiedenen Veredelungsoptionen. Die Lieferzeit f\u00fcr Serienauftr\u00e4ge betr\u00e4gt ca. 2-4 Wochen und h\u00e4ngt von der Auftragsgr\u00f6\u00dfe und der vorherigen Reservierung der Produktionskapazit\u00e4ten ab.      <\/p>\t\t\t\t\t\t\t\t<\/div>\n\t\t\t\t<\/div>\n\t\t\t\t\t<\/div>\n\t\t\t\t<\/div>\n\t\t\t\t\t<\/div>\n\t\t<\/div>\n\t\t\t\t\t<\/div>\n\t\t<\/section>\n\t\t\t\t<section class=\"elementor-section elementor-top-section elementor-element elementor-element-38b6bce elementor-section-full_width elementor-section-height-default elementor-section-height-default\" data-id=\"38b6bce\" data-element_type=\"section\">\n\t\t\t\t\t\t<div class=\"elementor-container elementor-column-gap-default\">\n\t\t\t\t\t<div class=\"elementor-column elementor-col-100 elementor-top-column elementor-element elementor-element-79cc990\" data-id=\"79cc990\" data-element_type=\"column\">\n\t\t\t<div class=\"elementor-widget-wrap elementor-element-populated\">\n\t\t\t\t\t\t<div class=\"elementor-element elementor-element-201a7cc elementor-widget elementor-widget-tayler_about\" data-id=\"201a7cc\" data-element_type=\"widget\" data-widget_type=\"tayler_about.default\">\n\t\t\t\t<div class=\"elementor-widget-container\">\n\t\t\t\t\t      \n    <!-- introduction-section two -->\n    <section class=\"introduction-section-two\">\n        <div class=\"auto-container\">        \n            <div class=\"row\">            \n                <div class=\"col-lg-6\">                \n                                                            <div class=\"progress-levels mb-30\">                    \n                    \t                    \n                        <!--Skill Box-->\n                        <div class=\"progress-box wow fadeIn\" data-wow-delay=\"100ms\" data-wow-duration=\"1500ms\">                        \n                            <h5><\/h5>                            \n                            <div class=\"inner\">\n                                <div class=\"bar\">                                \n                                    <div class=\"bar-innner\"><div class=\"bar-fill\" data-percent=\"\"><div class=\"percent\"><\/div><\/div><\/div>\n                                <\/div>\n                            <\/div>\n                        <\/div>                        \n                     \t                     \n                    <\/div>                    \n                    <div class=\"row align-items-center\">                    \n                                                <div class=\"col-md-6\">                        \n                            <div class=\"introduction-block-two_author-wrapper wow fadeInUp\" data-wow-delay=\"0ms\" data-wow-duration=\"1500ms\">\n                                                                                            <\/div>\n                        <\/div>\n                    <\/div>\n                <\/div>                \n                            <\/div>  \n        <\/div>\n    <\/section>\n\t\n\t\t\t\t\t<\/div>\n\t\t\t\t<\/div>\n\t\t\t\t\t<\/div>\n\t\t<\/div>\n\t\t\t\t\t<\/div>\n\t\t<\/section>\n\t\t\t\t<\/div>\n\t\t","protected":false},"excerpt":{"rendered":"<p>Unsere Dienstleistungen Serienn\u00e4hen Unser Unternehmen bietet seit vielen Jahren die Herstellung von Serien an. Urspr\u00fcnglich haben wir uns auf die Lieferung gro\u00dfer Serien f\u00fcr bekannte Weltmarken spezialisiert, aber um den Erwartungen unserer Kunden gerecht zu werden, bieten wir auch die Herstellung von Kleinserien und Kollektionen an. Viele Unternehmen vermeiden diese Art der Produktion aufgrund ihres [&hellip;]<\/p>\n","protected":false},"author":1,"featured_media":0,"parent":0,"menu_order":0,"comment_status":"closed","ping_status":"closed","template":"tpl-default-elementor.php","meta":{"footnotes":""},"class_list":["post-2938","page","type-page","status-publish","hentry"],"_links":{"self":[{"href":"https:\/\/www.vipo.com.pl\/de\/index.php\/wp-json\/wp\/v2\/pages\/2938","targetHints":{"allow":["GET"]}}],"collection":[{"href":"https:\/\/www.vipo.com.pl\/de\/index.php\/wp-json\/wp\/v2\/pages"}],"about":[{"href":"https:\/\/www.vipo.com.pl\/de\/index.php\/wp-json\/wp\/v2\/types\/page"}],"author":[{"embeddable":true,"href":"https:\/\/www.vipo.com.pl\/de\/index.php\/wp-json\/wp\/v2\/users\/1"}],"replies":[{"embeddable":true,"href":"https:\/\/www.vipo.com.pl\/de\/index.php\/wp-json\/wp\/v2\/comments?post=2938"}],"version-history":[{"count":1,"href":"https:\/\/www.vipo.com.pl\/de\/index.php\/wp-json\/wp\/v2\/pages\/2938\/revisions"}],"predecessor-version":[{"id":2939,"href":"https:\/\/www.vipo.com.pl\/de\/index.php\/wp-json\/wp\/v2\/pages\/2938\/revisions\/2939"}],"wp:attachment":[{"href":"https:\/\/www.vipo.com.pl\/de\/index.php\/wp-json\/wp\/v2\/media?parent=2938"}],"curies":[{"name":"wp","href":"https:\/\/api.w.org\/{rel}","templated":true}]}}