{"id":2940,"date":"2025-07-22T16:28:39","date_gmt":"2025-07-22T14:28:39","guid":{"rendered":"https:\/\/www.vipo.com.pl\/index.php\/technologien\/"},"modified":"2025-10-31T12:07:13","modified_gmt":"2025-10-31T11:07:13","slug":"technologien","status":"publish","type":"page","link":"https:\/\/www.vipo.com.pl\/de\/index.php\/technologien\/","title":{"rendered":"Technologien"},"content":{"rendered":"\t\t<div data-elementor-type=\"wp-page\" data-elementor-id=\"2940\" class=\"elementor elementor-2940 elementor-1482\" data-elementor-post-type=\"page\">\n\t\t\t\t\t\t<section class=\"elementor-section elementor-top-section elementor-element elementor-element-f3bc78c elementor-section-full_width elementor-section-height-default elementor-section-height-default\" data-id=\"f3bc78c\" data-element_type=\"section\">\n\t\t\t\t\t\t<div class=\"elementor-container elementor-column-gap-default\">\n\t\t\t\t\t<div class=\"elementor-column elementor-col-100 elementor-top-column elementor-element elementor-element-2be3e0c\" data-id=\"2be3e0c\" data-element_type=\"column\">\n\t\t\t<div class=\"elementor-widget-wrap elementor-element-populated\">\n\t\t\t\t\t\t<div class=\"elementor-element elementor-element-6493bb7 elementor-widget elementor-widget-tayler_about\" data-id=\"6493bb7\" data-element_type=\"widget\" data-widget_type=\"tayler_about.default\">\n\t\t\t\t<div class=\"elementor-widget-container\">\n\t\t\t\t\t      \n    <!-- introduction-section two -->\n    <section class=\"introduction-section-two\">\n        <div class=\"auto-container\">        \n            <div class=\"row\">            \n                <div class=\"col-lg-6\">                \n                                        <div class=\"sec-title-box wow fadeInUp\" data-wow-delay=\"0ms\" data-wow-duration=\"1500ms\">                    \n                                                <div class=\"sec-title-dec\"><img decoding=\"async\" src=\"https:\/\/www.vipo.com.pl\/wp-content\/themes\/tayler\/assets\/images\/shape\/shape-1.png\" alt=\"Awesome Image\"><\/div>\n                        <div class=\"sub-title\">Unsere Technologien<\/div>  \n                                              \n                        <h2 class=\"sec-title mb-35\">Technologien<\/h2> \n                    <\/div>\n                                                            <div class=\"progress-levels mb-30\">                    \n                    \t                    \n                        <!--Skill Box-->\n                        <div class=\"progress-box wow fadeIn\" data-wow-delay=\"100ms\" data-wow-duration=\"1500ms\">                        \n                            <h5><\/h5>                            \n                            <div class=\"inner\">\n                                <div class=\"bar\">                                \n                                    <div class=\"bar-innner\"><div class=\"bar-fill\" data-percent=\"\"><div class=\"percent\"><\/div><\/div><\/div>\n                                <\/div>\n                            <\/div>\n                        <\/div>                        \n                     \t                     \n                    <\/div>                    \n                    <div class=\"row align-items-center\">                    \n                                                <div class=\"col-md-6\">                        \n                            <div class=\"introduction-block-two_author-wrapper wow fadeInUp\" data-wow-delay=\"0ms\" data-wow-duration=\"1500ms\">\n                                                                                            <\/div>\n                        <\/div>\n                    <\/div>\n                <\/div>                \n                            <\/div>  \n        <\/div>\n    <\/section>\n\t\n\t\t\t\t\t<\/div>\n\t\t\t\t<\/div>\n\t\t<div class=\"elementor-element elementor-element-a353270 e-flex e-con-boxed e-con e-parent\" data-id=\"a353270\" data-element_type=\"container\">\n\t\t\t\t\t<div class=\"e-con-inner\">\n\t\t\t\t<div class=\"elementor-element elementor-element-2c56252 elementor-widget elementor-widget-text-editor\" data-id=\"2c56252\" data-element_type=\"widget\" data-widget_type=\"text-editor.default\">\n\t\t\t\t<div class=\"elementor-widget-container\">\n\t\t\t\t\t\t\t\t\t<p>Durch die Kombination der \u00fcber zwanzigj\u00e4hrigen Erfahrung unserer Mitarbeiter mit modernsten Maschinen schaffen wir ein einzigartiges Produkt, das h\u00f6chsten Anspr\u00fcchen gerecht wird. Wir sind eines der wenigen Unternehmen weltweit, das parallel mit zwei Technologiesystemen arbeitet: GERBER und LECTRA, die zur Vorbereitung von Schnittmustern und zum Zuschneiden von Kleidung dienen. Wir glauben an kontinuierliche Verbesserung und Entwicklung, deshalb investiert unser Unternehmen st\u00e4ndig in die neuesten Technologien. In der Zuschneiderei verf\u00fcgen wir \u00fcber eine innovative technologische Linie, die die Schnittzeit erheblich verk\u00fcrzt und eine optimale Nutzung von Stoffen und Futterstoffen beim Zuschnitt erm\u00f6glicht. <br>Wir verf\u00fcgen \u00fcber einen leistungsf\u00e4higen und modernen Maschinenpark, der auf Spezialn\u00e4hmaschinen und Overlockmaschinen der besten Hersteller wie Brother, Adler, Juki, Pfaff, Indupress und Meyer basiert. Wir verf\u00fcgen auch \u00fcber eine spezielle Maschine zum Sticken und Anbringen von Monogrammen. <br>Mit unseren Maschinen und unserem qualifizierten Personal k\u00f6nnen wir t\u00e4glich ca. 300 St\u00fcck hochwertiger Kleidung produzieren. Unsere Mitarbeiter verf\u00fcgen \u00fcber langj\u00e4hrige Erfahrung in der Schneiderkunst, wodurch wir st\u00e4ndig nach der perfekten Ausf\u00fchrung jedes Produkts streben. <br>Das Ziel unseres Unternehmens ist es, unseren Kunden einen optimalen Service zu bieten, der weit \u00fcber den eigentlichen Konfektionsprozess hinausgeht, obwohl dieser die Hauptt\u00e4tigkeit unseres Unternehmens bleibt.       <\/p><p>Unsere Produkte lassen sich in drei Hauptgruppen unterteilen:<br>&#8211; Ma\u00dfanfertigungen<br>&#8211; Serienfertigung<br>&#8211; Unternehmensbekleidung (Unternehmens- und Firmenbekleidung)<\/p><p>Wir bieten Produkte an, die mit der Thermoklebetechnik und der halbtraditionellen Technik unter Verwendung von optimal ausgew\u00e4hlten Zusatzstoffen je nach Kundenwunsch gen\u00e4ht werden. Seit vielen Jahren sind wir auf das N\u00e4hen von Full-Canvas-Kleidung spezialisiert. Wir fertigen handgen\u00e4hte Knopfl\u00f6cher mit Seidenf\u00e4den.  <\/p><p>Unser Kundenservice, der Ihnen in Polnisch, Englisch, Franz\u00f6sisch und Deutsch zur Verf\u00fcgung steht, ist jederzeit f\u00fcr Sie da, um alle Ihre Fragen zu beantworten.  <\/p><p>Unsere Kunden k\u00f6nnen sich auch in folgenden Bereichen auf uns verlassen:<br>a) Unterst\u00fctzung bei der Auswahl des passenden Modells, Stoffes und der Accessoires<br>b) Unterst\u00fctzung bei der Erstellung von Schnittmustern<br>c) Unterst\u00fctzung beim Kauf von Bekleidungsaccessoires (auch mit Kundenlogo)<br>d) Unterst\u00fctzung bei der Zollabfertigung<br>e) M\u00f6glichkeit der Lagerung von Stoffen in unserem Lager und der \u00dcberpr\u00fcfung des aktuellen Bestands der uns anvertrauten Stoffe<br>f) Unterst\u00fctzung bei der Organisation des Inlands- und Auslandsverkehrs, sowohl \u00fcber Kurierdienste zu sehr g\u00fcnstigen Tarifen als auch durch die M\u00f6glichkeit, den Transport mit Spezialfahrzeugen (spezielle Fahrzeuge, die f\u00fcr den Transport von h\u00e4ngender Kleidung ausger\u00fcstet sind).<\/p>\t\t\t\t\t\t\t\t<\/div>\n\t\t\t\t<\/div>\n\t\t\t\t\t<\/div>\n\t\t\t\t<\/div>\n\t\t\t\t\t<\/div>\n\t\t<\/div>\n\t\t\t\t\t<\/div>\n\t\t<\/section>\n\t\t\t\t<section class=\"elementor-section elementor-top-section elementor-element elementor-element-38b6bce elementor-section-full_width elementor-section-height-default elementor-section-height-default\" data-id=\"38b6bce\" data-element_type=\"section\">\n\t\t\t\t\t\t<div class=\"elementor-container elementor-column-gap-default\">\n\t\t\t\t\t<div class=\"elementor-column elementor-col-100 elementor-top-column elementor-element elementor-element-79cc990\" data-id=\"79cc990\" data-element_type=\"column\">\n\t\t\t<div class=\"elementor-widget-wrap elementor-element-populated\">\n\t\t\t\t\t\t<div class=\"elementor-element elementor-element-201a7cc elementor-widget elementor-widget-tayler_about\" data-id=\"201a7cc\" data-element_type=\"widget\" data-widget_type=\"tayler_about.default\">\n\t\t\t\t<div class=\"elementor-widget-container\">\n\t\t\t\t\t      \n    <!-- introduction-section two -->\n    <section class=\"introduction-section-two\">\n        <div class=\"auto-container\">        \n            <div class=\"row\">            \n                <div class=\"col-lg-6\">                \n                                                            <div class=\"progress-levels mb-30\">                    \n                    \t                    \n                        <!--Skill Box-->\n                        <div class=\"progress-box wow fadeIn\" data-wow-delay=\"100ms\" data-wow-duration=\"1500ms\">                        \n                            <h5><\/h5>                            \n                            <div class=\"inner\">\n                                <div class=\"bar\">                                \n                                    <div class=\"bar-innner\"><div class=\"bar-fill\" data-percent=\"\"><div class=\"percent\"><\/div><\/div><\/div>\n                                <\/div>\n                            <\/div>\n                        <\/div>                        \n                     \t                     \n                    <\/div>                    \n                    <div class=\"row align-items-center\">                    \n                                                <div class=\"col-md-6\">                        \n                            <div class=\"introduction-block-two_author-wrapper wow fadeInUp\" data-wow-delay=\"0ms\" data-wow-duration=\"1500ms\">\n                                                                                            <\/div>\n                        <\/div>\n                    <\/div>\n                <\/div>                \n                            <\/div>  \n        <\/div>\n    <\/section>\n\t\n\t\t\t\t\t<\/div>\n\t\t\t\t<\/div>\n\t\t\t\t\t<\/div>\n\t\t<\/div>\n\t\t\t\t\t<\/div>\n\t\t<\/section>\n\t\t\t\t<\/div>\n\t\t","protected":false},"excerpt":{"rendered":"<p>Unsere Technologien Technologien Durch die Kombination der \u00fcber zwanzigj\u00e4hrigen Erfahrung unserer Mitarbeiter mit modernsten Maschinen schaffen wir ein einzigartiges Produkt, das h\u00f6chsten Anspr\u00fcchen gerecht wird. Wir sind eines der wenigen Unternehmen weltweit, das parallel mit zwei Technologiesystemen arbeitet: GERBER und LECTRA, die zur Vorbereitung von Schnittmustern und zum Zuschneiden von Kleidung dienen. Wir glauben an [&hellip;]<\/p>\n","protected":false},"author":1,"featured_media":0,"parent":0,"menu_order":0,"comment_status":"closed","ping_status":"closed","template":"tpl-default-elementor.php","meta":{"footnotes":""},"class_list":["post-2940","page","type-page","status-publish","hentry"],"_links":{"self":[{"href":"https:\/\/www.vipo.com.pl\/de\/index.php\/wp-json\/wp\/v2\/pages\/2940","targetHints":{"allow":["GET"]}}],"collection":[{"href":"https:\/\/www.vipo.com.pl\/de\/index.php\/wp-json\/wp\/v2\/pages"}],"about":[{"href":"https:\/\/www.vipo.com.pl\/de\/index.php\/wp-json\/wp\/v2\/types\/page"}],"author":[{"embeddable":true,"href":"https:\/\/www.vipo.com.pl\/de\/index.php\/wp-json\/wp\/v2\/users\/1"}],"replies":[{"embeddable":true,"href":"https:\/\/www.vipo.com.pl\/de\/index.php\/wp-json\/wp\/v2\/comments?post=2940"}],"version-history":[{"count":1,"href":"https:\/\/www.vipo.com.pl\/de\/index.php\/wp-json\/wp\/v2\/pages\/2940\/revisions"}],"predecessor-version":[{"id":2941,"href":"https:\/\/www.vipo.com.pl\/de\/index.php\/wp-json\/wp\/v2\/pages\/2940\/revisions\/2941"}],"wp:attachment":[{"href":"https:\/\/www.vipo.com.pl\/de\/index.php\/wp-json\/wp\/v2\/media?parent=2940"}],"curies":[{"name":"wp","href":"https:\/\/api.w.org\/{rel}","templated":true}]}}