{"id":2954,"date":"2025-09-03T17:25:04","date_gmt":"2025-09-03T15:25:04","guid":{"rendered":"https:\/\/www.vipo.com.pl\/index.php\/geschichte\/"},"modified":"2025-11-04T12:06:46","modified_gmt":"2025-11-04T11:06:46","slug":"geschichte","status":"publish","type":"page","link":"https:\/\/www.vipo.com.pl\/de\/index.php\/geschichte\/","title":{"rendered":"Geschichte"},"content":{"rendered":"\t\t<div data-elementor-type=\"wp-page\" data-elementor-id=\"2954\" class=\"elementor elementor-2954 elementor-2108\" data-elementor-post-type=\"page\">\n\t\t\t\t\t\t<section class=\"elementor-section elementor-top-section elementor-element elementor-element-38b6bce elementor-section-full_width elementor-section-height-default elementor-section-height-default\" data-id=\"38b6bce\" data-element_type=\"section\">\n\t\t\t\t\t\t<div class=\"elementor-container elementor-column-gap-default\">\n\t\t\t\t\t<div class=\"elementor-column elementor-col-100 elementor-top-column elementor-element elementor-element-79cc990\" data-id=\"79cc990\" data-element_type=\"column\">\n\t\t\t<div class=\"elementor-widget-wrap elementor-element-populated\">\n\t\t\t\t\t\t<div class=\"elementor-element elementor-element-201a7cc elementor-widget elementor-widget-tayler_about\" data-id=\"201a7cc\" data-element_type=\"widget\" data-widget_type=\"tayler_about.default\">\n\t\t\t\t<div class=\"elementor-widget-container\">\n\t\t\t\t\t      \n    <!-- introduction-section two -->\n    <section class=\"introduction-section-two\">\n        <div class=\"auto-container\">        \n            <div class=\"row\">            \n                <div class=\"col-lg-6\">                \n                                                            <div class=\"progress-levels mb-30\">                    \n                    \t                    \n                        <!--Skill Box-->\n                        <div class=\"progress-box wow fadeIn\" data-wow-delay=\"100ms\" data-wow-duration=\"1500ms\">                        \n                            <h5><\/h5>                            \n                            <div class=\"inner\">\n                                <div class=\"bar\">                                \n                                    <div class=\"bar-innner\"><div class=\"bar-fill\" data-percent=\"\"><div class=\"percent\"><\/div><\/div><\/div>\n                                <\/div>\n                            <\/div>\n                        <\/div>                        \n                     \t                     \n                    <\/div>                    \n                    <div class=\"row align-items-center\">                    \n                                                <div class=\"col-md-6\">                        \n                            <div class=\"introduction-block-two_author-wrapper wow fadeInUp\" data-wow-delay=\"0ms\" data-wow-duration=\"1500ms\">\n                                                                                            <\/div>\n                        <\/div>\n                    <\/div>\n                <\/div>                \n                            <\/div>  \n        <\/div>\n    <\/section>\n\t\n\t\t\t\t\t<\/div>\n\t\t\t\t<\/div>\n\t\t\t\t\t<\/div>\n\t\t<\/div>\n\t\t\t\t\t<\/div>\n\t\t<\/section>\n\t\t\t\t<section class=\"elementor-section elementor-top-section elementor-element elementor-element-9c05cd9 elementor-section-full_width elementor-section-height-default elementor-section-height-default\" data-id=\"9c05cd9\" data-element_type=\"section\">\n\t\t\t\t\t\t<div class=\"elementor-container elementor-column-gap-default\">\n\t\t\t\t\t<div class=\"elementor-column elementor-col-100 elementor-top-column elementor-element elementor-element-c9956d4\" data-id=\"c9956d4\" data-element_type=\"column\">\n\t\t\t<div class=\"elementor-widget-wrap elementor-element-populated\">\n\t\t\t\t\t\t<div class=\"elementor-element elementor-element-d0b41d3 elementor-widget elementor-widget-tayler_our_introduction\" data-id=\"d0b41d3\" data-element_type=\"widget\" data-widget_type=\"tayler_our_introduction.default\">\n\t\t\t\t<div class=\"elementor-widget-container\">\n\t\t\t\t\t\n    <!-- Introduction -->\n    <section class=\"introduction-section\">\n        <div class=\"auto-container\">\n            <div class=\"row\">            \n                <div class=\"col-lg-6\">                \n                    <div class=\"introduction-block_image\">                    \n                                                <div class=\"img_hover_3\">                        \n                            <img decoding=\"async\" src=\"https:\/\/www.vipo.com.pl\/wp-content\/uploads\/2025\/09\/history-mixt.png\" alt=\"Awesome Image\">\n                        <\/div>\n                                                                    <\/div>\n                <\/div>                \n                <div class=\"col-lg-6\">                \n                    <div class=\"introduction-block\">                    \n                                                <div class=\"sec-title-dec\"><img decoding=\"async\" src=\"https:\/\/www.vipo.com.pl\/wp-content\/themes\/tayler\/assets\/images\/shape\/shape-1.png\" alt=\"Awesome Image\"><\/div>\n                        <div class=\"sub-title\">Unsere Geschichte: von Ruinen zur Renaissance <\/div>\n\t\t\t\t\t\t                        \n\t\t\t\t\t\t<div class=\"sec-title\">Geschichte<\/div>                        <div class=\"introduction-block_text\">Von den Ruinen zur Renaissance. Als die Fabrik Vistula in \u0141a\u0144cut geschlossen wurde, erwartete niemand eine Rettung. Seit Jahrzehnten wurden hier hochwertige Kleidungsst\u00fccke hergestellt, aber die Welt ver\u00e4nderte sich und die Anzahl von Auftr\u00e4gen wurde immer kleiner. Es blieben 300 Menschen mit einer Leidenschaft f\u00fcr das Schneiderhandwerk \u2013 und ohne Arbeit. Dann tauchte Micha\u0142 Ci\u0105pa\u0142a auf... Ein Unternehmer, der zwar nichts vom N\u00e4hen verstand, hatte aber ewas Anderes: Intuition und Vertrauen in Menschen. Er h\u00f6rte zu. Er glaubte daran, was er macht. Er investierte \u2013 und es war keine blo\u00dfe Investition in Immobilien, sondern auch in Menschen, die er hier gefunden hatte: Schneiderinnen, Konstrukteure, N\u00e4henstechniker und Presser. Da er keine fertigen L\u00f6sungen kannte, lernte er von den Menschen und mit den Menschen zusammen \u2013 um nicht nur die Unternehmensstrukturen aufzubauen, sondern auch Vertrauen, Energie und Sinn f\u00fcr Handwerk. Es gab keine spektakul\u00e4ren Durchbr\u00fcche, sondern eine t\u00e4gliche Arbeit- die Fabrik wurde von Grund auf neu aufgebaut \u2013 wurde zum Unternehmen des neuen Formats gestaltet, wo sich die traditionelle Schneiderei mit moderner Ma\u00dfanfertigung trifft. Heute pulsiert in den Hallen wieder das Leben \u2013 aber auf eine ganz andere Art und Weise als je zuvor: Vipo wurde zu einem modernen Hersteller von Ma\u00dfbekleidung, wo die Erfahrung von Schneidern mit der Technologie und Digitalisierung verbunden wird. Anstelle von gro\u00dfen Serien fertigen wir ma\u00dfgeschneiderte Anz\u00fcge f\u00fcr die hochwertigsten Marken. Wir betreuen Kunden aus Deutschland, Frankreich, D\u00e4nemark und anderen europ\u00e4ischen Staaten \u2013 sie sch\u00e4tzen unsere Qualit\u00e4t, Flexibilit\u00e4t und unseren partnerschaftlichen Ansatz. Heute w\u00e4chst Vipo gemeinsam mit Unternehmen, die nicht konventionell denken.                 <\/div>                        \n\t\t\t\t\t\t                                                \n                        <div class=\"row\">                        \n                            \t\t                        \n\t\t                        \n                        <\/div>\n                    <\/div>\n                <\/div>\n            <\/div>        \n        <\/div>\n    <\/section>\n    \n\t\t\t\t\t<\/div>\n\t\t\t\t<\/div>\n\t\t\t\t\t<\/div>\n\t\t<\/div>\n\t\t\t\t\t<\/div>\n\t\t<\/section>\n\t\t\t\t<\/div>\n\t\t","protected":false},"excerpt":{"rendered":"<p>Unsere Geschichte: von Ruinen zur Renaissance Geschichte Von den Ruinen zur Renaissance. Als die Fabrik Vistula in \u0141a\u0144cut geschlossen wurde, erwartete niemand eine Rettung. Seit Jahrzehnten wurden hier hochwertige Kleidungsst\u00fccke hergestellt, aber die Welt ver\u00e4nderte sich und die Anzahl von Auftr\u00e4gen wurde immer kleiner. Es blieben 300 Menschen mit einer Leidenschaft f\u00fcr das Schneiderhandwerk \u2013 [&hellip;]<\/p>\n","protected":false},"author":1,"featured_media":0,"parent":0,"menu_order":0,"comment_status":"closed","ping_status":"closed","template":"tpl-default-elementor.php","meta":{"footnotes":""},"class_list":["post-2954","page","type-page","status-publish","hentry"],"_links":{"self":[{"href":"https:\/\/www.vipo.com.pl\/de\/index.php\/wp-json\/wp\/v2\/pages\/2954","targetHints":{"allow":["GET"]}}],"collection":[{"href":"https:\/\/www.vipo.com.pl\/de\/index.php\/wp-json\/wp\/v2\/pages"}],"about":[{"href":"https:\/\/www.vipo.com.pl\/de\/index.php\/wp-json\/wp\/v2\/types\/page"}],"author":[{"embeddable":true,"href":"https:\/\/www.vipo.com.pl\/de\/index.php\/wp-json\/wp\/v2\/users\/1"}],"replies":[{"embeddable":true,"href":"https:\/\/www.vipo.com.pl\/de\/index.php\/wp-json\/wp\/v2\/comments?post=2954"}],"version-history":[{"count":3,"href":"https:\/\/www.vipo.com.pl\/de\/index.php\/wp-json\/wp\/v2\/pages\/2954\/revisions"}],"predecessor-version":[{"id":3114,"href":"https:\/\/www.vipo.com.pl\/de\/index.php\/wp-json\/wp\/v2\/pages\/2954\/revisions\/3114"}],"wp:attachment":[{"href":"https:\/\/www.vipo.com.pl\/de\/index.php\/wp-json\/wp\/v2\/media?parent=2954"}],"curies":[{"name":"wp","href":"https:\/\/api.w.org\/{rel}","templated":true}]}}