{"id":2963,"date":"2025-07-22T13:39:21","date_gmt":"2025-07-22T11:39:21","guid":{"rendered":"https:\/\/www.vipo.com.pl\/index.php\/uber-uns\/"},"modified":"2025-11-04T13:04:34","modified_gmt":"2025-11-04T12:04:34","slug":"uber-uns","status":"publish","type":"page","link":"https:\/\/www.vipo.com.pl\/de\/index.php\/uber-uns\/","title":{"rendered":"\u00dcber uns"},"content":{"rendered":"\t\t<div data-elementor-type=\"wp-page\" data-elementor-id=\"2963\" class=\"elementor elementor-2963 elementor-1357\" data-elementor-post-type=\"page\">\n\t\t\t\t\t\t<section class=\"elementor-section elementor-top-section elementor-element elementor-element-f3bc78c elementor-section-full_width elementor-section-height-default elementor-section-height-default\" data-id=\"f3bc78c\" data-element_type=\"section\">\n\t\t\t\t\t\t<div class=\"elementor-container elementor-column-gap-default\">\n\t\t\t\t\t<div class=\"elementor-column elementor-col-100 elementor-top-column elementor-element elementor-element-2be3e0c\" data-id=\"2be3e0c\" data-element_type=\"column\">\n\t\t\t<div class=\"elementor-widget-wrap elementor-element-populated\">\n\t\t\t\t\t\t<div class=\"elementor-element elementor-element-6493bb7 elementor-widget elementor-widget-tayler_about\" data-id=\"6493bb7\" data-element_type=\"widget\" data-widget_type=\"tayler_about.default\">\n\t\t\t\t<div class=\"elementor-widget-container\">\n\t\t\t\t\t      \n    <!-- introduction-section two -->\n    <section class=\"introduction-section-two\">\n        <div class=\"auto-container\">        \n            <div class=\"row\">            \n                <div class=\"col-lg-6\">                \n                                        <div class=\"sec-title-box wow fadeInUp\" data-wow-delay=\"0ms\" data-wow-duration=\"1500ms\">                    \n                                                <div class=\"sec-title-dec\"><img decoding=\"async\" src=\"https:\/\/www.vipo.com.pl\/wp-content\/themes\/tayler\/assets\/images\/shape\/shape-1.png\" alt=\"Awesome Image\"><\/div>\n                        <div class=\"sub-title\">\u00dcber uns<\/div>  \n                                              \n                        <h2 class=\"sec-title mb-35\">\u00dcber uns<\/h2> \n                    <\/div>\n                                                            <div class=\"progress-levels mb-30\">                    \n                    \t                    \n                        <!--Skill Box-->\n                        <div class=\"progress-box wow fadeIn\" data-wow-delay=\"100ms\" data-wow-duration=\"1500ms\">                        \n                            <h5><\/h5>                            \n                            <div class=\"inner\">\n                                <div class=\"bar\">                                \n                                    <div class=\"bar-innner\"><div class=\"bar-fill\" data-percent=\"\"><div class=\"percent\"><\/div><\/div><\/div>\n                                <\/div>\n                            <\/div>\n                        <\/div>                        \n                     \t                     \n                    <\/div>                    \n                    <div class=\"row align-items-center\">                    \n                                                <div class=\"col-md-6\">                        \n                            <div class=\"introduction-block-two_author-wrapper wow fadeInUp\" data-wow-delay=\"0ms\" data-wow-duration=\"1500ms\">\n                                                                                            <\/div>\n                        <\/div>\n                    <\/div>\n                <\/div>                \n                            <\/div>  \n        <\/div>\n    <\/section>\n\t\n\t\t\t\t\t<\/div>\n\t\t\t\t<\/div>\n\t\t<div class=\"elementor-element elementor-element-a353270 e-flex e-con-boxed e-con e-parent\" data-id=\"a353270\" data-element_type=\"container\">\n\t\t\t\t\t<div class=\"e-con-inner\">\n\t\t\t\t<div class=\"elementor-element elementor-element-2c56252 elementor-widget elementor-widget-text-editor\" data-id=\"2c56252\" data-element_type=\"widget\" data-widget_type=\"text-editor.default\">\n\t\t\t\t<div class=\"elementor-widget-container\">\n\t\t\t\t\t\t\t\t\t<span>Wir sind eine polnische Fabrik, die sich in Ma\u00dfbekleidung und Semi-Bespoke-Schneiderei spezialisiert hat. Wir fertigen Bekleidung nach Ma\u00df auf der Grundlage der langj\u00e4hrigen Erfahrung unserer Schneider und Technologen an, unterst\u00fctzt durch innovative technologische Ressourcen und eine digitale B2B-Plattform\n<br><br>\nWir schaffen einen Raum, in dem die Marke, ihre Vision und ihr Stil der Ausgangspunkt sind \u2013 ohne Einschr\u00e4nkungen. Bei uns finden Sie keine vorgegebenen Vorlagen, \u201eMust-Use\u201d-Kataloge oder einschr\u00e4nkende Strukturen. Unsere Prozesse basieren auf einem umfassenden Verst\u00e4ndnis der \u00c4sthetik und DNA Ihrer Marke \u2013 darauf aufbauend entwickeln wir eine personalisierte Basis von Modellen und Konstruktionen. <br>Unser Team von Technologen und Konstrukteuren besteht nicht nur aus erfahrenen Schneidern, sondern auch aus Partnern im kreativen Prozess. Wir h\u00f6ren zu, beraten, testen und verfeinern \u2013 bis wir ein Ergebnis erzielen, das Ihre Vision zu 100 % widerspiegelt. Wir schr\u00e4nken unsere Kunden nicht ein, wir erm\u00f6glichen eine st\u00e4ndige Entwicklung.   <\/span>\t\t\t\t\t\t\t\t<\/div>\n\t\t\t\t<\/div>\n\t\t\t\t\t<\/div>\n\t\t\t\t<\/div>\n\t\t\t\t\t<\/div>\n\t\t<\/div>\n\t\t\t\t\t<\/div>\n\t\t<\/section>\n\t\t\t\t<section class=\"elementor-section elementor-top-section elementor-element elementor-element-38b6bce elementor-section-full_width elementor-section-height-default elementor-section-height-default\" data-id=\"38b6bce\" data-element_type=\"section\">\n\t\t\t\t\t\t<div class=\"elementor-container elementor-column-gap-default\">\n\t\t\t\t\t<div class=\"elementor-column elementor-col-100 elementor-top-column elementor-element elementor-element-7cdfb7b\" data-id=\"7cdfb7b\" data-element_type=\"column\">\n\t\t\t<div class=\"elementor-widget-wrap elementor-element-populated\">\n\t\t\t\t<div class=\"elementor-element elementor-element-9abca68 e-flex e-con-boxed e-con e-parent\" data-id=\"9abca68\" data-element_type=\"container\">\n\t\t\t\t\t<div class=\"e-con-inner\">\n\t\t\t\t\t<\/div>\n\t\t\t\t<\/div>\n\t\t\t\t\t<\/div>\n\t\t<\/div>\n\t\t\t\t\t<\/div>\n\t\t<\/section>\n\t\t<div class=\"elementor-element elementor-element-8bcfd34 e-flex e-con-boxed e-con e-parent\" data-id=\"8bcfd34\" data-element_type=\"container\">\n\t\t\t\t\t<div class=\"e-con-inner\">\n\t\t\t\t<div class=\"elementor-element elementor-element-6163653 elementor-widget elementor-widget-tayler_our_gallery\" data-id=\"6163653\" data-element_type=\"widget\" data-widget_type=\"tayler_our_gallery.default\">\n\t\t\t\t<div class=\"elementor-widget-container\">\n\t\t\t\t\t \n     <!-- Gallery -->\n    <section class=\"gallery-section\">\n        <div class=\"auto-continer\">\n            <div class=\"row row-3\">\n                                <div class=\"col-lg-3 col-md-6\">\n                    <div class=\"gallery-block gallery-overlay\">\n                        <div class=\"gallery-block_image\">\n                        \t<img fetchpriority=\"high\" decoding=\"async\" width=\"469\" height=\"508\" src=\"https:\/\/www.vipo.com.pl\/wp-content\/uploads\/2025\/08\/o-nas-2-469x508.png\" class=\"attachment-tayler_469x508 size-tayler_469x508 wp-post-image\" alt=\"\" srcset=\"https:\/\/www.vipo.com.pl\/wp-content\/uploads\/2025\/08\/o-nas-2-469x508.png 469w, https:\/\/www.vipo.com.pl\/wp-content\/uploads\/2025\/08\/o-nas-2-445x482.png 445w\" sizes=\"(max-width: 469px) 100vw, 469px\" \/>                        <\/div>                        \n                        <div class=\"overlay-box\">\n                            <div class=\"overlay-inner\">\n                                <div class=\"content\">                                \n                                    <a href=\"https:\/\/www.vipo.com.pl\/wp-content\/uploads\/2025\/08\/o-nas-2.webp\" class=\"img-popup link\" data-fancybox=\"gallery\"><span class=\"icon fal fa-plus\"><\/span><\/a>\n                                <\/div>\n                            <\/div>\n                        <\/div>\n                    <\/div>\n                <\/div>\n                                <div class=\"col-lg-3 col-md-6\">\n                    <div class=\"gallery-block gallery-overlay\">\n                        <div class=\"gallery-block_image\">\n                        \t<img decoding=\"async\" width=\"469\" height=\"508\" src=\"https:\/\/www.vipo.com.pl\/wp-content\/uploads\/2025\/08\/o-nas-1-469x508.webp\" class=\"attachment-tayler_469x508 size-tayler_469x508 wp-post-image\" alt=\"\" srcset=\"https:\/\/www.vipo.com.pl\/wp-content\/uploads\/2025\/08\/o-nas-1-469x508.webp 469w, https:\/\/www.vipo.com.pl\/wp-content\/uploads\/2025\/08\/o-nas-1-445x482.webp 445w\" sizes=\"(max-width: 469px) 100vw, 469px\" \/>                        <\/div>                        \n                        <div class=\"overlay-box\">\n                            <div class=\"overlay-inner\">\n                                <div class=\"content\">                                \n                                    <a href=\"https:\/\/www.vipo.com.pl\/wp-content\/uploads\/2025\/08\/o-nas-1.webp\" class=\"img-popup link\" data-fancybox=\"gallery\"><span class=\"icon fal fa-plus\"><\/span><\/a>\n                                <\/div>\n                            <\/div>\n                        <\/div>\n                    <\/div>\n                <\/div>\n                                <div class=\"col-lg-3 col-md-6\">\n                    <div class=\"gallery-block gallery-overlay\">\n                        <div class=\"gallery-block_image\">\n                        \t<img decoding=\"async\" width=\"469\" height=\"508\" src=\"https:\/\/www.vipo.com.pl\/wp-content\/uploads\/2025\/08\/o-nas-4-469x508.png\" class=\"attachment-tayler_469x508 size-tayler_469x508 wp-post-image\" alt=\"\" srcset=\"https:\/\/www.vipo.com.pl\/wp-content\/uploads\/2025\/08\/o-nas-4-469x508.png 469w, https:\/\/www.vipo.com.pl\/wp-content\/uploads\/2025\/08\/o-nas-4-445x482.png 445w\" sizes=\"(max-width: 469px) 100vw, 469px\" \/>                        <\/div>                        \n                        <div class=\"overlay-box\">\n                            <div class=\"overlay-inner\">\n                                <div class=\"content\">                                \n                                    <a href=\"https:\/\/www.vipo.com.pl\/wp-content\/uploads\/2025\/08\/o-nas-4.png\" class=\"img-popup link\" data-fancybox=\"gallery\"><span class=\"icon fal fa-plus\"><\/span><\/a>\n                                <\/div>\n                            <\/div>\n                        <\/div>\n                    <\/div>\n                <\/div>\n                                <div class=\"col-lg-3 col-md-6\">\n                    <div class=\"gallery-block gallery-overlay\">\n                        <div class=\"gallery-block_image\">\n                        \t<img loading=\"lazy\" decoding=\"async\" width=\"469\" height=\"508\" src=\"https:\/\/www.vipo.com.pl\/wp-content\/uploads\/2025\/08\/o-nas-3-469x508.png\" class=\"attachment-tayler_469x508 size-tayler_469x508 wp-post-image\" alt=\"\" srcset=\"https:\/\/www.vipo.com.pl\/wp-content\/uploads\/2025\/08\/o-nas-3-469x508.png 469w, https:\/\/www.vipo.com.pl\/wp-content\/uploads\/2025\/08\/o-nas-3-445x482.png 445w\" sizes=\"(max-width: 469px) 100vw, 469px\" \/>                        <\/div>                        \n                        <div class=\"overlay-box\">\n                            <div class=\"overlay-inner\">\n                                <div class=\"content\">                                \n                                    <a href=\"https:\/\/www.vipo.com.pl\/wp-content\/uploads\/2025\/08\/o-nas-3.png\" class=\"img-popup link\" data-fancybox=\"gallery\"><span class=\"icon fal fa-plus\"><\/span><\/a>\n                                <\/div>\n                            <\/div>\n                        <\/div>\n                    <\/div>\n                <\/div>\n                                 \n            <\/div>\n        <\/div>\n    <\/section>\n\t\n\t\t\t\t\t<\/div>\n\t\t\t\t<\/div>\n\t\t\t\t\t<\/div>\n\t\t\t\t<\/div>\n\t\t\t\t<section class=\"elementor-section elementor-top-section elementor-element elementor-element-1365fdb elementor-section-full_width elementor-section-height-default elementor-section-height-default\" data-id=\"1365fdb\" data-element_type=\"section\">\n\t\t\t\t\t\t<div class=\"elementor-container elementor-column-gap-default\">\n\t\t\t\t\t<div class=\"elementor-column elementor-col-100 elementor-top-column elementor-element elementor-element-77c4ed0\" data-id=\"77c4ed0\" data-element_type=\"column\">\n\t\t\t<div class=\"elementor-widget-wrap elementor-element-populated\">\n\t\t\t\t\t\t<div class=\"elementor-element elementor-element-ab70119 elementor-widget elementor-widget-tayler_about\" data-id=\"ab70119\" data-element_type=\"widget\" data-widget_type=\"tayler_about.default\">\n\t\t\t\t<div class=\"elementor-widget-container\">\n\t\t\t\t\t      \n    <!-- introduction-section two -->\n    <section class=\"introduction-section-two\">\n        <div class=\"auto-container\">        \n            <div class=\"row\">            \n                <div class=\"col-lg-6\">                \n                                                            <div class=\"progress-levels mb-30\">                    \n                    \t                    \n                        <!--Skill Box-->\n                        <div class=\"progress-box wow fadeIn\" data-wow-delay=\"100ms\" data-wow-duration=\"1500ms\">                        \n                            <h5><\/h5>                            \n                            <div class=\"inner\">\n                                <div class=\"bar\">                                \n                                    <div class=\"bar-innner\"><div class=\"bar-fill\" data-percent=\"\"><div class=\"percent\"><\/div><\/div><\/div>\n                                <\/div>\n                            <\/div>\n                        <\/div>                        \n                     \t                     \n                    <\/div>                    \n                    <div class=\"row align-items-center\">                    \n                                                <div class=\"col-md-6\">                        \n                            <div class=\"introduction-block-two_author-wrapper wow fadeInUp\" data-wow-delay=\"0ms\" data-wow-duration=\"1500ms\">\n                                                                                            <\/div>\n                        <\/div>\n                    <\/div>\n                <\/div>                \n                            <\/div>  \n        <\/div>\n    <\/section>\n\t\n\t\t\t\t\t<\/div>\n\t\t\t\t<\/div>\n\t\t<div class=\"elementor-element elementor-element-2e049de e-flex e-con-boxed e-con e-parent\" data-id=\"2e049de\" data-element_type=\"container\">\n\t\t\t\t\t<div class=\"e-con-inner\">\n\t\t\t\t<div class=\"elementor-element elementor-element-9387f4a elementor-icon-list--layout-traditional elementor-list-item-link-full_width elementor-widget elementor-widget-icon-list\" data-id=\"9387f4a\" data-element_type=\"widget\" data-widget_type=\"icon-list.default\">\n\t\t\t\t<div class=\"elementor-widget-container\">\n\t\t\t\t\t\t\t<ul class=\"elementor-icon-list-items\">\n\t\t\t\t\t\t\t<li class=\"elementor-icon-list-item\">\n\t\t\t\t\t\t\t\t\t\t\t<span class=\"elementor-icon-list-icon\">\n\t\t\t\t\t\t\t<svg aria-hidden=\"true\" class=\"e-font-icon-svg e-fas-check\" viewBox=\"0 0 512 512\" xmlns=\"http:\/\/www.w3.org\/2000\/svg\"><path d=\"M173.898 439.404l-166.4-166.4c-9.997-9.997-9.997-26.206 0-36.204l36.203-36.204c9.997-9.998 26.207-9.998 36.204 0L192 312.69 432.095 72.596c9.997-9.997 26.207-9.997 36.204 0l36.203 36.204c9.997 9.997 9.997 26.206 0 36.204l-294.4 294.401c-9.998 9.997-26.207 9.997-36.204-.001z\"><\/path><\/svg>\t\t\t\t\t\t<\/span>\n\t\t\t\t\t\t\t\t\t\t<span class=\"elementor-icon-list-text\">Wir passen das Design Ihrem Stil an \u2013 egal, ob es sich um den klassischen Savile Row, den weichen, leichten italienischen Stil oder den Pariser Minimalismus handelt.<\/span>\n\t\t\t\t\t\t\t\t\t<\/li>\n\t\t\t\t\t\t\t\t<li class=\"elementor-icon-list-item\">\n\t\t\t\t\t\t\t\t\t\t\t<span class=\"elementor-icon-list-icon\">\n\t\t\t\t\t\t\t<svg aria-hidden=\"true\" class=\"e-font-icon-svg e-fas-check\" viewBox=\"0 0 512 512\" xmlns=\"http:\/\/www.w3.org\/2000\/svg\"><path d=\"M173.898 439.404l-166.4-166.4c-9.997-9.997-9.997-26.206 0-36.204l36.203-36.204c9.997-9.998 26.207-9.998 36.204 0L192 312.69 432.095 72.596c9.997-9.997 26.207-9.997 36.204 0l36.203 36.204c9.997 9.997 9.997 26.206 0 36.204l-294.4 294.401c-9.998 9.997-26.207 9.997-36.204-.001z\"><\/path><\/svg>\t\t\t\t\t\t<\/span>\n\t\t\t\t\t\t\t\t\t\t<span class=\"elementor-icon-list-text\">Wir erstellen einzigartige Schablonen die nur Ihnen geh\u00f6ren, ohne uns auf unseren Lorbeeren auszuruhen und fertige Datenbanken zu nutzen<\/span>\n\t\t\t\t\t\t\t\t\t<\/li>\n\t\t\t\t\t\t\t\t<li class=\"elementor-icon-list-item\">\n\t\t\t\t\t\t\t\t\t\t\t<span class=\"elementor-icon-list-icon\">\n\t\t\t\t\t\t\t<svg aria-hidden=\"true\" class=\"e-font-icon-svg e-fas-check\" viewBox=\"0 0 512 512\" xmlns=\"http:\/\/www.w3.org\/2000\/svg\"><path d=\"M173.898 439.404l-166.4-166.4c-9.997-9.997-9.997-26.206 0-36.204l36.203-36.204c9.997-9.998 26.207-9.998 36.204 0L192 312.69 432.095 72.596c9.997-9.997 26.207-9.997 36.204 0l36.203 36.204c9.997 9.997 9.997 26.206 0 36.204l-294.4 294.401c-9.998 9.997-26.207 9.997-36.204-.001z\"><\/path><\/svg>\t\t\t\t\t\t<\/span>\n\t\t\t\t\t\t\t\t\t\t<span class=\"elementor-icon-list-text\">Wir k\u00fcmmern uns um die kleinsten Details, die die Identit\u00e4t Ihrer Marke ausmachen.<\/span>\n\t\t\t\t\t\t\t\t\t<\/li>\n\t\t\t\t\t\t\t\t<li class=\"elementor-icon-list-item\">\n\t\t\t\t\t\t\t\t\t\t\t<span class=\"elementor-icon-list-icon\">\n\t\t\t\t\t\t\t<svg aria-hidden=\"true\" class=\"e-font-icon-svg e-fas-check\" viewBox=\"0 0 512 512\" xmlns=\"http:\/\/www.w3.org\/2000\/svg\"><path d=\"M173.898 439.404l-166.4-166.4c-9.997-9.997-9.997-26.206 0-36.204l36.203-36.204c9.997-9.998 26.207-9.998 36.204 0L192 312.69 432.095 72.596c9.997-9.997 26.207-9.997 36.204 0l36.203 36.204c9.997 9.997 9.997 26.206 0 36.204l-294.4 294.401c-9.998 9.997-26.207 9.997-36.204-.001z\"><\/path><\/svg>\t\t\t\t\t\t<\/span>\n\t\t\t\t\t\t\t\t\t\t<span class=\"elementor-icon-list-text\">Wir bieten keine fertigen L\u00f6sungen an, wir passen sie immer an die wirklichen Bed\u00fcrfnisse unserer Kunden an<\/span>\n\t\t\t\t\t\t\t\t\t<\/li>\n\t\t\t\t\t\t<\/ul>\n\t\t\t\t\t\t<\/div>\n\t\t\t\t<\/div>\n\t\t\t\t\t<\/div>\n\t\t\t\t<\/div>\n\t\t\t\t<div class=\"elementor-element elementor-element-a0968a2 elementor-widget elementor-widget-tayler_about\" data-id=\"a0968a2\" data-element_type=\"widget\" data-widget_type=\"tayler_about.default\">\n\t\t\t\t<div class=\"elementor-widget-container\">\n\t\t\t\t\t      \n    <!-- introduction-section two -->\n    <section class=\"introduction-section-two\">\n        <div class=\"auto-container\">        \n            <div class=\"row\">            \n                <div class=\"col-lg-6\">                \n                                                            <div class=\"progress-levels mb-30\">                    \n                    \t                    \n                        <!--Skill Box-->\n                        <div class=\"progress-box wow fadeIn\" data-wow-delay=\"100ms\" data-wow-duration=\"1500ms\">                        \n                            <h5><\/h5>                            \n                            <div class=\"inner\">\n                                <div class=\"bar\">                                \n                                    <div class=\"bar-innner\"><div class=\"bar-fill\" data-percent=\"\"><div class=\"percent\"><\/div><\/div><\/div>\n                                <\/div>\n                            <\/div>\n                        <\/div>                        \n                     \t                     \n                    <\/div>                    \n                    <div class=\"row align-items-center\">                    \n                                                <div class=\"col-md-6\">                        \n                            <div class=\"introduction-block_contact-info\">                            \n                                <div class=\"introduction-block_phone-title\">Kontaktieren Sie uns gerne unter der Telefonnummer<\/div>                                <div class=\"introduction-block-phone\"><a href=\"tel:+48 17-225-0800\">+48 17-225-0800<\/a><\/div>                            <\/div>\n                        <\/div>                        \n                                                <div class=\"col-md-6\">                        \n                            <div class=\"introduction-block-two_author-wrapper wow fadeInUp\" data-wow-delay=\"0ms\" data-wow-duration=\"1500ms\">\n                                                                <div class=\"introduction-block-two_author-thumb\"><img decoding=\"async\" src=\"https:\/\/www.vipo.com.pl\/wp-content\/uploads\/2025\/07\/face-jg-small.webp\" alt=\"Awesome Image\"><\/div>\n                                                                                                <div class=\"introduction-block-two_signature\"><img decoding=\"async\" src=\"https:\/\/www.vipo.com.pl\/wp-content\/uploads\/2025\/07\/sign-jg.webp\" alt=\"Awesome Image\"><\/div>\n                                                            <\/div>\n                        <\/div>\n                    <\/div>\n                <\/div>                \n                            <\/div>  \n        <\/div>\n    <\/section>\n\t\n\t\t\t\t\t<\/div>\n\t\t\t\t<\/div>\n\t\t\t\t\t<\/div>\n\t\t<\/div>\n\t\t\t\t\t<\/div>\n\t\t<\/section>\n\t\t\t\t<\/div>\n\t\t","protected":false},"excerpt":{"rendered":"<p>\u00dcber uns \u00dcber uns Wir sind eine polnische Fabrik, die sich in Ma\u00dfbekleidung und Semi-Bespoke-Schneiderei spezialisiert hat. Wir fertigen Bekleidung nach Ma\u00df auf der Grundlage der langj\u00e4hrigen Erfahrung unserer Schneider und Technologen an, unterst\u00fctzt durch innovative technologische Ressourcen und eine digitale B2B-Plattform Wir schaffen einen Raum, in dem die Marke, ihre Vision und ihr Stil [&hellip;]<\/p>\n","protected":false},"author":1,"featured_media":0,"parent":0,"menu_order":0,"comment_status":"closed","ping_status":"closed","template":"tpl-default-elementor.php","meta":{"footnotes":""},"class_list":["post-2963","page","type-page","status-publish","hentry"],"_links":{"self":[{"href":"https:\/\/www.vipo.com.pl\/de\/index.php\/wp-json\/wp\/v2\/pages\/2963","targetHints":{"allow":["GET"]}}],"collection":[{"href":"https:\/\/www.vipo.com.pl\/de\/index.php\/wp-json\/wp\/v2\/pages"}],"about":[{"href":"https:\/\/www.vipo.com.pl\/de\/index.php\/wp-json\/wp\/v2\/types\/page"}],"author":[{"embeddable":true,"href":"https:\/\/www.vipo.com.pl\/de\/index.php\/wp-json\/wp\/v2\/users\/1"}],"replies":[{"embeddable":true,"href":"https:\/\/www.vipo.com.pl\/de\/index.php\/wp-json\/wp\/v2\/comments?post=2963"}],"version-history":[{"count":3,"href":"https:\/\/www.vipo.com.pl\/de\/index.php\/wp-json\/wp\/v2\/pages\/2963\/revisions"}],"predecessor-version":[{"id":3120,"href":"https:\/\/www.vipo.com.pl\/de\/index.php\/wp-json\/wp\/v2\/pages\/2963\/revisions\/3120"}],"wp:attachment":[{"href":"https:\/\/www.vipo.com.pl\/de\/index.php\/wp-json\/wp\/v2\/media?parent=2963"}],"curies":[{"name":"wp","href":"https:\/\/api.w.org\/{rel}","templated":true}]}}