{"id":2781,"date":"2025-09-03T17:25:04","date_gmt":"2025-09-03T15:25:04","guid":{"rendered":"https:\/\/www.vipo.com.pl\/index.php\/history\/"},"modified":"2025-10-31T09:30:27","modified_gmt":"2025-10-31T08:30:27","slug":"history","status":"publish","type":"page","link":"https:\/\/www.vipo.com.pl\/en\/index.php\/history\/","title":{"rendered":"History"},"content":{"rendered":"\t\t<div data-elementor-type=\"wp-page\" data-elementor-id=\"2781\" class=\"elementor elementor-2781 elementor-2108\" data-elementor-post-type=\"page\">\n\t\t\t\t\t\t<section class=\"elementor-section elementor-top-section elementor-element elementor-element-38b6bce elementor-section-full_width elementor-section-height-default elementor-section-height-default\" data-id=\"38b6bce\" data-element_type=\"section\">\n\t\t\t\t\t\t<div class=\"elementor-container elementor-column-gap-default\">\n\t\t\t\t\t<div class=\"elementor-column elementor-col-100 elementor-top-column elementor-element elementor-element-79cc990\" data-id=\"79cc990\" data-element_type=\"column\">\n\t\t\t<div class=\"elementor-widget-wrap elementor-element-populated\">\n\t\t\t\t\t\t<div class=\"elementor-element elementor-element-201a7cc elementor-widget elementor-widget-tayler_about\" data-id=\"201a7cc\" data-element_type=\"widget\" data-widget_type=\"tayler_about.default\">\n\t\t\t\t<div class=\"elementor-widget-container\">\n\t\t\t\t\t      \n    <!-- introduction-section two -->\n    <section class=\"introduction-section-two\">\n        <div class=\"auto-container\">        \n            <div class=\"row\">            \n                <div class=\"col-lg-6\">                \n                                                            <div class=\"progress-levels mb-30\">                    \n                    \t                    \n                        <!--Skill Box-->\n                        <div class=\"progress-box wow fadeIn\" data-wow-delay=\"100ms\" data-wow-duration=\"1500ms\">                        \n                            <h5><\/h5>                            \n                            <div class=\"inner\">\n                                <div class=\"bar\">                                \n                                    <div class=\"bar-innner\"><div class=\"bar-fill\" data-percent=\"\"><div class=\"percent\"><\/div><\/div><\/div>\n                                <\/div>\n                            <\/div>\n                        <\/div>                        \n                     \t                     \n                    <\/div>                    \n                    <div class=\"row align-items-center\">                    \n                                                <div class=\"col-md-6\">                        \n                            <div class=\"introduction-block-two_author-wrapper wow fadeInUp\" data-wow-delay=\"0ms\" data-wow-duration=\"1500ms\">\n                                                                                            <\/div>\n                        <\/div>\n                    <\/div>\n                <\/div>                \n                            <\/div>  \n        <\/div>\n    <\/section>\n\t\n\t\t\t\t\t<\/div>\n\t\t\t\t<\/div>\n\t\t\t\t\t<\/div>\n\t\t<\/div>\n\t\t\t\t\t<\/div>\n\t\t<\/section>\n\t\t\t\t<section class=\"elementor-section elementor-top-section elementor-element elementor-element-9c05cd9 elementor-section-full_width elementor-section-height-default elementor-section-height-default\" data-id=\"9c05cd9\" data-element_type=\"section\">\n\t\t\t\t\t\t<div class=\"elementor-container elementor-column-gap-default\">\n\t\t\t\t\t<div class=\"elementor-column elementor-col-100 elementor-top-column elementor-element elementor-element-c9956d4\" data-id=\"c9956d4\" data-element_type=\"column\">\n\t\t\t<div class=\"elementor-widget-wrap elementor-element-populated\">\n\t\t\t\t\t\t<div class=\"elementor-element elementor-element-d0b41d3 elementor-widget elementor-widget-tayler_our_introduction\" data-id=\"d0b41d3\" data-element_type=\"widget\" data-widget_type=\"tayler_our_introduction.default\">\n\t\t\t\t<div class=\"elementor-widget-container\">\n\t\t\t\t\t\n    <!-- Introduction -->\n    <section class=\"introduction-section\">\n        <div class=\"auto-container\">\n            <div class=\"row\">            \n                <div class=\"col-lg-6\">                \n                    <div class=\"introduction-block_image\">                    \n                                                <div class=\"img_hover_3\">                        \n                            <img decoding=\"async\" src=\"https:\/\/www.vipo.com.pl\/wp-content\/uploads\/2025\/09\/history-mixt.png\" alt=\"Awesome Image\">\n                        <\/div>\n                                                                    <\/div>\n                <\/div>                \n                <div class=\"col-lg-6\">                \n                    <div class=\"introduction-block\">                    \n                                                <div class=\"sec-title-dec\"><img decoding=\"async\" src=\"https:\/\/www.vipo.com.pl\/wp-content\/themes\/tayler\/assets\/images\/shape\/shape-1.png\" alt=\"Awesome Image\"><\/div>\n                        <div class=\"sub-title\">History <\/div>\n\t\t\t\t\t\t                        \n\t\t\t\t\t\t<div class=\"sec-title\">History<\/div>                        <div class=\"introduction-block_text\">From ruins to a renaissance. When the Vistula factory in \u0141a\u0144cut was closed in 2002 year no one expected salvation. For decades, high-quality clothing had been made here, but the world was changing, and orders were dwindling. Only 300 people with a passion for tailoring remained\u2014and without jobs. Then Micha\u0142 Ci\u0105pa\u0142a appeared. An entrepreneur who knew nothing about sewing, but he had something else: intuition and faith in people. He listened. He believed. He invested. This wasn't an investment in real estate. It was an investment in the people he found. There were no ready-made solutions; He learned with them and from them, rebuilding not only structures but also trust, energy, and a sense of purpose. There were no spectacular breakthroughs. There was daily work. They were building from scratch\u2014a new-format company where traditional tailoring meets modern MTM. Today, that same hall is bustling with activity\u2014but unlike the modern manufacturer MTM, which combines the expertise of tailors with the technology and digitalization demanded by brands. Instead of mass production, we create custom-made suits for the most demanding brands. We serve clients from Germany, France, Denmark, and across Europe who value quality, flexibility, and a collaborative approach. Today, we are growing alongside brands that think outside the box.                 <\/div>                        \n\t\t\t\t\t\t                                                \n                        <div class=\"row\">                        \n                            \t\t                        \n\t\t                        \n                        <\/div>\n                    <\/div>\n                <\/div>\n            <\/div>        \n        <\/div>\n    <\/section>\n    \n\t\t\t\t\t<\/div>\n\t\t\t\t<\/div>\n\t\t\t\t\t<\/div>\n\t\t<\/div>\n\t\t\t\t\t<\/div>\n\t\t<\/section>\n\t\t\t\t<\/div>\n\t\t","protected":false},"excerpt":{"rendered":"<p>History History From ruins to a renaissance. When the Vistula factory in \u0141a\u0144cut was closed in 2002 year no one expected salvation. For decades, high-quality clothing had been made here, but the world was changing, and orders were dwindling. Only 300 people with a passion for tailoring remained\u2014and without jobs. Then Micha\u0142 Ci\u0105pa\u0142a appeared. An [&hellip;]<\/p>\n","protected":false},"author":1,"featured_media":0,"parent":0,"menu_order":0,"comment_status":"closed","ping_status":"closed","template":"tpl-default-elementor.php","meta":{"footnotes":""},"class_list":["post-2781","page","type-page","status-publish","hentry"],"_links":{"self":[{"href":"https:\/\/www.vipo.com.pl\/en\/index.php\/wp-json\/wp\/v2\/pages\/2781","targetHints":{"allow":["GET"]}}],"collection":[{"href":"https:\/\/www.vipo.com.pl\/en\/index.php\/wp-json\/wp\/v2\/pages"}],"about":[{"href":"https:\/\/www.vipo.com.pl\/en\/index.php\/wp-json\/wp\/v2\/types\/page"}],"author":[{"embeddable":true,"href":"https:\/\/www.vipo.com.pl\/en\/index.php\/wp-json\/wp\/v2\/users\/1"}],"replies":[{"embeddable":true,"href":"https:\/\/www.vipo.com.pl\/en\/index.php\/wp-json\/wp\/v2\/comments?post=2781"}],"version-history":[{"count":9,"href":"https:\/\/www.vipo.com.pl\/en\/index.php\/wp-json\/wp\/v2\/pages\/2781\/revisions"}],"predecessor-version":[{"id":2899,"href":"https:\/\/www.vipo.com.pl\/en\/index.php\/wp-json\/wp\/v2\/pages\/2781\/revisions\/2899"}],"wp:attachment":[{"href":"https:\/\/www.vipo.com.pl\/en\/index.php\/wp-json\/wp\/v2\/media?parent=2781"}],"curies":[{"name":"wp","href":"https:\/\/api.w.org\/{rel}","templated":true}]}}