{"id":2988,"date":"2025-09-08T08:37:40","date_gmt":"2025-09-08T06:37:40","guid":{"rendered":"https:\/\/www.vipo.com.pl\/index.php\/b2b-2\/"},"modified":"2025-10-31T13:33:29","modified_gmt":"2025-10-31T12:33:29","slug":"b2b-2","status":"publish","type":"page","link":"https:\/\/www.vipo.com.pl\/fr\/index.php\/b2b-2\/","title":{"rendered":"B2B"},"content":{"rendered":"\t\t<div data-elementor-type=\"wp-page\" data-elementor-id=\"2988\" class=\"elementor elementor-2988 elementor-2276\" data-elementor-post-type=\"page\">\n\t\t\t\t\t\t<section class=\"elementor-section elementor-top-section elementor-element elementor-element-38b6bce elementor-section-full_width elementor-section-height-default elementor-section-height-default\" data-id=\"38b6bce\" data-element_type=\"section\">\n\t\t\t\t\t\t<div class=\"elementor-container elementor-column-gap-default\">\n\t\t\t\t\t<div class=\"elementor-column elementor-col-100 elementor-top-column elementor-element elementor-element-79cc990\" data-id=\"79cc990\" data-element_type=\"column\">\n\t\t\t<div class=\"elementor-widget-wrap elementor-element-populated\">\n\t\t\t\t\t\t<div class=\"elementor-element elementor-element-201a7cc elementor-widget elementor-widget-tayler_about\" data-id=\"201a7cc\" data-element_type=\"widget\" data-widget_type=\"tayler_about.default\">\n\t\t\t\t<div class=\"elementor-widget-container\">\n\t\t\t\t\t      \n    <!-- introduction-section two -->\n    <section class=\"introduction-section-two\">\n        <div class=\"auto-container\">        \n            <div class=\"row\">            \n                <div class=\"col-lg-6\">                \n                                                            <div class=\"progress-levels mb-30\">                    \n                    \t                    \n                        <!--Skill Box-->\n                        <div class=\"progress-box wow fadeIn\" data-wow-delay=\"100ms\" data-wow-duration=\"1500ms\">                        \n                            <h5><\/h5>                            \n                            <div class=\"inner\">\n                                <div class=\"bar\">                                \n                                    <div class=\"bar-innner\"><div class=\"bar-fill\" data-percent=\"\"><div class=\"percent\"><\/div><\/div><\/div>\n                                <\/div>\n                            <\/div>\n                        <\/div>                        \n                     \t                     \n                    <\/div>                    \n                    <div class=\"row align-items-center\">                    \n                                                <div class=\"col-md-6\">                        \n                            <div class=\"introduction-block-two_author-wrapper wow fadeInUp\" data-wow-delay=\"0ms\" data-wow-duration=\"1500ms\">\n                                                                                            <\/div>\n                        <\/div>\n                    <\/div>\n                <\/div>                \n                            <\/div>  \n        <\/div>\n    <\/section>\n\t\n\t\t\t\t\t<\/div>\n\t\t\t\t<\/div>\n\t\t\t\t\t<\/div>\n\t\t<\/div>\n\t\t\t\t\t<\/div>\n\t\t<\/section>\n\t\t\t\t<section class=\"elementor-section elementor-top-section elementor-element elementor-element-9c05cd9 elementor-section-full_width elementor-section-height-default elementor-section-height-default\" data-id=\"9c05cd9\" data-element_type=\"section\">\n\t\t\t\t\t\t<div class=\"elementor-container elementor-column-gap-default\">\n\t\t\t\t\t<div class=\"elementor-column elementor-col-100 elementor-top-column elementor-element elementor-element-c9956d4\" data-id=\"c9956d4\" data-element_type=\"column\">\n\t\t\t<div class=\"elementor-widget-wrap elementor-element-populated\">\n\t\t\t\t\t\t<div class=\"elementor-element elementor-element-d0b41d3 elementor-hidden-tablet elementor-hidden-mobile elementor-widget elementor-widget-tayler_our_introduction\" data-id=\"d0b41d3\" data-element_type=\"widget\" data-widget_type=\"tayler_our_introduction.default\">\n\t\t\t\t<div class=\"elementor-widget-container\">\n\t\t\t\t\t\n    <!-- Introduction -->\n    <section class=\"introduction-section\">\n        <div class=\"auto-container\">\n            <div class=\"row\">            \n                <div class=\"col-lg-6\">                \n                    <div class=\"introduction-block_image\">                    \n                                                <div class=\"img_hover_3\">                        \n                            <img decoding=\"async\" src=\"https:\/\/www.vipo.com.pl\/wp-content\/uploads\/2025\/09\/b2b-system.webp\" alt=\"Awesome Image\">\n                        <\/div>\n                                                                    <\/div>\n                <\/div>                \n                <div class=\"col-lg-6\">                \n                    <div class=\"introduction-block\">                    \n                                                <div class=\"sec-title-dec\"><img decoding=\"async\" src=\"https:\/\/www.vipo.com.pl\/wp-content\/themes\/tayler\/assets\/images\/shape\/shape-1.png\" alt=\"Awesome Image\"><\/div>\n                        <div class=\"sub-title\">B2B <\/div>\n\t\t\t\t\t\t                        \n\t\t\t\t\t\t<div class=\"sec-title\">B2B<\/div>                        <div class=\"introduction-block_text\">Automatisation et num\u00e9risation, mais avec l'\u00e2me de l'artisanat. Le B2B qui se d\u00e9veloppe avec nos clients, car nous savons qu'il n'existe pas de mod\u00e8le pr\u00eat \u00e0 l'emploi pour r\u00e9ussir. La certitude gr\u00e2ce \u00e0 des outils, pas \u00e0 des suppositions. Dans le travail avec MTM, chaque d\u00e9tail compte et la moindre correction peut avoir une incidence sur le r\u00e9sultat final. C'est pourquoi notre plateforme B2B a \u00e9t\u00e9 con\u00e7ue pour vous offrir une assistance technique compl\u00e8te, chaque variable \u00e9tant accompagn\u00e9e d'un support visuel.  \n\n<\/div>                        \n\t\t\t\t\t\t                         \n                        <ul class=\"introduction-block_list\">                        \n                        \t                        \t<li><i class=\"icon\"><img decoding=\"async\" src=\"https:\/\/www.vipo.com.pl\/wp-content\/themes\/tayler\/assets\/images\/shape\/shape-2.png\" alt=\"Awesome Image\"><\/i>Commandes MTM en ligne (syst\u00e8me int\u00e9gr\u00e9 de mesures et de personnalisation) <\/li>\n                        \t                        \t<li><i class=\"icon\"><img decoding=\"async\" src=\"https:\/\/www.vipo.com.pl\/wp-content\/themes\/tayler\/assets\/images\/shape\/shape-2.png\" alt=\"Awesome Image\"><\/i>Suivi de la production et de la logistique en temps r\u00e9el <\/li>\n                        \t                        \t<li><i class=\"icon\"><img decoding=\"async\" src=\"https:\/\/www.vipo.com.pl\/wp-content\/themes\/tayler\/assets\/images\/shape\/shape-2.png\" alt=\"Awesome Image\"><\/i>Acc\u00e8s au stock de tissus <\/li>\n                        \t                        \t<li><i class=\"icon\"><img decoding=\"async\" src=\"https:\/\/www.vipo.com.pl\/wp-content\/themes\/tayler\/assets\/images\/shape\/shape-2.png\" alt=\"Awesome Image\"><\/i>Assistance de technologues et de concepteurs dans la construction de votre marque <\/li>\n                        \t                        <\/ul>                            \n                                                                        \n                        <div class=\"row\">                        \n                            \t\t                        \n\t\t                                                        <div class=\"col-md-6\">\n                                    <div class=\"introduction-block_link-btn\">\n                                                                                <a href=\"https:\/\/suitfactory.eu\/Account\/Login\" target=\"_blank\" rel=\"nofollow\" class=\"theme-btn btn-style-one\">\n                                            Syst\u00e8me B2B                                        <\/a>\n                                    <\/div>\n                                <\/div>\n\t\t                        \n                        <\/div>\n                    <\/div>\n                <\/div>\n            <\/div>        \n        <\/div>\n    <\/section>\n    \n\t\t\t\t\t<\/div>\n\t\t\t\t<\/div>\n\t\t\t\t\t<\/div>\n\t\t<\/div>\n\t\t\t\t\t<\/div>\n\t\t<\/section>\n\t\t\t\t<\/div>\n\t\t","protected":false},"excerpt":{"rendered":"<p>B2B B2B Automatisation et num\u00e9risation, mais avec l&#8217;\u00e2me de l&#8217;artisanat. Le B2B qui se d\u00e9veloppe avec nos clients, car nous savons qu&#8217;il n&#8217;existe pas de mod\u00e8le pr\u00eat \u00e0 l&#8217;emploi pour r\u00e9ussir. La certitude gr\u00e2ce \u00e0 des outils, pas \u00e0 des suppositions. Dans le travail avec MTM, chaque d\u00e9tail compte et la moindre correction peut avoir [&hellip;]<\/p>\n","protected":false},"author":1,"featured_media":0,"parent":0,"menu_order":0,"comment_status":"closed","ping_status":"closed","template":"tpl-default-elementor.php","meta":{"footnotes":""},"class_list":["post-2988","page","type-page","status-publish","hentry"],"_links":{"self":[{"href":"https:\/\/www.vipo.com.pl\/fr\/index.php\/wp-json\/wp\/v2\/pages\/2988","targetHints":{"allow":["GET"]}}],"collection":[{"href":"https:\/\/www.vipo.com.pl\/fr\/index.php\/wp-json\/wp\/v2\/pages"}],"about":[{"href":"https:\/\/www.vipo.com.pl\/fr\/index.php\/wp-json\/wp\/v2\/types\/page"}],"author":[{"embeddable":true,"href":"https:\/\/www.vipo.com.pl\/fr\/index.php\/wp-json\/wp\/v2\/users\/1"}],"replies":[{"embeddable":true,"href":"https:\/\/www.vipo.com.pl\/fr\/index.php\/wp-json\/wp\/v2\/comments?post=2988"}],"version-history":[{"count":1,"href":"https:\/\/www.vipo.com.pl\/fr\/index.php\/wp-json\/wp\/v2\/pages\/2988\/revisions"}],"predecessor-version":[{"id":2989,"href":"https:\/\/www.vipo.com.pl\/fr\/index.php\/wp-json\/wp\/v2\/pages\/2988\/revisions\/2989"}],"wp:attachment":[{"href":"https:\/\/www.vipo.com.pl\/fr\/index.php\/wp-json\/wp\/v2\/media?parent=2988"}],"curies":[{"name":"wp","href":"https:\/\/api.w.org\/{rel}","templated":true}]}}