{"id":3000,"date":"2025-09-03T17:25:04","date_gmt":"2025-09-03T15:25:04","guid":{"rendered":"https:\/\/www.vipo.com.pl\/index.php\/histoire\/"},"modified":"2025-10-31T13:41:44","modified_gmt":"2025-10-31T12:41:44","slug":"histoire","status":"publish","type":"page","link":"https:\/\/www.vipo.com.pl\/fr\/index.php\/histoire\/","title":{"rendered":"Histoire"},"content":{"rendered":"\t\t<div data-elementor-type=\"wp-page\" data-elementor-id=\"3000\" class=\"elementor elementor-3000 elementor-2108\" data-elementor-post-type=\"page\">\n\t\t\t\t\t\t<section class=\"elementor-section elementor-top-section elementor-element elementor-element-38b6bce elementor-section-full_width elementor-section-height-default elementor-section-height-default\" data-id=\"38b6bce\" data-element_type=\"section\">\n\t\t\t\t\t\t<div class=\"elementor-container elementor-column-gap-default\">\n\t\t\t\t\t<div class=\"elementor-column elementor-col-100 elementor-top-column elementor-element elementor-element-79cc990\" data-id=\"79cc990\" data-element_type=\"column\">\n\t\t\t<div class=\"elementor-widget-wrap elementor-element-populated\">\n\t\t\t\t\t\t<div class=\"elementor-element elementor-element-201a7cc elementor-widget elementor-widget-tayler_about\" data-id=\"201a7cc\" data-element_type=\"widget\" data-widget_type=\"tayler_about.default\">\n\t\t\t\t<div class=\"elementor-widget-container\">\n\t\t\t\t\t      \n    <!-- introduction-section two -->\n    <section class=\"introduction-section-two\">\n        <div class=\"auto-container\">        \n            <div class=\"row\">            \n                <div class=\"col-lg-6\">                \n                                                            <div class=\"progress-levels mb-30\">                    \n                    \t                    \n                        <!--Skill Box-->\n                        <div class=\"progress-box wow fadeIn\" data-wow-delay=\"100ms\" data-wow-duration=\"1500ms\">                        \n                            <h5><\/h5>                            \n                            <div class=\"inner\">\n                                <div class=\"bar\">                                \n                                    <div class=\"bar-innner\"><div class=\"bar-fill\" data-percent=\"\"><div class=\"percent\"><\/div><\/div><\/div>\n                                <\/div>\n                            <\/div>\n                        <\/div>                        \n                     \t                     \n                    <\/div>                    \n                    <div class=\"row align-items-center\">                    \n                                                <div class=\"col-md-6\">                        \n                            <div class=\"introduction-block-two_author-wrapper wow fadeInUp\" data-wow-delay=\"0ms\" data-wow-duration=\"1500ms\">\n                                                                                            <\/div>\n                        <\/div>\n                    <\/div>\n                <\/div>                \n                            <\/div>  \n        <\/div>\n    <\/section>\n\t\n\t\t\t\t\t<\/div>\n\t\t\t\t<\/div>\n\t\t\t\t\t<\/div>\n\t\t<\/div>\n\t\t\t\t\t<\/div>\n\t\t<\/section>\n\t\t\t\t<section class=\"elementor-section elementor-top-section elementor-element elementor-element-9c05cd9 elementor-section-full_width elementor-section-height-default elementor-section-height-default\" data-id=\"9c05cd9\" data-element_type=\"section\">\n\t\t\t\t\t\t<div class=\"elementor-container elementor-column-gap-default\">\n\t\t\t\t\t<div class=\"elementor-column elementor-col-100 elementor-top-column elementor-element elementor-element-c9956d4\" data-id=\"c9956d4\" data-element_type=\"column\">\n\t\t\t<div class=\"elementor-widget-wrap elementor-element-populated\">\n\t\t\t\t\t\t<div class=\"elementor-element elementor-element-d0b41d3 elementor-widget elementor-widget-tayler_our_introduction\" data-id=\"d0b41d3\" data-element_type=\"widget\" data-widget_type=\"tayler_our_introduction.default\">\n\t\t\t\t<div class=\"elementor-widget-container\">\n\t\t\t\t\t\n    <!-- Introduction -->\n    <section class=\"introduction-section\">\n        <div class=\"auto-container\">\n            <div class=\"row\">            \n                <div class=\"col-lg-6\">                \n                    <div class=\"introduction-block_image\">                    \n                                                <div class=\"img_hover_3\">                        \n                            <img decoding=\"async\" src=\"https:\/\/www.vipo.com.pl\/wp-content\/uploads\/2025\/09\/history-mixt.png\" alt=\"Awesome Image\">\n                        <\/div>\n                                                                    <\/div>\n                <\/div>                \n                <div class=\"col-lg-6\">                \n                    <div class=\"introduction-block\">                    \n                                                <div class=\"sec-title-dec\"><img decoding=\"async\" src=\"https:\/\/www.vipo.com.pl\/wp-content\/themes\/tayler\/assets\/images\/shape\/shape-1.png\" alt=\"Awesome Image\"><\/div>\n                        <div class=\"sub-title\">Histoire <\/div>\n\t\t\t\t\t\t                        \n\t\t\t\t\t\t<div class=\"sec-title\">Histoire<\/div>                        <div class=\"introduction-block_text\">Des ruines \u00e0 la renaissance. Lorsque l'usine Vistula de \u0141a\u0144cut a ferm\u00e9 ses portes, personne ne s'attendait \u00e0 ce qu'elle soit sauv\u00e9e. Pendant des d\u00e9cennies, on y a cousu des v\u00eatements de haute qualit\u00e9, mais le monde a chang\u00e9 et les commandes ont diminu\u00e9. Il restait 300 personnes passionn\u00e9es par la couture, mais sans travail. C'est alors qu'est apparu Micha\u0142 Ci\u0105pa\u0142a... Un entrepreneur qui ne savait rien de la couture, mais qui avait autre chose : de l'intuition et de la foi en les gens. Il a \u00e9cout\u00e9. Il a cru. Il a investi. Ce n'\u00e9tait pas un investissement immobilier. C'\u00e9tait un investissement dans les personnes qu'il a trouv\u00e9es sur place : couturi\u00e8res, constructeurs, technologues en couture et repassage. Il n'y avait pas de solutions toutes faites, il a appris avec eux et gr\u00e2ce \u00e0 eux, il a reconstruit non seulement les structures, mais aussi la confiance, l'\u00e9nergie et le sens. Il n'y a pas eu de perc\u00e9es spectaculaires. Il y avait le travail quotidien. Ils ont construit \u00e0 partir de z\u00e9ro une entreprise d'un nouveau genre, o\u00f9 la couture traditionnelle rencontre le MTM moderne. Aujourd'hui, le m\u00eame hall est plein de vie, mais diff\u00e9remment, comme un fabricant MTM moderne qui combine l'exp\u00e9rience des tailleurs avec la technologie et la num\u00e9risation attendues par les marques. Au lieu d'une production de masse, nous cousons des costumes sur mesure pour les marques les plus exigeantes. Nous servons des clients en Allemagne, en France, au Danemark et dans toute l'Europe qui appr\u00e9cient la qualit\u00e9, la flexibilit\u00e9 et l'approche partenariale. Aujourd'hui, nous grandissons avec des marques qui sortent des sentiers battus.                 <\/div>                        \n\t\t\t\t\t\t                                                \n                        <div class=\"row\">                        \n                            \t\t                        \n\t\t                        \n                        <\/div>\n                    <\/div>\n                <\/div>\n            <\/div>        \n        <\/div>\n    <\/section>\n    \n\t\t\t\t\t<\/div>\n\t\t\t\t<\/div>\n\t\t\t\t\t<\/div>\n\t\t<\/div>\n\t\t\t\t\t<\/div>\n\t\t<\/section>\n\t\t\t\t<\/div>\n\t\t","protected":false},"excerpt":{"rendered":"<p>Histoire Histoire Des ruines \u00e0 la renaissance. Lorsque l&#8217;usine Vistula de \u0141a\u0144cut a ferm\u00e9 ses portes, personne ne s&#8217;attendait \u00e0 ce qu&#8217;elle soit sauv\u00e9e. Pendant des d\u00e9cennies, on y a cousu des v\u00eatements de haute qualit\u00e9, mais le monde a chang\u00e9 et les commandes ont diminu\u00e9. Il restait 300 personnes passionn\u00e9es par la couture, mais [&hellip;]<\/p>\n","protected":false},"author":1,"featured_media":0,"parent":0,"menu_order":0,"comment_status":"closed","ping_status":"closed","template":"tpl-default-elementor.php","meta":{"footnotes":""},"class_list":["post-3000","page","type-page","status-publish","hentry"],"_links":{"self":[{"href":"https:\/\/www.vipo.com.pl\/fr\/index.php\/wp-json\/wp\/v2\/pages\/3000","targetHints":{"allow":["GET"]}}],"collection":[{"href":"https:\/\/www.vipo.com.pl\/fr\/index.php\/wp-json\/wp\/v2\/pages"}],"about":[{"href":"https:\/\/www.vipo.com.pl\/fr\/index.php\/wp-json\/wp\/v2\/types\/page"}],"author":[{"embeddable":true,"href":"https:\/\/www.vipo.com.pl\/fr\/index.php\/wp-json\/wp\/v2\/users\/1"}],"replies":[{"embeddable":true,"href":"https:\/\/www.vipo.com.pl\/fr\/index.php\/wp-json\/wp\/v2\/comments?post=3000"}],"version-history":[{"count":1,"href":"https:\/\/www.vipo.com.pl\/fr\/index.php\/wp-json\/wp\/v2\/pages\/3000\/revisions"}],"predecessor-version":[{"id":3002,"href":"https:\/\/www.vipo.com.pl\/fr\/index.php\/wp-json\/wp\/v2\/pages\/3000\/revisions\/3002"}],"wp:attachment":[{"href":"https:\/\/www.vipo.com.pl\/fr\/index.php\/wp-json\/wp\/v2\/media?parent=3000"}],"curies":[{"name":"wp","href":"https:\/\/api.w.org\/{rel}","templated":true}]}}