{"id":3003,"date":"2022-03-24T05:52:43","date_gmt":"2022-03-24T04:52:43","guid":{"rendered":"https:\/\/www.vipo.com.pl\/index.php\/contact-2\/"},"modified":"2025-11-24T12:08:18","modified_gmt":"2025-11-24T11:08:18","slug":"contact-2","status":"publish","type":"page","link":"https:\/\/www.vipo.com.pl\/fr\/index.php\/contact-2\/","title":{"rendered":"Contact"},"content":{"rendered":"\t\t<div data-elementor-type=\"wp-page\" data-elementor-id=\"3003\" class=\"elementor elementor-3003 elementor-43\" data-elementor-post-type=\"page\">\n\t\t\t\t\t\t<section class=\"elementor-section elementor-top-section elementor-element elementor-element-3fe2036 elementor-section-full_width elementor-section-height-default elementor-section-height-default\" data-id=\"3fe2036\" data-element_type=\"section\">\n\t\t\t\t\t\t<div class=\"elementor-container elementor-column-gap-default\">\n\t\t\t\t\t<div class=\"elementor-column elementor-col-100 elementor-top-column elementor-element elementor-element-0f7e26b\" data-id=\"0f7e26b\" data-element_type=\"column\">\n\t\t\t<div class=\"elementor-widget-wrap elementor-element-populated\">\n\t\t\t\t\t\t<div class=\"elementor-element elementor-element-664b02a elementor-widget elementor-widget-tayler_about\" data-id=\"664b02a\" data-element_type=\"widget\" data-widget_type=\"tayler_about.default\">\n\t\t\t\t<div class=\"elementor-widget-container\">\n\t\t\t\t\t      \n    <!-- introduction-section two -->\n    <section class=\"introduction-section-two\">\n        <div class=\"auto-container\">        \n            <div class=\"row\">            \n                <div class=\"col-lg-6\">                \n                                        <div class=\"sec-title-box wow fadeInUp\" data-wow-delay=\"0ms\" data-wow-duration=\"1500ms\">                    \n                                                <div class=\"sec-title-dec\"><img decoding=\"async\" src=\"https:\/\/www.vipo.com.pl\/wp-content\/themes\/tayler\/assets\/images\/shape\/shape-1.png\" alt=\"Awesome Image\"><\/div>\n                        <div class=\"sub-title\">Contactez-nous<\/div>  \n                                              \n                        <h2 class=\"sec-title mb-35\">Contact<\/h2> \n                    <\/div>\n                                                            <div class=\"progress-levels mb-30\">                    \n                    \t                    \n                        <!--Skill Box-->\n                        <div class=\"progress-box wow fadeIn\" data-wow-delay=\"100ms\" data-wow-duration=\"1500ms\">                        \n                            <h5><\/h5>                            \n                            <div class=\"inner\">\n                                <div class=\"bar\">                                \n                                    <div class=\"bar-innner\"><div class=\"bar-fill\" data-percent=\"\"><div class=\"percent\"><\/div><\/div><\/div>\n                                <\/div>\n                            <\/div>\n                        <\/div>                        \n                     \t                     \n                    <\/div>                    \n                    <div class=\"row align-items-center\">                    \n                                                <div class=\"col-md-6\">                        \n                            <div class=\"introduction-block-two_author-wrapper wow fadeInUp\" data-wow-delay=\"0ms\" data-wow-duration=\"1500ms\">\n                                                                                            <\/div>\n                        <\/div>\n                    <\/div>\n                <\/div>                \n                            <\/div>  \n        <\/div>\n    <\/section>\n\t\n\t\t\t\t\t<\/div>\n\t\t\t\t<\/div>\n\t\t<div class=\"elementor-element elementor-element-d8814d6 e-flex e-con-boxed e-con e-parent\" data-id=\"d8814d6\" data-element_type=\"container\">\n\t\t\t\t\t<div class=\"e-con-inner\">\n\t\t\t\t<div class=\"elementor-element elementor-element-fe9dfc8 elementor-widget elementor-widget-text-editor\" data-id=\"fe9dfc8\" data-element_type=\"widget\" data-widget_type=\"text-editor.default\">\n\t\t\t\t<div class=\"elementor-widget-container\">\n\t\t\t\t\t\t\t\t\tL\u2019usine de production VIPO se trouve \u00e0 \u0141a\u0144cut situ\u00e9e au centre de la province de Podkarpackie. <br>La ville chef-lieu Rzesz\u00f3w ainsi que l\u2019a\u00e9roport sont situ\u00e9s \u00e0 seulement 16 km en direction ouest. L\u2019autoroute A4 passe par \u0141a\u0144cut, ce qui facilite consid\u00e9rablement l\u2019acc\u00e8s rapide aux usines de production VIPO.\t\t\t\t\t\t\t\t<\/div>\n\t\t\t\t<\/div>\n\t\t\t\t\t<\/div>\n\t\t\t\t<\/div>\n\t\t\t\t\t<\/div>\n\t\t<\/div>\n\t\t\t\t\t<\/div>\n\t\t<\/section>\n\t\t\t\t<section class=\"elementor-section elementor-top-section elementor-element elementor-element-271048a elementor-section-full_width elementor-section-height-default elementor-section-height-default\" data-id=\"271048a\" data-element_type=\"section\">\n\t\t\t\t\t\t<div class=\"elementor-container elementor-column-gap-default\">\n\t\t\t\t\t<div class=\"elementor-column elementor-col-100 elementor-top-column elementor-element elementor-element-76b2c1b\" data-id=\"76b2c1b\" data-element_type=\"column\">\n\t\t\t<div class=\"elementor-widget-wrap elementor-element-populated\">\n\t\t\t\t\t\t<div class=\"elementor-element elementor-element-125f128 elementor-widget elementor-widget-tayler_google_map\" data-id=\"125f128\" data-element_type=\"widget\" data-widget_type=\"tayler_google_map.default\">\n\t\t\t\t<div class=\"elementor-widget-container\">\n\t\t\t\t\t\t\n    <!-- Map Section -->\n    <section class=\"map-section pb-0\">\n        <div class=\"auto-container\">\n            <div class=\"contact-map\">\n                <iframe src=\"https:\/\/www.google.com\/maps\/embed?pb=!1m18!1m12!1m3!1d1662.513499671941!2d22.232893271903595!3d50.08821015077728!2m3!1f0!2f0!3f0!3m2!1i1024!2i768!4f13.1!3m3!1m2!1s0x473cee970324f3a7%3A0x40c1935e6f907d1e!2sVipo.%20Sp.%20z%20o.o.%20Zak%C5%82ady%20odzie%C5%BCowe!5e1!3m2!1spl!2spl!4v1752784637901!5m2!1spl!2spl\" width=\"600\" height=\"450\" style=\"border:0;\" allowfullscreen=\"\" loading=\"lazy\" referrerpolicy=\"no-referrer-when-downgrade\"><\/iframe>            <\/div>\n        <\/div>\n    <\/section>\n\t\n     \t\t\t\t<\/div>\n\t\t\t\t<\/div>\n\t\t\t\t\t<\/div>\n\t\t<\/div>\n\t\t\t\t\t<\/div>\n\t\t<\/section>\n\t\t\t\t<section class=\"elementor-section elementor-top-section elementor-element elementor-element-1aa0fd6 elementor-section-full_width elementor-section-height-default elementor-section-height-default\" data-id=\"1aa0fd6\" data-element_type=\"section\">\n\t\t\t\t\t\t<div class=\"elementor-container elementor-column-gap-default\">\n\t\t\t\t\t<div class=\"elementor-column elementor-col-100 elementor-top-column elementor-element elementor-element-ed7ac29\" data-id=\"ed7ac29\" data-element_type=\"column\">\n\t\t\t<div class=\"elementor-widget-wrap elementor-element-populated\">\n\t\t\t\t\t\t<div class=\"elementor-element elementor-element-ef67023 elementor-widget elementor-widget-tayler_contact_info\" data-id=\"ef67023\" data-element_type=\"widget\" data-widget_type=\"tayler_contact_info.default\">\n\t\t\t\t<div class=\"elementor-widget-container\">\n\t\t\t\t\t\t\n    <!-- Contact info Section -->\n    <section class=\"contact-info-section pt-0\">\n        <div class=\"auto-container\">\n            <div class=\"contact-info-wrapper\">\n                <div class=\"row\">\n                                        <div class=\"col-lg-4 col-md-6 icon_box\">\n                        <div class=\"inner-box\">\n                            <div class=\"contact-info-section_text\">\u00c9crivez-nous \u00e0 nous<\/div>\n                            <h4 class=\"contact-info-section_title\"><a href=\"mailto:contact@vipo.com.pl\">contact@vipo.com.pl<\/a><\/h4>\n                        <\/div>\n                    <\/div>\n                    \t\t\t\t\t                    <div class=\"col-lg-3 col-md-6 icon_box\">\n                        <div class=\"inner-box\">\n                            <div class=\"contact-info-section_text\">Appelez-nous<\/div>\n                            <h4 class=\"contact-info-section_title\"><a href=\"tel:+48 17 225 0800\">+48 17 225 0800<\/a><\/h4>\n                        <\/div>\n                    <\/div>\n                    \t\t\t\t\t                    <div class=\"col-lg-5 col-md-6 icon_box\">\n                        <div class=\"inner-box\">\n                            <div class=\"contact-info-section_text\">Adresse de l'entreprise<\/div>\n                            <h4 class=\"contact-info-section_title\">ul. Podzwierzyniec 29, 37-100 \u0141a\u0144cut  <\/h4>\n                        <\/div>\n                    <\/div>\n                                    <\/div>\n            <\/div>\n        <\/div>\n    <\/section>\n\t\n    \t\t\t\t<\/div>\n\t\t\t\t<\/div>\n\t\t<div class=\"elementor-element elementor-element-5b61965 e-flex e-con-boxed e-con e-parent\" data-id=\"5b61965\" data-element_type=\"container\">\n\t\t\t\t\t<div class=\"e-con-inner\">\n\t\t<div class=\"elementor-element elementor-element-6aa366f e-grid e-con-full e-con e-child\" data-id=\"6aa366f\" data-element_type=\"container\">\n\t\t\t\t<div class=\"elementor-element elementor-element-a5455d2 elementor-widget elementor-widget-heading\" data-id=\"a5455d2\" data-element_type=\"widget\" data-widget_type=\"heading.default\">\n\t\t\t\t<div class=\"elementor-widget-container\">\n\t\t\t\t\t<h2 class=\"elementor-heading-title elementor-size-default\">Nous parlons les langues suivantes:<\/h2>\t\t\t\t<\/div>\n\t\t\t\t<\/div>\n\t\t\t\t<div class=\"elementor-element elementor-element-b6e00bc elementor-widget elementor-widget-heading\" data-id=\"b6e00bc\" data-element_type=\"widget\" data-widget_type=\"heading.default\">\n\t\t\t\t<div class=\"elementor-widget-container\">\n\t\t\t\t\t<h2 class=\"elementor-heading-title elementor-size-default\">Appelez-nous:<\/h2>\t\t\t\t<\/div>\n\t\t\t\t<\/div>\n\t\t\t\t<div class=\"elementor-element elementor-element-406d691 elementor-widget elementor-widget-heading\" data-id=\"406d691\" data-element_type=\"widget\" data-widget_type=\"heading.default\">\n\t\t\t\t<div class=\"elementor-widget-container\">\n\t\t\t\t\t<h2 class=\"elementor-heading-title elementor-size-default\">Langue allemand \/ anglais - Ewelina<\/h2>\t\t\t\t<\/div>\n\t\t\t\t<\/div>\n\t\t\t\t<div class=\"elementor-element elementor-element-9c124bb elementor-widget elementor-widget-heading\" data-id=\"9c124bb\" data-element_type=\"widget\" data-widget_type=\"heading.default\">\n\t\t\t\t<div class=\"elementor-widget-container\">\n\t\t\t\t\t<h2 class=\"elementor-heading-title elementor-size-default\">+48 669 994 823<\/h2>\t\t\t\t<\/div>\n\t\t\t\t<\/div>\n\t\t\t\t<div class=\"elementor-element elementor-element-2183280 elementor-widget elementor-widget-heading\" data-id=\"2183280\" data-element_type=\"widget\" data-widget_type=\"heading.default\">\n\t\t\t\t<div class=\"elementor-widget-container\">\n\t\t\t\t\t<h2 class=\"elementor-heading-title elementor-size-default\">Langue fran\u00e7ais - Halina<\/h2>\t\t\t\t<\/div>\n\t\t\t\t<\/div>\n\t\t\t\t<div class=\"elementor-element elementor-element-1bdb55b elementor-widget elementor-widget-heading\" data-id=\"1bdb55b\" data-element_type=\"widget\" data-widget_type=\"heading.default\">\n\t\t\t\t<div class=\"elementor-widget-container\">\n\t\t\t\t\t<h2 class=\"elementor-heading-title elementor-size-default\">+48 669 994 816<\/h2>\t\t\t\t<\/div>\n\t\t\t\t<\/div>\n\t\t\t\t<div class=\"elementor-element elementor-element-9c92b47 elementor-widget elementor-widget-heading\" data-id=\"9c92b47\" data-element_type=\"widget\" data-widget_type=\"heading.default\">\n\t\t\t\t<div class=\"elementor-widget-container\">\n\t\t\t\t\t<h2 class=\"elementor-heading-title elementor-size-default\">Langue anglais - Joanna<\/h2>\t\t\t\t<\/div>\n\t\t\t\t<\/div>\n\t\t\t\t<div class=\"elementor-element elementor-element-6aefc20 elementor-widget elementor-widget-heading\" data-id=\"6aefc20\" data-element_type=\"widget\" data-widget_type=\"heading.default\">\n\t\t\t\t<div class=\"elementor-widget-container\">\n\t\t\t\t\t<h2 class=\"elementor-heading-title elementor-size-default\">+48 669 994 812<\/h2>\t\t\t\t<\/div>\n\t\t\t\t<\/div>\n\t\t\t\t<\/div>\n\t\t\t\t\t<\/div>\n\t\t\t\t<\/div>\n\t\t\t\t\t<\/div>\n\t\t<\/div>\n\t\t\t\t\t<\/div>\n\t\t<\/section>\n\t\t\t\t<section class=\"elementor-section elementor-top-section elementor-element elementor-element-20b737b elementor-section-full_width elementor-section-height-default elementor-section-height-default\" data-id=\"20b737b\" data-element_type=\"section\">\n\t\t\t\t\t\t<div class=\"elementor-container elementor-column-gap-default\">\n\t\t\t\t\t<div class=\"elementor-column elementor-col-100 elementor-top-column elementor-element elementor-element-cc3611f\" data-id=\"cc3611f\" data-element_type=\"column\">\n\t\t\t<div class=\"elementor-widget-wrap elementor-element-populated\">\n\t\t\t\t\t\t<div class=\"elementor-element elementor-element-59492b6 elementor-widget elementor-widget-tayler_contact_us\" data-id=\"59492b6\" data-element_type=\"widget\" data-widget_type=\"tayler_contact_us.default\">\n\t\t\t\t<div class=\"elementor-widget-container\">\n\t\t\t\t\t\t\n    <!-- Contact Form section -->\n    <section class=\"contact-form-section\">\n       <div class=\"auto-container\">        \n                        <div class=\"contact-form-section_sec-title-area\">\n                <h2 class=\"sec-title\">Contactez-nous par e-mail<\/h2>                <div class=\"contact-form-section_description\">Lorsque vous envoyez un message, veuillez nous laisser vos coordonn\u00e9es afin que nous puissions vous contacter. Nous vous r\u00e9pondrons dans les plus brefs d\u00e9lais. <\/div>            <\/div>\n                        <div class=\"row\">\n                                <div class=\"col-lg-8\">\n                    <!--Contact Form-->\n                    <div class=\"contact-form\">\n                        \n<div class=\"wpcf7 no-js\" id=\"wpcf7-f2836-o1\" lang=\"fr-FR\" dir=\"ltr\" data-wpcf7-id=\"2836\">\n<div class=\"screen-reader-response\"><p role=\"status\" aria-live=\"polite\" aria-atomic=\"true\"><\/p> <ul><\/ul><\/div>\n<form action=\"\/fr\/index.php\/wp-json\/wp\/v2\/pages\/3003#wpcf7-f2836-o1\" method=\"post\" class=\"wpcf7-form init\" aria-label=\"Formulaire de contact\" novalidate=\"novalidate\" data-status=\"init\">\n<fieldset class=\"hidden-fields-container\"><input type=\"hidden\" name=\"_wpcf7\" value=\"2836\" \/><input type=\"hidden\" name=\"_wpcf7_version\" value=\"6.1.2\" \/><input type=\"hidden\" name=\"_wpcf7_locale\" value=\"fr_FR\" \/><input type=\"hidden\" name=\"_wpcf7_unit_tag\" value=\"wpcf7-f2836-o1\" \/><input type=\"hidden\" name=\"_wpcf7_container_post\" value=\"0\" \/><input type=\"hidden\" name=\"_wpcf7_posted_data_hash\" value=\"\" \/><input type=\"hidden\" name=\"_wpcf7_recaptcha_response\" value=\"\" \/>\n<\/fieldset>\n<div class=\"row\">\n\t<div class=\"form-group col-md-6\">\n\t\t<p><span class=\"wpcf7-form-control-wrap\" data-name=\"your-name\"><input size=\"40\" maxlength=\"400\" class=\"wpcf7-form-control wpcf7-text wpcf7-validates-as-required form-control\" aria-required=\"true\" aria-invalid=\"false\" placeholder=\"Nom et pr\u00e9nom\" value=\"\" type=\"text\" name=\"your-name\" \/><\/span>\n\t\t<\/p>\n\t<\/div>\n\t<div class=\"form-group col-md-6\">\n\t\t<p><span class=\"wpcf7-form-control-wrap\" data-name=\"your-email\"><input size=\"40\" maxlength=\"400\" class=\"wpcf7-form-control wpcf7-email wpcf7-validates-as-required wpcf7-text wpcf7-validates-as-email form-control\" aria-required=\"true\" aria-invalid=\"false\" placeholder=\"Adresse e-mail\" value=\"\" type=\"email\" name=\"your-email\" \/><\/span>\n\t\t<\/p>\n\t<\/div>\n\t<div class=\"form-group col-md-6\">\n\t\t<p><span class=\"wpcf7-form-control-wrap\" data-name=\"tel-699\"><input size=\"40\" maxlength=\"400\" class=\"wpcf7-form-control wpcf7-text wpcf7-validates-as-required form-control\" aria-required=\"true\" aria-invalid=\"false\" placeholder=\"Num\u00e9ro de t\u00e9l\u00e9phone\" value=\"\" type=\"text\" name=\"tel-699\" \/><\/span>\n\t\t<\/p>\n\t<\/div>\n\t<div class=\"form-group col-md-6\">\n\t\t<p><span class=\"wpcf7-form-control-wrap\" data-name=\"your-subject\"><input size=\"40\" maxlength=\"400\" class=\"wpcf7-form-control wpcf7-text wpcf7-validates-as-required form-control\" aria-required=\"true\" aria-invalid=\"false\" placeholder=\"Sujet\" value=\"\" type=\"text\" name=\"your-subject\" \/><\/span>\n\t\t<\/p>\n\t<\/div>\n\t<div class=\"form-group col-md-12\">\n\t\t<p><span class=\"wpcf7-form-control-wrap\" data-name=\"your-message\"><textarea cols=\"40\" rows=\"10\" maxlength=\"2000\" class=\"wpcf7-form-control wpcf7-textarea wpcf7-validates-as-required form-control\" aria-required=\"true\" aria-invalid=\"false\" placeholder=\"\u00c9crire un message\" name=\"your-message\"><\/textarea><\/span>\n\t\t<\/p>\n\t<\/div>\n\t<div class=\"form-group col-md-12\">\n\t\t<p><input id=\"form_botcheck\" name=\"form_botcheck\" class=\"form-control\" type=\"hidden\" value=\"\" \/><br \/>\n<button class=\"btn-style-one dark\" type=\"submit\" data-loading-text=\"Prosz\u0119 czeka\u0107...\"><span>Envoyer un message<\/span><\/button>\n\t\t<\/p>\n\t<\/div>\n<\/div><div class=\"wpcf7-response-output\" aria-hidden=\"true\"><\/div>\n<\/form>\n<\/div>\n                    <\/div>\n                <\/div>\n                                                <div class=\"col-lg-3 offset-lg-1\">\n                    <div class=\"contact-author\">\n                        <div class=\"contact-author_thumb\"><img decoding=\"async\" src=\"https:\/\/www.vipo.com.pl\/wp-content\/uploads\/2025\/07\/sale-division.webp\" alt=\"Awesome Image\"><\/div>                        <div class=\"contact-author_name\">VIPO<\/div>                        <div class=\"contact-author_designation\">D\u00e9partement commercial<\/div>                    <\/div>\n                <\/div>\n                            <\/div>\n       <\/div>\n    <\/section>\n                \n    \t\t\t\t<\/div>\n\t\t\t\t<\/div>\n\t\t\t\t\t<\/div>\n\t\t<\/div>\n\t\t\t\t\t<\/div>\n\t\t<\/section>\n\t\t\t\t<\/div>\n\t\t","protected":false},"excerpt":{"rendered":"<p>Contactez-nous Contact L\u2019usine de production VIPO se trouve \u00e0 \u0141a\u0144cut situ\u00e9e au centre de la province de Podkarpackie. La ville chef-lieu Rzesz\u00f3w ainsi que l\u2019a\u00e9roport sont situ\u00e9s \u00e0 seulement 16 km en direction ouest. L\u2019autoroute A4 passe par \u0141a\u0144cut, ce qui facilite consid\u00e9rablement l\u2019acc\u00e8s rapide aux usines de production VIPO. \u00c9crivez-nous \u00e0 nous contact@vipo.com.pl Appelez-nous [&hellip;]<\/p>\n","protected":false},"author":1,"featured_media":0,"parent":0,"menu_order":0,"comment_status":"closed","ping_status":"closed","template":"tpl-default-elementor.php","meta":{"footnotes":""},"class_list":["post-3003","page","type-page","status-publish","hentry"],"_links":{"self":[{"href":"https:\/\/www.vipo.com.pl\/fr\/index.php\/wp-json\/wp\/v2\/pages\/3003","targetHints":{"allow":["GET"]}}],"collection":[{"href":"https:\/\/www.vipo.com.pl\/fr\/index.php\/wp-json\/wp\/v2\/pages"}],"about":[{"href":"https:\/\/www.vipo.com.pl\/fr\/index.php\/wp-json\/wp\/v2\/types\/page"}],"author":[{"embeddable":true,"href":"https:\/\/www.vipo.com.pl\/fr\/index.php\/wp-json\/wp\/v2\/users\/1"}],"replies":[{"embeddable":true,"href":"https:\/\/www.vipo.com.pl\/fr\/index.php\/wp-json\/wp\/v2\/comments?post=3003"}],"version-history":[{"count":5,"href":"https:\/\/www.vipo.com.pl\/fr\/index.php\/wp-json\/wp\/v2\/pages\/3003\/revisions"}],"predecessor-version":[{"id":3153,"href":"https:\/\/www.vipo.com.pl\/fr\/index.php\/wp-json\/wp\/v2\/pages\/3003\/revisions\/3153"}],"wp:attachment":[{"href":"https:\/\/www.vipo.com.pl\/fr\/index.php\/wp-json\/wp\/v2\/media?parent=3003"}],"curies":[{"name":"wp","href":"https:\/\/api.w.org\/{rel}","templated":true}]}}