{"id":3045,"date":"2025-07-22T15:22:42","date_gmt":"2025-07-22T13:22:42","guid":{"rendered":"https:\/\/www.vipo.com.pl\/index.php\/couture-sur-mesure\/"},"modified":"2025-10-31T13:58:27","modified_gmt":"2025-10-31T12:58:27","slug":"couture-sur-mesure","status":"publish","type":"page","link":"https:\/\/www.vipo.com.pl\/fr\/index.php\/couture-sur-mesure\/","title":{"rendered":"Couture sur mesure"},"content":{"rendered":"\t\t<div data-elementor-type=\"wp-page\" data-elementor-id=\"3045\" class=\"elementor elementor-3045 elementor-1458\" data-elementor-post-type=\"page\">\n\t\t\t\t\t\t<section class=\"elementor-section elementor-top-section elementor-element elementor-element-f3bc78c elementor-section-full_width elementor-section-height-default elementor-section-height-default\" data-id=\"f3bc78c\" data-element_type=\"section\">\n\t\t\t\t\t\t<div class=\"elementor-container elementor-column-gap-default\">\n\t\t\t\t\t<div class=\"elementor-column elementor-col-100 elementor-top-column elementor-element elementor-element-2be3e0c\" data-id=\"2be3e0c\" data-element_type=\"column\">\n\t\t\t<div class=\"elementor-widget-wrap elementor-element-populated\">\n\t\t\t\t\t\t<div class=\"elementor-element elementor-element-6493bb7 elementor-widget elementor-widget-tayler_about\" data-id=\"6493bb7\" data-element_type=\"widget\" data-widget_type=\"tayler_about.default\">\n\t\t\t\t<div class=\"elementor-widget-container\">\n\t\t\t\t\t      \n    <!-- introduction-section two -->\n    <section class=\"introduction-section-two\">\n        <div class=\"auto-container\">        \n            <div class=\"row\">            \n                <div class=\"col-lg-6\">                \n                                        <div class=\"sec-title-box wow fadeInUp\" data-wow-delay=\"0ms\" data-wow-duration=\"1500ms\">                    \n                                                <div class=\"sec-title-dec\"><img decoding=\"async\" src=\"https:\/\/www.vipo.com.pl\/wp-content\/themes\/tayler\/assets\/images\/shape\/shape-1.png\" alt=\"Awesome Image\"><\/div>\n                        <div class=\"sub-title\">Nos services<\/div>  \n                                              \n                        <h2 class=\"sec-title mb-35\">Couture Sur mesure<\/h2> \n                    <\/div>\n                                                            <div class=\"progress-levels mb-30\">                    \n                    \t                    \n                        <!--Skill Box-->\n                        <div class=\"progress-box wow fadeIn\" data-wow-delay=\"100ms\" data-wow-duration=\"1500ms\">                        \n                            <h5><\/h5>                            \n                            <div class=\"inner\">\n                                <div class=\"bar\">                                \n                                    <div class=\"bar-innner\"><div class=\"bar-fill\" data-percent=\"\"><div class=\"percent\"><\/div><\/div><\/div>\n                                <\/div>\n                            <\/div>\n                        <\/div>                        \n                     \t                     \n                    <\/div>                    \n                    <div class=\"row align-items-center\">                    \n                                                <div class=\"col-md-6\">                        \n                            <div class=\"introduction-block-two_author-wrapper wow fadeInUp\" data-wow-delay=\"0ms\" data-wow-duration=\"1500ms\">\n                                                                                            <\/div>\n                        <\/div>\n                    <\/div>\n                <\/div>                \n                            <\/div>  \n        <\/div>\n    <\/section>\n\t\n\t\t\t\t\t<\/div>\n\t\t\t\t<\/div>\n\t\t<div class=\"elementor-element elementor-element-a353270 e-flex e-con-boxed e-con e-parent\" data-id=\"a353270\" data-element_type=\"container\">\n\t\t\t\t\t<div class=\"e-con-inner\">\n\t\t\t\t<div class=\"elementor-element elementor-element-2c56252 elementor-widget elementor-widget-text-editor\" data-id=\"2c56252\" data-element_type=\"widget\" data-widget_type=\"text-editor.default\">\n\t\t\t\t<div class=\"elementor-widget-container\">\n\t\t\t\t\t\t\t\t\t<p>Pour r\u00e9pondre aux besoins de nos clients, Vipo est l&#8217;un des rares fabricants en Europe \u00e0 se sp\u00e9cialiser dans la confection sur mesure. Les \u00e9tudes de march\u00e9 men\u00e9es montrent que seulement environ 15 % des clients sont pr\u00eats \u00e0 acheter un costume pr\u00eat \u00e0 porter qui ne n\u00e9cessite aucune retouche. C&#8217;est pourquoi le d\u00e9partement de confection sur mesure est l&#8217;un des d\u00e9partements qui conna\u00eet la croissance la plus dynamique dans notre entreprise. La couture sur mesure est un processus complexe qui, dans notre entreprise, fonctionne comme un programme sp\u00e9cial d\u00e9di\u00e9 \u00e0 nos clients internationaux. Chez nous, le client a la possibilit\u00e9 de cr\u00e9er son costume \u00e0 partir de z\u00e9ro : du choix du tissu, de la doublure ou des boutons, en passant par les diff\u00e9rentes options de finition disponibles (par exemple, monogramme, columbia, surpiq\u00fbres d\u00e9coratives, poche suppl\u00e9mentaire pour montre dans le pantalon ou t\u00e9l\u00e9phone portable dans la veste, braguette \u00e0 boutons dans le pantalon ou couleur sp\u00e9cifique des boutonni\u00e8res sur les manches) taill\u00e9 et cousu sur mesure pour un client sp\u00e9cifique. Obtenir cet effet n\u00e9cessite une grande exp\u00e9rience et une grande pr\u00e9cision. Dans le cas des costumes sur mesure, nous prenons en compte \u00e0 la fois les mensurations individuelles du client (par exemple, une manche peut \u00eatre plus longue ou plus courte que l&#8217;autre) et sa posture (par exemple, silhouette athl\u00e9tique caract\u00e9ris\u00e9e par une poitrine \u00e9troite et d\u00e9velopp\u00e9e. Le d\u00e9lai standard pour la r\u00e9alisation d&#8217;une commande sur mesure est de 14 jours ouvrables \u00e0 compter de la r\u00e9ception d&#8217;une commande compl\u00e8te et correctement remplie.<\/p>\t\t\t\t\t\t\t\t<\/div>\n\t\t\t\t<\/div>\n\t\t\t\t\t<\/div>\n\t\t\t\t<\/div>\n\t\t\t\t\t<\/div>\n\t\t<\/div>\n\t\t\t\t\t<\/div>\n\t\t<\/section>\n\t\t\t\t<section class=\"elementor-section elementor-top-section elementor-element elementor-element-38b6bce elementor-section-full_width elementor-section-height-default elementor-section-height-default\" data-id=\"38b6bce\" data-element_type=\"section\">\n\t\t\t\t\t\t<div class=\"elementor-container elementor-column-gap-default\">\n\t\t\t\t\t<div class=\"elementor-column elementor-col-100 elementor-top-column elementor-element elementor-element-79cc990\" data-id=\"79cc990\" data-element_type=\"column\">\n\t\t\t<div class=\"elementor-widget-wrap elementor-element-populated\">\n\t\t\t\t\t\t<div class=\"elementor-element elementor-element-201a7cc elementor-widget elementor-widget-tayler_about\" data-id=\"201a7cc\" data-element_type=\"widget\" data-widget_type=\"tayler_about.default\">\n\t\t\t\t<div class=\"elementor-widget-container\">\n\t\t\t\t\t      \n    <!-- introduction-section two -->\n    <section class=\"introduction-section-two\">\n        <div class=\"auto-container\">        \n            <div class=\"row\">            \n                <div class=\"col-lg-6\">                \n                                                            <div class=\"progress-levels mb-30\">                    \n                    \t                    \n                        <!--Skill Box-->\n                        <div class=\"progress-box wow fadeIn\" data-wow-delay=\"100ms\" data-wow-duration=\"1500ms\">                        \n                            <h5><\/h5>                            \n                            <div class=\"inner\">\n                                <div class=\"bar\">                                \n                                    <div class=\"bar-innner\"><div class=\"bar-fill\" data-percent=\"\"><div class=\"percent\"><\/div><\/div><\/div>\n                                <\/div>\n                            <\/div>\n                        <\/div>                        \n                     \t                     \n                    <\/div>                    \n                    <div class=\"row align-items-center\">                    \n                                                <div class=\"col-md-6\">                        \n                            <div class=\"introduction-block-two_author-wrapper wow fadeInUp\" data-wow-delay=\"0ms\" data-wow-duration=\"1500ms\">\n                                                                                            <\/div>\n                        <\/div>\n                    <\/div>\n                <\/div>                \n                            <\/div>  \n        <\/div>\n    <\/section>\n\t\n\t\t\t\t\t<\/div>\n\t\t\t\t<\/div>\n\t\t\t\t\t<\/div>\n\t\t<\/div>\n\t\t\t\t\t<\/div>\n\t\t<\/section>\n\t\t\t\t<\/div>\n\t\t","protected":false},"excerpt":{"rendered":"<p>Nos services Couture Sur mesure Pour r\u00e9pondre aux besoins de nos clients, Vipo est l&#8217;un des rares fabricants en Europe \u00e0 se sp\u00e9cialiser dans la confection sur mesure. Les \u00e9tudes de march\u00e9 men\u00e9es montrent que seulement environ 15 % des clients sont pr\u00eats \u00e0 acheter un costume pr\u00eat \u00e0 porter qui ne n\u00e9cessite aucune retouche. [&hellip;]<\/p>\n","protected":false},"author":1,"featured_media":0,"parent":0,"menu_order":0,"comment_status":"closed","ping_status":"closed","template":"tpl-default-elementor.php","meta":{"footnotes":""},"class_list":["post-3045","page","type-page","status-publish","hentry"],"_links":{"self":[{"href":"https:\/\/www.vipo.com.pl\/fr\/index.php\/wp-json\/wp\/v2\/pages\/3045","targetHints":{"allow":["GET"]}}],"collection":[{"href":"https:\/\/www.vipo.com.pl\/fr\/index.php\/wp-json\/wp\/v2\/pages"}],"about":[{"href":"https:\/\/www.vipo.com.pl\/fr\/index.php\/wp-json\/wp\/v2\/types\/page"}],"author":[{"embeddable":true,"href":"https:\/\/www.vipo.com.pl\/fr\/index.php\/wp-json\/wp\/v2\/users\/1"}],"replies":[{"embeddable":true,"href":"https:\/\/www.vipo.com.pl\/fr\/index.php\/wp-json\/wp\/v2\/comments?post=3045"}],"version-history":[{"count":1,"href":"https:\/\/www.vipo.com.pl\/fr\/index.php\/wp-json\/wp\/v2\/pages\/3045\/revisions"}],"predecessor-version":[{"id":3046,"href":"https:\/\/www.vipo.com.pl\/fr\/index.php\/wp-json\/wp\/v2\/pages\/3045\/revisions\/3046"}],"wp:attachment":[{"href":"https:\/\/www.vipo.com.pl\/fr\/index.php\/wp-json\/wp\/v2\/media?parent=3045"}],"curies":[{"name":"wp","href":"https:\/\/api.w.org\/{rel}","templated":true}]}}