{"id":3047,"date":"2025-07-22T15:27:45","date_gmt":"2025-07-22T13:27:45","guid":{"rendered":"https:\/\/www.vipo.com.pl\/index.php\/couture-en-serie\/"},"modified":"2025-10-31T13:58:43","modified_gmt":"2025-10-31T12:58:43","slug":"couture-en-serie","status":"publish","type":"page","link":"https:\/\/www.vipo.com.pl\/fr\/index.php\/couture-en-serie\/","title":{"rendered":"Couture en s\u00e9rie"},"content":{"rendered":"\t\t<div data-elementor-type=\"wp-page\" data-elementor-id=\"3047\" class=\"elementor elementor-3047 elementor-1463\" data-elementor-post-type=\"page\">\n\t\t\t\t\t\t<section class=\"elementor-section elementor-top-section elementor-element elementor-element-f3bc78c elementor-section-full_width elementor-section-height-default elementor-section-height-default\" data-id=\"f3bc78c\" data-element_type=\"section\">\n\t\t\t\t\t\t<div class=\"elementor-container elementor-column-gap-default\">\n\t\t\t\t\t<div class=\"elementor-column elementor-col-100 elementor-top-column elementor-element elementor-element-2be3e0c\" data-id=\"2be3e0c\" data-element_type=\"column\">\n\t\t\t<div class=\"elementor-widget-wrap elementor-element-populated\">\n\t\t\t\t\t\t<div class=\"elementor-element elementor-element-6493bb7 elementor-widget elementor-widget-tayler_about\" data-id=\"6493bb7\" data-element_type=\"widget\" data-widget_type=\"tayler_about.default\">\n\t\t\t\t<div class=\"elementor-widget-container\">\n\t\t\t\t\t      \n    <!-- introduction-section two -->\n    <section class=\"introduction-section-two\">\n        <div class=\"auto-container\">        \n            <div class=\"row\">            \n                <div class=\"col-lg-6\">                \n                                        <div class=\"sec-title-box wow fadeInUp\" data-wow-delay=\"0ms\" data-wow-duration=\"1500ms\">                    \n                                                <div class=\"sec-title-dec\"><img decoding=\"async\" src=\"https:\/\/www.vipo.com.pl\/wp-content\/themes\/tayler\/assets\/images\/shape\/shape-1.png\" alt=\"Awesome Image\"><\/div>\n                        <div class=\"sub-title\">Nos services<\/div>  \n                                              \n                        <h2 class=\"sec-title mb-35\">Couture En s\u00e9rie<\/h2> \n                    <\/div>\n                                                            <div class=\"progress-levels mb-30\">                    \n                    \t                    \n                        <!--Skill Box-->\n                        <div class=\"progress-box wow fadeIn\" data-wow-delay=\"100ms\" data-wow-duration=\"1500ms\">                        \n                            <h5><\/h5>                            \n                            <div class=\"inner\">\n                                <div class=\"bar\">                                \n                                    <div class=\"bar-innner\"><div class=\"bar-fill\" data-percent=\"\"><div class=\"percent\"><\/div><\/div><\/div>\n                                <\/div>\n                            <\/div>\n                        <\/div>                        \n                     \t                     \n                    <\/div>                    \n                    <div class=\"row align-items-center\">                    \n                                                <div class=\"col-md-6\">                        \n                            <div class=\"introduction-block-two_author-wrapper wow fadeInUp\" data-wow-delay=\"0ms\" data-wow-duration=\"1500ms\">\n                                                                                            <\/div>\n                        <\/div>\n                    <\/div>\n                <\/div>                \n                            <\/div>  \n        <\/div>\n    <\/section>\n\t\n\t\t\t\t\t<\/div>\n\t\t\t\t<\/div>\n\t\t<div class=\"elementor-element elementor-element-a353270 e-flex e-con-boxed e-con e-parent\" data-id=\"a353270\" data-element_type=\"container\">\n\t\t\t\t\t<div class=\"e-con-inner\">\n\t\t\t\t<div class=\"elementor-element elementor-element-2c56252 elementor-widget elementor-widget-text-editor\" data-id=\"2c56252\" data-element_type=\"widget\" data-widget_type=\"text-editor.default\">\n\t\t\t\t<div class=\"elementor-widget-container\">\n\t\t\t\t\t\t\t\t\t<p>Notre entreprise propose la confection de s\u00e9ries depuis de nombreuses ann\u00e9es. Au d\u00e9part, nous \u00e9tions sp\u00e9cialis\u00e9s dans la fourniture de grandes s\u00e9ries pour des marques mondiales renomm\u00e9es, mais afin de r\u00e9pondre aux attentes de nos clients, nous proposons \u00e9galement la confection de petites s\u00e9ries et de collections. De nombreuses entreprises \u00e9vitent ce type de production en raison de sa plus grande complexit\u00e9. Notre entreprise propose la confection de petites s\u00e9ries \u00e0 des prix abordables et dans des d\u00e9lais courts. Nous assurons une assistance technique \u00e0 chaque \u00e9tape de la production : du choix ou de l&#8217;\u00e9laboration d&#8217;un nouveau mod\u00e8le (pr\u00e9paration des patrons de base, gradation) \u00e0 la s\u00e9lection des accessoires appropri\u00e9s et aux diff\u00e9rentes options de finition. Le d\u00e9lai de r\u00e9alisation des commandes en s\u00e9rie est d&#8217;environ 2 \u00e0 4 semaines et d\u00e9pend du volume de la commande et de la r\u00e9servation pr\u00e9alable des capacit\u00e9s de production.      <\/p>\t\t\t\t\t\t\t\t<\/div>\n\t\t\t\t<\/div>\n\t\t\t\t\t<\/div>\n\t\t\t\t<\/div>\n\t\t\t\t\t<\/div>\n\t\t<\/div>\n\t\t\t\t\t<\/div>\n\t\t<\/section>\n\t\t\t\t<section class=\"elementor-section elementor-top-section elementor-element elementor-element-38b6bce elementor-section-full_width elementor-section-height-default elementor-section-height-default\" data-id=\"38b6bce\" data-element_type=\"section\">\n\t\t\t\t\t\t<div class=\"elementor-container elementor-column-gap-default\">\n\t\t\t\t\t<div class=\"elementor-column elementor-col-100 elementor-top-column elementor-element elementor-element-79cc990\" data-id=\"79cc990\" data-element_type=\"column\">\n\t\t\t<div class=\"elementor-widget-wrap elementor-element-populated\">\n\t\t\t\t\t\t<div class=\"elementor-element elementor-element-201a7cc elementor-widget elementor-widget-tayler_about\" data-id=\"201a7cc\" data-element_type=\"widget\" data-widget_type=\"tayler_about.default\">\n\t\t\t\t<div class=\"elementor-widget-container\">\n\t\t\t\t\t      \n    <!-- introduction-section two -->\n    <section class=\"introduction-section-two\">\n        <div class=\"auto-container\">        \n            <div class=\"row\">            \n                <div class=\"col-lg-6\">                \n                                                            <div class=\"progress-levels mb-30\">                    \n                    \t                    \n                        <!--Skill Box-->\n                        <div class=\"progress-box wow fadeIn\" data-wow-delay=\"100ms\" data-wow-duration=\"1500ms\">                        \n                            <h5><\/h5>                            \n                            <div class=\"inner\">\n                                <div class=\"bar\">                                \n                                    <div class=\"bar-innner\"><div class=\"bar-fill\" data-percent=\"\"><div class=\"percent\"><\/div><\/div><\/div>\n                                <\/div>\n                            <\/div>\n                        <\/div>                        \n                     \t                     \n                    <\/div>                    \n                    <div class=\"row align-items-center\">                    \n                                                <div class=\"col-md-6\">                        \n                            <div class=\"introduction-block-two_author-wrapper wow fadeInUp\" data-wow-delay=\"0ms\" data-wow-duration=\"1500ms\">\n                                                                                            <\/div>\n                        <\/div>\n                    <\/div>\n                <\/div>                \n                            <\/div>  \n        <\/div>\n    <\/section>\n\t\n\t\t\t\t\t<\/div>\n\t\t\t\t<\/div>\n\t\t\t\t\t<\/div>\n\t\t<\/div>\n\t\t\t\t\t<\/div>\n\t\t<\/section>\n\t\t\t\t<\/div>\n\t\t","protected":false},"excerpt":{"rendered":"<p>Nos services Couture En s\u00e9rie Notre entreprise propose la confection de s\u00e9ries depuis de nombreuses ann\u00e9es. Au d\u00e9part, nous \u00e9tions sp\u00e9cialis\u00e9s dans la fourniture de grandes s\u00e9ries pour des marques mondiales renomm\u00e9es, mais afin de r\u00e9pondre aux attentes de nos clients, nous proposons \u00e9galement la confection de petites s\u00e9ries et de collections. De nombreuses entreprises [&hellip;]<\/p>\n","protected":false},"author":1,"featured_media":0,"parent":0,"menu_order":0,"comment_status":"closed","ping_status":"closed","template":"tpl-default-elementor.php","meta":{"footnotes":""},"class_list":["post-3047","page","type-page","status-publish","hentry"],"_links":{"self":[{"href":"https:\/\/www.vipo.com.pl\/fr\/index.php\/wp-json\/wp\/v2\/pages\/3047","targetHints":{"allow":["GET"]}}],"collection":[{"href":"https:\/\/www.vipo.com.pl\/fr\/index.php\/wp-json\/wp\/v2\/pages"}],"about":[{"href":"https:\/\/www.vipo.com.pl\/fr\/index.php\/wp-json\/wp\/v2\/types\/page"}],"author":[{"embeddable":true,"href":"https:\/\/www.vipo.com.pl\/fr\/index.php\/wp-json\/wp\/v2\/users\/1"}],"replies":[{"embeddable":true,"href":"https:\/\/www.vipo.com.pl\/fr\/index.php\/wp-json\/wp\/v2\/comments?post=3047"}],"version-history":[{"count":1,"href":"https:\/\/www.vipo.com.pl\/fr\/index.php\/wp-json\/wp\/v2\/pages\/3047\/revisions"}],"predecessor-version":[{"id":3048,"href":"https:\/\/www.vipo.com.pl\/fr\/index.php\/wp-json\/wp\/v2\/pages\/3047\/revisions\/3048"}],"wp:attachment":[{"href":"https:\/\/www.vipo.com.pl\/fr\/index.php\/wp-json\/wp\/v2\/media?parent=3047"}],"curies":[{"name":"wp","href":"https:\/\/api.w.org\/{rel}","templated":true}]}}