{"id":3049,"date":"2025-07-22T16:28:39","date_gmt":"2025-07-22T14:28:39","guid":{"rendered":"https:\/\/www.vipo.com.pl\/index.php\/technologie\/"},"modified":"2025-10-31T14:04:17","modified_gmt":"2025-10-31T13:04:17","slug":"technologie","status":"publish","type":"page","link":"https:\/\/www.vipo.com.pl\/fr\/index.php\/technologie\/","title":{"rendered":"Technologie"},"content":{"rendered":"\t\t<div data-elementor-type=\"wp-page\" data-elementor-id=\"3049\" class=\"elementor elementor-3049 elementor-1482\" data-elementor-post-type=\"page\">\n\t\t\t\t\t\t<section class=\"elementor-section elementor-top-section elementor-element elementor-element-f3bc78c elementor-section-full_width elementor-section-height-default elementor-section-height-default\" data-id=\"f3bc78c\" data-element_type=\"section\">\n\t\t\t\t\t\t<div class=\"elementor-container elementor-column-gap-default\">\n\t\t\t\t\t<div class=\"elementor-column elementor-col-100 elementor-top-column elementor-element elementor-element-2be3e0c\" data-id=\"2be3e0c\" data-element_type=\"column\">\n\t\t\t<div class=\"elementor-widget-wrap elementor-element-populated\">\n\t\t\t\t\t\t<div class=\"elementor-element elementor-element-6493bb7 elementor-widget elementor-widget-tayler_about\" data-id=\"6493bb7\" data-element_type=\"widget\" data-widget_type=\"tayler_about.default\">\n\t\t\t\t<div class=\"elementor-widget-container\">\n\t\t\t\t\t      \n    <!-- introduction-section two -->\n    <section class=\"introduction-section-two\">\n        <div class=\"auto-container\">        \n            <div class=\"row\">            \n                <div class=\"col-lg-6\">                \n                                        <div class=\"sec-title-box wow fadeInUp\" data-wow-delay=\"0ms\" data-wow-duration=\"1500ms\">                    \n                                                <div class=\"sec-title-dec\"><img decoding=\"async\" src=\"https:\/\/www.vipo.com.pl\/wp-content\/themes\/tayler\/assets\/images\/shape\/shape-1.png\" alt=\"Awesome Image\"><\/div>\n                        <div class=\"sub-title\">Nos technologies<\/div>  \n                                              \n                        <h2 class=\"sec-title mb-35\">Technologie<\/h2> \n                    <\/div>\n                                                            <div class=\"progress-levels mb-30\">                    \n                    \t                    \n                        <!--Skill Box-->\n                        <div class=\"progress-box wow fadeIn\" data-wow-delay=\"100ms\" data-wow-duration=\"1500ms\">                        \n                            <h5><\/h5>                            \n                            <div class=\"inner\">\n                                <div class=\"bar\">                                \n                                    <div class=\"bar-innner\"><div class=\"bar-fill\" data-percent=\"\"><div class=\"percent\"><\/div><\/div><\/div>\n                                <\/div>\n                            <\/div>\n                        <\/div>                        \n                     \t                     \n                    <\/div>                    \n                    <div class=\"row align-items-center\">                    \n                                                <div class=\"col-md-6\">                        \n                            <div class=\"introduction-block-two_author-wrapper wow fadeInUp\" data-wow-delay=\"0ms\" data-wow-duration=\"1500ms\">\n                                                                                            <\/div>\n                        <\/div>\n                    <\/div>\n                <\/div>                \n                            <\/div>  \n        <\/div>\n    <\/section>\n\t\n\t\t\t\t\t<\/div>\n\t\t\t\t<\/div>\n\t\t<div class=\"elementor-element elementor-element-a353270 e-flex e-con-boxed e-con e-parent\" data-id=\"a353270\" data-element_type=\"container\">\n\t\t\t\t\t<div class=\"e-con-inner\">\n\t\t\t\t<div class=\"elementor-element elementor-element-2c56252 elementor-widget elementor-widget-text-editor\" data-id=\"2c56252\" data-element_type=\"widget\" data-widget_type=\"text-editor.default\">\n\t\t\t\t<div class=\"elementor-widget-container\">\n\t\t\t\t\t\t\t\t\t<p>En combinant plus de vingt ans d&#8217;exp\u00e9rience de nos employ\u00e9s avec des machines ultramodernes nous cr\u00e9ons a8&gt; nous cr\u00e9ons un produit unique r\u00e9pondant aux plus hautes attentes. Nous sommes l&#8217;une des rares entreprises au monde travaillant en parall\u00e8le sur deux syst\u00e8mes technologiques : GERBER et LECTRA utilis\u00e9s pour pr\u00e9parer mod\u00e8le et d\u00e9coupe des v\u00eatements. Nous croyons en l&#8217;am\u00e9lioration continue et le d\u00e9veloppement, c&#8217;est pourquoi notre entreprise investit constamment dans les technologies les plus r\u00e9centes. Dans le d\u00e9partement de la coupe, nous disposons d&#8217;une ligne technologique innovante, qui r\u00e9duit consid\u00e9rablement le temps de coupe et permet une utilisation optimale a53&gt; utilisation des tissus et des doublures lors de la coupe. <br>Nous disposons d&#8217;un parc de machines efficace et moderne bas\u00e9 sur des machines de couture sp\u00e9cialis\u00e9es et des surjeteuses. a66&gt; machines \u00e0 coudre, surjeteuses des meilleures marques telles que a72&gt; telles que Brother, Adler, Juki, Pfaff, Indupress, Meyer. Nous disposons a80&gt; \u00e9galement une machine sp\u00e9ciale pour la broderie et la r\u00e9alisation de monogrammes et monogrammes. <br>Les machines dont nous disposons et notre personnel qualifi\u00e9 nous permettent de produire environ. 300 pi\u00e8ces. par jour de haute qualit\u00e9 v\u00eatements. Nos employ\u00e9s poss\u00e8dent de nombreuses ann\u00e9es d&#8217; a104&gt; exp\u00e9rience dans l&#8217;art de la couture, ce qui fait que nous recherchons sans cesse la perfection dans la r\u00e9alisation de chaque produit. <br>L&#8217;objectif de notre entreprise est d&#8217;assurer un service optimal service \u00e0 nos clients, qui d\u00e9passe largement le simple processus de conditionnement, malgr\u00e9 a133&gt; qu&#8217; il reste l&#8217;activit\u00e9 principale de notre entreprise.       <\/p><p>Nos produits peuvent \u00eatre divis\u00e9s en trois groupes principaux :<br>&#8211; Confection sur mesure<br>&#8211; Confection en s\u00e9rie<br>&#8211; Confection pour les entreprises (v\u00eatements professionnels et d&#8217;entreprise)<\/p><p>Nous proposons des produits cousus selon la m\u00e9thode thermocoll\u00e9e (thermo) et semi-traditionnelle, en utilisant des accessoires s\u00e9lectionn\u00e9s de mani\u00e8re optimale en fonction des besoins du client. Depuis de nombreuses ann\u00e9es, nous sommes sp\u00e9cialis\u00e9s dans la confection de v\u00eatements enti\u00e8rement en toile. Nous r\u00e9alisons des boutonni\u00e8res \u00e0 la main avec du fil de soie.  <\/p><p>Notre service client\u00e8le, disponible en polonais, anglais, fran\u00e7ais et allemand, est toujours \u00e0 votre disposition pour r\u00e9pondre \u00e0 toutes vos questions.  <\/p><p>Nos clients peuvent \u00e9galement compter sur nous dans les domaines suivants :<br>a) Aide au choix du mod\u00e8le, du tissu et des accessoires appropri\u00e9s<br>b) Aide \u00e0 l&#8217;\u00e9laboration de patrons<br>c) Aide \u00e0 l&#8217;achat d&#8217;accessoires vestimentaires (\u00e9galement avec le logo du client)<br>d) Aide au d\u00e9douanement<br>e) Possibilit\u00e9 de stocker les tissus dans notre entrep\u00f4t et de v\u00e9rifier l&#8217;\u00e9tat actuel des tissus confi\u00e9s<br>f) Aide \u00e0 l&#8217;organisation du transport national et international, tant par l&#8217;interm\u00e9diaire de soci\u00e9t\u00e9s de messagerie \u00e0 des tarifs tr\u00e8s pr\u00e9f\u00e9rentiels que par la possibilit\u00e9 d&#8217;organiser le transport routier (camions sp\u00e9ciaux adapt\u00e9s au transport de v\u00eatements sur cintres).<\/p>\t\t\t\t\t\t\t\t<\/div>\n\t\t\t\t<\/div>\n\t\t\t\t\t<\/div>\n\t\t\t\t<\/div>\n\t\t\t\t\t<\/div>\n\t\t<\/div>\n\t\t\t\t\t<\/div>\n\t\t<\/section>\n\t\t\t\t<section class=\"elementor-section elementor-top-section elementor-element elementor-element-38b6bce elementor-section-full_width elementor-section-height-default elementor-section-height-default\" data-id=\"38b6bce\" data-element_type=\"section\">\n\t\t\t\t\t\t<div class=\"elementor-container elementor-column-gap-default\">\n\t\t\t\t\t<div class=\"elementor-column elementor-col-100 elementor-top-column elementor-element elementor-element-79cc990\" data-id=\"79cc990\" data-element_type=\"column\">\n\t\t\t<div class=\"elementor-widget-wrap elementor-element-populated\">\n\t\t\t\t\t\t<div class=\"elementor-element elementor-element-201a7cc elementor-widget elementor-widget-tayler_about\" data-id=\"201a7cc\" data-element_type=\"widget\" data-widget_type=\"tayler_about.default\">\n\t\t\t\t<div class=\"elementor-widget-container\">\n\t\t\t\t\t      \n    <!-- introduction-section two -->\n    <section class=\"introduction-section-two\">\n        <div class=\"auto-container\">        \n            <div class=\"row\">            \n                <div class=\"col-lg-6\">                \n                                                            <div class=\"progress-levels mb-30\">                    \n                    \t                    \n                        <!--Skill Box-->\n                        <div class=\"progress-box wow fadeIn\" data-wow-delay=\"100ms\" data-wow-duration=\"1500ms\">                        \n                            <h5><\/h5>                            \n                            <div class=\"inner\">\n                                <div class=\"bar\">                                \n                                    <div class=\"bar-innner\"><div class=\"bar-fill\" data-percent=\"\"><div class=\"percent\"><\/div><\/div><\/div>\n                                <\/div>\n                            <\/div>\n                        <\/div>                        \n                     \t                     \n                    <\/div>                    \n                    <div class=\"row align-items-center\">                    \n                                                <div class=\"col-md-6\">                        \n                            <div class=\"introduction-block-two_author-wrapper wow fadeInUp\" data-wow-delay=\"0ms\" data-wow-duration=\"1500ms\">\n                                                                                            <\/div>\n                        <\/div>\n                    <\/div>\n                <\/div>                \n                            <\/div>  \n        <\/div>\n    <\/section>\n\t\n\t\t\t\t\t<\/div>\n\t\t\t\t<\/div>\n\t\t\t\t\t<\/div>\n\t\t<\/div>\n\t\t\t\t\t<\/div>\n\t\t<\/section>\n\t\t\t\t<\/div>\n\t\t","protected":false},"excerpt":{"rendered":"<p>Nos technologies Technologie En combinant plus de vingt ans d&#8217;exp\u00e9rience de nos employ\u00e9s avec des machines ultramodernes nous cr\u00e9ons a8&gt; nous cr\u00e9ons un produit unique r\u00e9pondant aux plus hautes attentes. Nous sommes l&#8217;une des rares entreprises au monde travaillant en parall\u00e8le sur deux syst\u00e8mes technologiques : GERBER et LECTRA utilis\u00e9s pour pr\u00e9parer mod\u00e8le et d\u00e9coupe [&hellip;]<\/p>\n","protected":false},"author":1,"featured_media":0,"parent":0,"menu_order":0,"comment_status":"closed","ping_status":"closed","template":"tpl-default-elementor.php","meta":{"footnotes":""},"class_list":["post-3049","page","type-page","status-publish","hentry"],"_links":{"self":[{"href":"https:\/\/www.vipo.com.pl\/fr\/index.php\/wp-json\/wp\/v2\/pages\/3049","targetHints":{"allow":["GET"]}}],"collection":[{"href":"https:\/\/www.vipo.com.pl\/fr\/index.php\/wp-json\/wp\/v2\/pages"}],"about":[{"href":"https:\/\/www.vipo.com.pl\/fr\/index.php\/wp-json\/wp\/v2\/types\/page"}],"author":[{"embeddable":true,"href":"https:\/\/www.vipo.com.pl\/fr\/index.php\/wp-json\/wp\/v2\/users\/1"}],"replies":[{"embeddable":true,"href":"https:\/\/www.vipo.com.pl\/fr\/index.php\/wp-json\/wp\/v2\/comments?post=3049"}],"version-history":[{"count":1,"href":"https:\/\/www.vipo.com.pl\/fr\/index.php\/wp-json\/wp\/v2\/pages\/3049\/revisions"}],"predecessor-version":[{"id":3050,"href":"https:\/\/www.vipo.com.pl\/fr\/index.php\/wp-json\/wp\/v2\/pages\/3049\/revisions\/3050"}],"wp:attachment":[{"href":"https:\/\/www.vipo.com.pl\/fr\/index.php\/wp-json\/wp\/v2\/media?parent=3049"}],"curies":[{"name":"wp","href":"https:\/\/api.w.org\/{rel}","templated":true}]}}