{"id":3051,"date":"2025-07-22T13:39:21","date_gmt":"2025-07-22T11:39:21","guid":{"rendered":"https:\/\/www.vipo.com.pl\/index.php\/a-propos-de-nous\/"},"modified":"2025-11-24T11:56:26","modified_gmt":"2025-11-24T10:56:26","slug":"a-propos-de-nous","status":"publish","type":"page","link":"https:\/\/www.vipo.com.pl\/fr\/index.php\/a-propos-de-nous\/","title":{"rendered":"\u00c0 propos de nous"},"content":{"rendered":"\t\t<div data-elementor-type=\"wp-page\" data-elementor-id=\"3051\" class=\"elementor elementor-3051 elementor-1357\" data-elementor-post-type=\"page\">\n\t\t\t\t\t\t<section class=\"elementor-section elementor-top-section elementor-element elementor-element-f3bc78c elementor-section-full_width elementor-section-height-default elementor-section-height-default\" data-id=\"f3bc78c\" data-element_type=\"section\">\n\t\t\t\t\t\t<div class=\"elementor-container elementor-column-gap-default\">\n\t\t\t\t\t<div class=\"elementor-column elementor-col-100 elementor-top-column elementor-element elementor-element-2be3e0c\" data-id=\"2be3e0c\" data-element_type=\"column\">\n\t\t\t<div class=\"elementor-widget-wrap elementor-element-populated\">\n\t\t\t\t\t\t<div class=\"elementor-element elementor-element-6493bb7 elementor-widget elementor-widget-tayler_about\" data-id=\"6493bb7\" data-element_type=\"widget\" data-widget_type=\"tayler_about.default\">\n\t\t\t\t<div class=\"elementor-widget-container\">\n\t\t\t\t\t      \n    <!-- introduction-section two -->\n    <section class=\"introduction-section-two\">\n        <div class=\"auto-container\">        \n            <div class=\"row\">            \n                <div class=\"col-lg-6\">                \n                                        <div class=\"sec-title-box wow fadeInUp\" data-wow-delay=\"0ms\" data-wow-duration=\"1500ms\">                    \n                                                <div class=\"sec-title-dec\"><img decoding=\"async\" src=\"https:\/\/www.vipo.com.pl\/wp-content\/themes\/tayler\/assets\/images\/shape\/shape-1.png\" alt=\"Awesome Image\"><\/div>\n                        <div class=\"sub-title\">\u00c0 propos de nous<\/div>  \n                                              \n                        <h2 class=\"sec-title mb-35\">\u00c0 propos de nous<\/h2> \n                    <\/div>\n                                                            <div class=\"progress-levels mb-30\">                    \n                    \t                    \n                        <!--Skill Box-->\n                        <div class=\"progress-box wow fadeIn\" data-wow-delay=\"100ms\" data-wow-duration=\"1500ms\">                        \n                            <h5><\/h5>                            \n                            <div class=\"inner\">\n                                <div class=\"bar\">                                \n                                    <div class=\"bar-innner\"><div class=\"bar-fill\" data-percent=\"\"><div class=\"percent\"><\/div><\/div><\/div>\n                                <\/div>\n                            <\/div>\n                        <\/div>                        \n                     \t                     \n                    <\/div>                    \n                    <div class=\"row align-items-center\">                    \n                                                <div class=\"col-md-6\">                        \n                            <div class=\"introduction-block-two_author-wrapper wow fadeInUp\" data-wow-delay=\"0ms\" data-wow-duration=\"1500ms\">\n                                                                                            <\/div>\n                        <\/div>\n                    <\/div>\n                <\/div>                \n                            <\/div>  \n        <\/div>\n    <\/section>\n\t\n\t\t\t\t\t<\/div>\n\t\t\t\t<\/div>\n\t\t<div class=\"elementor-element elementor-element-a353270 e-flex e-con-boxed e-con e-parent\" data-id=\"a353270\" data-element_type=\"container\">\n\t\t\t\t\t<div class=\"e-con-inner\">\n\t\t\t\t<div class=\"elementor-element elementor-element-2c56252 elementor-widget elementor-widget-text-editor\" data-id=\"2c56252\" data-element_type=\"widget\" data-widget_type=\"text-editor.default\">\n\t\t\t\t<div class=\"elementor-widget-container\">\n\t\t\t\t\t\t\t\t\t<span>Nous sommes une usine polonaise sp\u00e9cialis\u00e9e dans la confection sur mesure (MTM) et semi-sur mesure. Nous cr\u00e9ons des v\u00eatements sur mesure en nous appuyant sur les nombreuses ann\u00e9es d\u2019exp\u00e9rience de nos tailleurs et technologues, soutenus par des \u00e9quipements technologiques innovants et une plateforme B2B num\u00e9rique.\n<br><br>\nNous cr\u00e9ons un espace o\u00f9 la marque, sa vision et son style constituent un point de d\u00e9part et non une contrainte. Chez nous, vous ne trouverez pas de mod\u00e8les impos\u00e9s, de catalogues \u00ab incontournables \u00bb ou de structures restrictives. Nos processus reposent sur une compr\u00e9hension totale de l&#8217;esth\u00e9tique et de l&#8217;ADN de votre marque, autour de laquelle nous construisons ensuite une base personnalis\u00e9e de mod\u00e8les et de constructions. <br>Notre \u00e9quipe de technologues et de constructeurs n&#8217;est pas seulement compos\u00e9e de couturiers exp\u00e9riment\u00e9s, mais aussi de partenaires dans le processus cr\u00e9atif. Nous \u00e9coutons, conseillons, testons et affinons jusqu&#8217;\u00e0 obtenir un r\u00e9sultat qui refl\u00e8te \u00e0 100 % votre vision. Nous ne limitons pas, nous rendons possible.   <\/span>\t\t\t\t\t\t\t\t<\/div>\n\t\t\t\t<\/div>\n\t\t\t\t\t<\/div>\n\t\t\t\t<\/div>\n\t\t\t\t\t<\/div>\n\t\t<\/div>\n\t\t\t\t\t<\/div>\n\t\t<\/section>\n\t\t\t\t<section class=\"elementor-section elementor-top-section elementor-element elementor-element-38b6bce elementor-section-full_width elementor-section-height-default elementor-section-height-default\" data-id=\"38b6bce\" data-element_type=\"section\">\n\t\t\t\t\t\t<div class=\"elementor-container elementor-column-gap-default\">\n\t\t\t\t\t<div class=\"elementor-column elementor-col-100 elementor-top-column elementor-element elementor-element-7cdfb7b\" data-id=\"7cdfb7b\" data-element_type=\"column\">\n\t\t\t<div class=\"elementor-widget-wrap elementor-element-populated\">\n\t\t\t\t<div class=\"elementor-element elementor-element-9abca68 e-flex e-con-boxed e-con e-parent\" data-id=\"9abca68\" data-element_type=\"container\">\n\t\t\t\t\t<div class=\"e-con-inner\">\n\t\t\t\t\t<\/div>\n\t\t\t\t<\/div>\n\t\t\t\t\t<\/div>\n\t\t<\/div>\n\t\t\t\t\t<\/div>\n\t\t<\/section>\n\t\t<div class=\"elementor-element elementor-element-8bcfd34 e-flex e-con-boxed e-con e-parent\" data-id=\"8bcfd34\" data-element_type=\"container\">\n\t\t\t\t\t<div class=\"e-con-inner\">\n\t\t\t\t<div class=\"elementor-element elementor-element-6163653 elementor-widget elementor-widget-tayler_our_gallery\" data-id=\"6163653\" data-element_type=\"widget\" data-widget_type=\"tayler_our_gallery.default\">\n\t\t\t\t<div class=\"elementor-widget-container\">\n\t\t\t\t\t \n     <!-- Gallery -->\n    <section class=\"gallery-section\">\n        <div class=\"auto-continer\">\n            <div class=\"row row-3\">\n                                <div class=\"col-lg-3 col-md-6\">\n                    <div class=\"gallery-block gallery-overlay\">\n                        <div class=\"gallery-block_image\">\n                        \t<img fetchpriority=\"high\" decoding=\"async\" width=\"469\" height=\"508\" src=\"https:\/\/www.vipo.com.pl\/wp-content\/uploads\/2025\/08\/o-nas-2-469x508.png\" class=\"attachment-tayler_469x508 size-tayler_469x508 wp-post-image\" alt=\"\" srcset=\"https:\/\/www.vipo.com.pl\/wp-content\/uploads\/2025\/08\/o-nas-2-469x508.png 469w, https:\/\/www.vipo.com.pl\/wp-content\/uploads\/2025\/08\/o-nas-2-445x482.png 445w\" sizes=\"(max-width: 469px) 100vw, 469px\" \/>                        <\/div>                        \n                        <div class=\"overlay-box\">\n                            <div class=\"overlay-inner\">\n                                <div class=\"content\">                                \n                                    <a href=\"https:\/\/www.vipo.com.pl\/wp-content\/uploads\/2025\/08\/o-nas-2.webp\" class=\"img-popup link\" data-fancybox=\"gallery\"><span class=\"icon fal fa-plus\"><\/span><\/a>\n                                <\/div>\n                            <\/div>\n                        <\/div>\n                    <\/div>\n                <\/div>\n                                <div class=\"col-lg-3 col-md-6\">\n                    <div class=\"gallery-block gallery-overlay\">\n                        <div class=\"gallery-block_image\">\n                        \t<img decoding=\"async\" width=\"469\" height=\"508\" src=\"https:\/\/www.vipo.com.pl\/wp-content\/uploads\/2025\/08\/o-nas-1-469x508.webp\" class=\"attachment-tayler_469x508 size-tayler_469x508 wp-post-image\" alt=\"\" srcset=\"https:\/\/www.vipo.com.pl\/wp-content\/uploads\/2025\/08\/o-nas-1-469x508.webp 469w, https:\/\/www.vipo.com.pl\/wp-content\/uploads\/2025\/08\/o-nas-1-445x482.webp 445w\" sizes=\"(max-width: 469px) 100vw, 469px\" \/>                        <\/div>                        \n                        <div class=\"overlay-box\">\n                            <div class=\"overlay-inner\">\n                                <div class=\"content\">                                \n                                    <a href=\"https:\/\/www.vipo.com.pl\/wp-content\/uploads\/2025\/08\/o-nas-1.webp\" class=\"img-popup link\" data-fancybox=\"gallery\"><span class=\"icon fal fa-plus\"><\/span><\/a>\n                                <\/div>\n                            <\/div>\n                        <\/div>\n                    <\/div>\n                <\/div>\n                                <div class=\"col-lg-3 col-md-6\">\n                    <div class=\"gallery-block gallery-overlay\">\n                        <div class=\"gallery-block_image\">\n                        \t<img decoding=\"async\" width=\"469\" height=\"508\" src=\"https:\/\/www.vipo.com.pl\/wp-content\/uploads\/2025\/08\/o-nas-4-469x508.png\" class=\"attachment-tayler_469x508 size-tayler_469x508 wp-post-image\" alt=\"\" srcset=\"https:\/\/www.vipo.com.pl\/wp-content\/uploads\/2025\/08\/o-nas-4-469x508.png 469w, https:\/\/www.vipo.com.pl\/wp-content\/uploads\/2025\/08\/o-nas-4-445x482.png 445w\" sizes=\"(max-width: 469px) 100vw, 469px\" \/>                        <\/div>                        \n                        <div class=\"overlay-box\">\n                            <div class=\"overlay-inner\">\n                                <div class=\"content\">                                \n                                    <a href=\"https:\/\/www.vipo.com.pl\/wp-content\/uploads\/2025\/08\/o-nas-4.png\" class=\"img-popup link\" data-fancybox=\"gallery\"><span class=\"icon fal fa-plus\"><\/span><\/a>\n                                <\/div>\n                            <\/div>\n                        <\/div>\n                    <\/div>\n                <\/div>\n                                <div class=\"col-lg-3 col-md-6\">\n                    <div class=\"gallery-block gallery-overlay\">\n                        <div class=\"gallery-block_image\">\n                        \t<img loading=\"lazy\" decoding=\"async\" width=\"469\" height=\"508\" src=\"https:\/\/www.vipo.com.pl\/wp-content\/uploads\/2025\/08\/o-nas-3-469x508.png\" class=\"attachment-tayler_469x508 size-tayler_469x508 wp-post-image\" alt=\"\" srcset=\"https:\/\/www.vipo.com.pl\/wp-content\/uploads\/2025\/08\/o-nas-3-469x508.png 469w, https:\/\/www.vipo.com.pl\/wp-content\/uploads\/2025\/08\/o-nas-3-445x482.png 445w\" sizes=\"(max-width: 469px) 100vw, 469px\" \/>                        <\/div>                        \n                        <div class=\"overlay-box\">\n                            <div class=\"overlay-inner\">\n                                <div class=\"content\">                                \n                                    <a href=\"https:\/\/www.vipo.com.pl\/wp-content\/uploads\/2025\/08\/o-nas-3.png\" class=\"img-popup link\" data-fancybox=\"gallery\"><span class=\"icon fal fa-plus\"><\/span><\/a>\n                                <\/div>\n                            <\/div>\n                        <\/div>\n                    <\/div>\n                <\/div>\n                                 \n            <\/div>\n        <\/div>\n    <\/section>\n\t\n\t\t\t\t\t<\/div>\n\t\t\t\t<\/div>\n\t\t\t\t\t<\/div>\n\t\t\t\t<\/div>\n\t\t\t\t<section class=\"elementor-section elementor-top-section elementor-element elementor-element-1365fdb elementor-section-full_width elementor-section-height-default elementor-section-height-default\" data-id=\"1365fdb\" data-element_type=\"section\">\n\t\t\t\t\t\t<div class=\"elementor-container elementor-column-gap-default\">\n\t\t\t\t\t<div class=\"elementor-column elementor-col-100 elementor-top-column elementor-element elementor-element-77c4ed0\" data-id=\"77c4ed0\" data-element_type=\"column\">\n\t\t\t<div class=\"elementor-widget-wrap elementor-element-populated\">\n\t\t\t\t\t\t<div class=\"elementor-element elementor-element-ab70119 elementor-widget elementor-widget-tayler_about\" data-id=\"ab70119\" data-element_type=\"widget\" data-widget_type=\"tayler_about.default\">\n\t\t\t\t<div class=\"elementor-widget-container\">\n\t\t\t\t\t      \n    <!-- introduction-section two -->\n    <section class=\"introduction-section-two\">\n        <div class=\"auto-container\">        \n            <div class=\"row\">            \n                <div class=\"col-lg-6\">                \n                                                            <div class=\"progress-levels mb-30\">                    \n                    \t                    \n                        <!--Skill Box-->\n                        <div class=\"progress-box wow fadeIn\" data-wow-delay=\"100ms\" data-wow-duration=\"1500ms\">                        \n                            <h5><\/h5>                            \n                            <div class=\"inner\">\n                                <div class=\"bar\">                                \n                                    <div class=\"bar-innner\"><div class=\"bar-fill\" data-percent=\"\"><div class=\"percent\"><\/div><\/div><\/div>\n                                <\/div>\n                            <\/div>\n                        <\/div>                        \n                     \t                     \n                    <\/div>                    \n                    <div class=\"row align-items-center\">                    \n                                                <div class=\"col-md-6\">                        \n                            <div class=\"introduction-block-two_author-wrapper wow fadeInUp\" data-wow-delay=\"0ms\" data-wow-duration=\"1500ms\">\n                                                                                            <\/div>\n                        <\/div>\n                    <\/div>\n                <\/div>                \n                            <\/div>  \n        <\/div>\n    <\/section>\n\t\n\t\t\t\t\t<\/div>\n\t\t\t\t<\/div>\n\t\t<div class=\"elementor-element elementor-element-2e049de e-flex e-con-boxed e-con e-parent\" data-id=\"2e049de\" data-element_type=\"container\">\n\t\t\t\t\t<div class=\"e-con-inner\">\n\t\t\t\t<div class=\"elementor-element elementor-element-9387f4a elementor-icon-list--layout-traditional elementor-list-item-link-full_width elementor-widget elementor-widget-icon-list\" data-id=\"9387f4a\" data-element_type=\"widget\" data-widget_type=\"icon-list.default\">\n\t\t\t\t<div class=\"elementor-widget-container\">\n\t\t\t\t\t\t\t<ul class=\"elementor-icon-list-items\">\n\t\t\t\t\t\t\t<li class=\"elementor-icon-list-item\">\n\t\t\t\t\t\t\t\t\t\t\t<span class=\"elementor-icon-list-icon\">\n\t\t\t\t\t\t\t<svg aria-hidden=\"true\" class=\"e-font-icon-svg e-fas-check\" viewBox=\"0 0 512 512\" xmlns=\"http:\/\/www.w3.org\/2000\/svg\"><path d=\"M173.898 439.404l-166.4-166.4c-9.997-9.997-9.997-26.206 0-36.204l36.203-36.204c9.997-9.998 26.207-9.998 36.204 0L192 312.69 432.095 72.596c9.997-9.997 26.207-9.997 36.204 0l36.203 36.204c9.997 9.997 9.997 26.206 0 36.204l-294.4 294.401c-9.998 9.997-26.207 9.997-36.204-.001z\"><\/path><\/svg>\t\t\t\t\t\t<\/span>\n\t\t\t\t\t\t\t\t\t\t<span class=\"elementor-icon-list-text\">Nous adapterons la structure \u00e0 votre style, qu'il s'agisse du style classique Savile Row, du style italien doux et l\u00e9ger ou du minimalisme parisien.<\/span>\n\t\t\t\t\t\t\t\t\t<\/li>\n\t\t\t\t\t\t\t\t<li class=\"elementor-icon-list-item\">\n\t\t\t\t\t\t\t\t\t\t\t<span class=\"elementor-icon-list-icon\">\n\t\t\t\t\t\t\t<svg aria-hidden=\"true\" class=\"e-font-icon-svg e-fas-check\" viewBox=\"0 0 512 512\" xmlns=\"http:\/\/www.w3.org\/2000\/svg\"><path d=\"M173.898 439.404l-166.4-166.4c-9.997-9.997-9.997-26.206 0-36.204l36.203-36.204c9.997-9.998 26.207-9.998 36.204 0L192 312.69 432.095 72.596c9.997-9.997 26.207-9.997 36.204 0l36.203 36.204c9.997 9.997 9.997 26.206 0 36.204l-294.4 294.401c-9.998 9.997-26.207 9.997-36.204-.001z\"><\/path><\/svg>\t\t\t\t\t\t<\/span>\n\t\t\t\t\t\t\t\t\t\t<span class=\"elementor-icon-list-text\">Nous cr\u00e9erons des formes uniques qui n'appartiendront qu'\u00e0 vous, sans \u00ab couper les coupons \u00bb des bases pr\u00eates \u00e0 l'emploi.<\/span>\n\t\t\t\t\t\t\t\t\t<\/li>\n\t\t\t\t\t\t\t\t<li class=\"elementor-icon-list-item\">\n\t\t\t\t\t\t\t\t\t\t\t<span class=\"elementor-icon-list-icon\">\n\t\t\t\t\t\t\t<svg aria-hidden=\"true\" class=\"e-font-icon-svg e-fas-check\" viewBox=\"0 0 512 512\" xmlns=\"http:\/\/www.w3.org\/2000\/svg\"><path d=\"M173.898 439.404l-166.4-166.4c-9.997-9.997-9.997-26.206 0-36.204l36.203-36.204c9.997-9.998 26.207-9.998 36.204 0L192 312.69 432.095 72.596c9.997-9.997 26.207-9.997 36.204 0l36.203 36.204c9.997 9.997 9.997 26.206 0 36.204l-294.4 294.401c-9.998 9.997-26.207 9.997-36.204-.001z\"><\/path><\/svg>\t\t\t\t\t\t<\/span>\n\t\t\t\t\t\t\t\t\t\t<span class=\"elementor-icon-list-text\">Nous prenons soin des d\u00e9tails qui constituent l'identit\u00e9 de la marque, m\u00eame les plus infimes.<\/span>\n\t\t\t\t\t\t\t\t\t<\/li>\n\t\t\t\t\t\t\t\t<li class=\"elementor-icon-list-item\">\n\t\t\t\t\t\t\t\t\t\t\t<span class=\"elementor-icon-list-icon\">\n\t\t\t\t\t\t\t<svg aria-hidden=\"true\" class=\"e-font-icon-svg e-fas-check\" viewBox=\"0 0 512 512\" xmlns=\"http:\/\/www.w3.org\/2000\/svg\"><path d=\"M173.898 439.404l-166.4-166.4c-9.997-9.997-9.997-26.206 0-36.204l36.203-36.204c9.997-9.998 26.207-9.998 36.204 0L192 312.69 432.095 72.596c9.997-9.997 26.207-9.997 36.204 0l36.203 36.204c9.997 9.997 9.997 26.206 0 36.204l-294.4 294.401c-9.998 9.997-26.207 9.997-36.204-.001z\"><\/path><\/svg>\t\t\t\t\t\t<\/span>\n\t\t\t\t\t\t\t\t\t\t<span class=\"elementor-icon-list-text\">Nous n'achetons pas de solutions, nous en cr\u00e9ons toujours de nouvelles en pensant \u00e0 votre client.<\/span>\n\t\t\t\t\t\t\t\t\t<\/li>\n\t\t\t\t\t\t<\/ul>\n\t\t\t\t\t\t<\/div>\n\t\t\t\t<\/div>\n\t\t\t\t\t<\/div>\n\t\t\t\t<\/div>\n\t\t\t\t<div class=\"elementor-element elementor-element-a0968a2 elementor-widget elementor-widget-tayler_about\" data-id=\"a0968a2\" data-element_type=\"widget\" data-widget_type=\"tayler_about.default\">\n\t\t\t\t<div class=\"elementor-widget-container\">\n\t\t\t\t\t      \n    <!-- introduction-section two -->\n    <section class=\"introduction-section-two\">\n        <div class=\"auto-container\">        \n            <div class=\"row\">            \n                <div class=\"col-lg-6\">                \n                                                            <div class=\"progress-levels mb-30\">                    \n                    \t                    \n                        <!--Skill Box-->\n                        <div class=\"progress-box wow fadeIn\" data-wow-delay=\"100ms\" data-wow-duration=\"1500ms\">                        \n                            <h5><\/h5>                            \n                            <div class=\"inner\">\n                                <div class=\"bar\">                                \n                                    <div class=\"bar-innner\"><div class=\"bar-fill\" data-percent=\"\"><div class=\"percent\"><\/div><\/div><\/div>\n                                <\/div>\n                            <\/div>\n                        <\/div>                        \n                     \t                     \n                    <\/div>                    \n                    <div class=\"row align-items-center\">                    \n                                                <div class=\"col-md-6\">                        \n                            <div class=\"introduction-block_contact-info\">                            \n                                <div class=\"introduction-block_phone-title\">Appelez-nous<\/div>                                <div class=\"introduction-block-phone\"><a href=\"tel:+48 17-225-0800\">+48 17-225-0800<\/a><\/div>                            <\/div>\n                        <\/div>                        \n                                                <div class=\"col-md-6\">                        \n                            <div class=\"introduction-block-two_author-wrapper wow fadeInUp\" data-wow-delay=\"0ms\" data-wow-duration=\"1500ms\">\n                                                                <div class=\"introduction-block-two_author-thumb\"><img decoding=\"async\" src=\"https:\/\/www.vipo.com.pl\/wp-content\/uploads\/2025\/07\/face-jg-small.webp\" alt=\"Awesome Image\"><\/div>\n                                                                                                <div class=\"introduction-block-two_signature\"><img decoding=\"async\" src=\"https:\/\/www.vipo.com.pl\/wp-content\/uploads\/2025\/07\/sign-jg.webp\" alt=\"Awesome Image\"><\/div>\n                                                            <\/div>\n                        <\/div>\n                    <\/div>\n                <\/div>                \n                            <\/div>  \n        <\/div>\n    <\/section>\n\t\n\t\t\t\t\t<\/div>\n\t\t\t\t<\/div>\n\t\t\t\t\t<\/div>\n\t\t<\/div>\n\t\t\t\t\t<\/div>\n\t\t<\/section>\n\t\t\t\t<\/div>\n\t\t","protected":false},"excerpt":{"rendered":"<p>\u00c0 propos de nous \u00c0 propos de nous Nous sommes une usine polonaise sp\u00e9cialis\u00e9e dans la confection sur mesure (MTM) et semi-sur mesure. Nous cr\u00e9ons des v\u00eatements sur mesure en nous appuyant sur les nombreuses ann\u00e9es d\u2019exp\u00e9rience de nos tailleurs et technologues, soutenus par des \u00e9quipements technologiques innovants et une plateforme B2B num\u00e9rique. Nous cr\u00e9ons [&hellip;]<\/p>\n","protected":false},"author":1,"featured_media":0,"parent":0,"menu_order":0,"comment_status":"closed","ping_status":"closed","template":"tpl-default-elementor.php","meta":{"footnotes":""},"class_list":["post-3051","page","type-page","status-publish","hentry"],"_links":{"self":[{"href":"https:\/\/www.vipo.com.pl\/fr\/index.php\/wp-json\/wp\/v2\/pages\/3051","targetHints":{"allow":["GET"]}}],"collection":[{"href":"https:\/\/www.vipo.com.pl\/fr\/index.php\/wp-json\/wp\/v2\/pages"}],"about":[{"href":"https:\/\/www.vipo.com.pl\/fr\/index.php\/wp-json\/wp\/v2\/types\/page"}],"author":[{"embeddable":true,"href":"https:\/\/www.vipo.com.pl\/fr\/index.php\/wp-json\/wp\/v2\/users\/1"}],"replies":[{"embeddable":true,"href":"https:\/\/www.vipo.com.pl\/fr\/index.php\/wp-json\/wp\/v2\/comments?post=3051"}],"version-history":[{"count":3,"href":"https:\/\/www.vipo.com.pl\/fr\/index.php\/wp-json\/wp\/v2\/pages\/3051\/revisions"}],"predecessor-version":[{"id":3141,"href":"https:\/\/www.vipo.com.pl\/fr\/index.php\/wp-json\/wp\/v2\/pages\/3051\/revisions\/3141"}],"wp:attachment":[{"href":"https:\/\/www.vipo.com.pl\/fr\/index.php\/wp-json\/wp\/v2\/media?parent=3051"}],"curies":[{"name":"wp","href":"https:\/\/api.w.org\/{rel}","templated":true}]}}