{"id":1458,"date":"2025-07-22T15:22:42","date_gmt":"2025-07-22T13:22:42","guid":{"rendered":"http:\/\/vipo.com.pl\/?page_id=1458"},"modified":"2025-07-22T15:24:38","modified_gmt":"2025-07-22T13:24:38","slug":"szycie-na-miare","status":"publish","type":"page","link":"https:\/\/www.vipo.com.pl\/index.php\/szycie-na-miare\/","title":{"rendered":"Szycie na miar\u0119"},"content":{"rendered":"\t\t<div data-elementor-type=\"wp-page\" data-elementor-id=\"1458\" class=\"elementor elementor-1458\" data-elementor-post-type=\"page\">\n\t\t\t\t\t\t<section class=\"elementor-section elementor-top-section elementor-element elementor-element-f3bc78c elementor-section-full_width elementor-section-height-default elementor-section-height-default\" data-id=\"f3bc78c\" data-element_type=\"section\">\n\t\t\t\t\t\t<div class=\"elementor-container elementor-column-gap-default\">\n\t\t\t\t\t<div class=\"elementor-column elementor-col-100 elementor-top-column elementor-element elementor-element-2be3e0c\" data-id=\"2be3e0c\" data-element_type=\"column\">\n\t\t\t<div class=\"elementor-widget-wrap elementor-element-populated\">\n\t\t\t\t\t\t<div class=\"elementor-element elementor-element-6493bb7 elementor-widget elementor-widget-tayler_about\" data-id=\"6493bb7\" data-element_type=\"widget\" data-widget_type=\"tayler_about.default\">\n\t\t\t\t<div class=\"elementor-widget-container\">\n\t\t\t\t\t      \n    <!-- introduction-section two -->\n    <section class=\"introduction-section-two\">\n        <div class=\"auto-container\">        \n            <div class=\"row\">            \n                <div class=\"col-lg-6\">                \n                                        <div class=\"sec-title-box wow fadeInUp\" data-wow-delay=\"0ms\" data-wow-duration=\"1500ms\">                    \n                                                <div class=\"sec-title-dec\"><img decoding=\"async\" src=\"https:\/\/www.vipo.com.pl\/wp-content\/themes\/tayler\/assets\/images\/shape\/shape-1.png\" alt=\"Awesome Image\"><\/div>\n                        <div class=\"sub-title\">Nasze Us\u0142ugi<\/div>  \n                                              \n                        <h2 class=\"sec-title mb-35\">Szycie Na Miar\u0119<\/h2> \n                    <\/div>\n                                                            <div class=\"progress-levels mb-30\">                    \n                    \t                    \n                        <!--Skill Box-->\n                        <div class=\"progress-box wow fadeIn\" data-wow-delay=\"100ms\" data-wow-duration=\"1500ms\">                        \n                            <h5><\/h5>                            \n                            <div class=\"inner\">\n                                <div class=\"bar\">                                \n                                    <div class=\"bar-innner\"><div class=\"bar-fill\" data-percent=\"\"><div class=\"percent\"><\/div><\/div><\/div>\n                                <\/div>\n                            <\/div>\n                        <\/div>                        \n                     \t                     \n                    <\/div>                    \n                    <div class=\"row align-items-center\">                    \n                                                <div class=\"col-md-6\">                        \n                            <div class=\"introduction-block-two_author-wrapper wow fadeInUp\" data-wow-delay=\"0ms\" data-wow-duration=\"1500ms\">\n                                                                                            <\/div>\n                        <\/div>\n                    <\/div>\n                <\/div>                \n                            <\/div>  \n        <\/div>\n    <\/section>\n\t\n\t\t\t\t\t<\/div>\n\t\t\t\t<\/div>\n\t\t<div class=\"elementor-element elementor-element-a353270 e-flex e-con-boxed e-con e-parent\" data-id=\"a353270\" data-element_type=\"container\">\n\t\t\t\t\t<div class=\"e-con-inner\">\n\t\t\t\t<div class=\"elementor-element elementor-element-2c56252 elementor-widget elementor-widget-text-editor\" data-id=\"2c56252\" data-element_type=\"widget\" data-widget_type=\"text-editor.default\">\n\t\t\t\t<div class=\"elementor-widget-container\">\n\t\t\t\t\t\t\t\t\t<p>Wychodz\u0105c\u00a0 naprzeciw naszych klient\u00f3w Vipo\u00a0\u00a0 jako jeden z nielicznych manufaktur w\u00a0 Europie\u00a0 specjalizuje si\u0119 w\u00a0 szyciu na miar\u0119; made to measure. Z przeprowadzonych bada\u0144 rynkowych wynika, i\u017c zaledwie ok. 15% klient\u00f3w jest w stanie kupi\u0107 gotowy garnitur, kt\u00f3ry nie wymaga\u0142by \u017cadnych poprawek. Dlatego te\u017c dzia\u0142 szycia na miar\u0119 jest w naszej firmie jednym z najdynamiczniej rozwijaj\u0105cych si\u0119 dzia\u0142\u00f3w. Istota szycia na miar\u0119 jest skomplikowanym procesem, kt\u00f3ry w naszej firmie funkcjonuje jako specjalny program dedykowany dla mi\u0119dzynarodowych klient\u00f3w. U nas klient ma mo\u017cliwo\u015b\u0107 stworzenia swojego garnituru od podstaw: od wyboru tkaniny, podszewki czy guzik\u00f3w, poprzez r\u00f3\u017cne dost\u0119pne opcje wyko\u0144czenia (np. monogram, columbia, st\u0119bnowania ozdobne, dodatkowa\u00a0 kiesze\u0144 na zegarek w spodniach czy telefon kom\u00f3rkowy w marynarce, rozporek na guziki w spodniach czy okre\u015blonego koloru dziurek na r\u0119kawach) skrojonego i uszytego na miar\u0119 dok\u0142adnie na konkretnego klienta. Uzyskanie tego efektu wymaga\u00a0 ogromnego do\u015bwiadczenia oraz\u00a0 dok\u0142adno\u015bci. W przypadku garnitur\u00f3w szytych na miar\u0119 bierzemy pod uwag\u0119 zar\u00f3wno indywidualne wymiary klienta (np. jeden r\u0119kaw mo\u017ce by\u0107 d\u0142u\u017cszy lub kr\u00f3tszy od drugiego) jak r\u00f3wnie\u017c jego postaw\u0119 (np. sylwetka atletyczna charakteryzuj\u0105ca si\u0119 w\u0105sk\u0105 i rozbudowan\u0105 klatk\u0105 piersiow\u0105. Standardowy czas wykonania zam\u00f3wienia szytego na miar\u0119 wynosi 14 dni roboczych od momentu otrzymania kompletnego i poprawnie wype\u0142nionego zam\u00f3wienia.<\/p>\t\t\t\t\t\t\t\t<\/div>\n\t\t\t\t<\/div>\n\t\t\t\t\t<\/div>\n\t\t\t\t<\/div>\n\t\t\t\t\t<\/div>\n\t\t<\/div>\n\t\t\t\t\t<\/div>\n\t\t<\/section>\n\t\t\t\t<section class=\"elementor-section elementor-top-section elementor-element elementor-element-38b6bce elementor-section-full_width elementor-section-height-default elementor-section-height-default\" data-id=\"38b6bce\" data-element_type=\"section\">\n\t\t\t\t\t\t<div class=\"elementor-container elementor-column-gap-default\">\n\t\t\t\t\t<div class=\"elementor-column elementor-col-100 elementor-top-column elementor-element elementor-element-79cc990\" data-id=\"79cc990\" data-element_type=\"column\">\n\t\t\t<div class=\"elementor-widget-wrap elementor-element-populated\">\n\t\t\t\t\t\t<div class=\"elementor-element elementor-element-201a7cc elementor-widget elementor-widget-tayler_about\" data-id=\"201a7cc\" data-element_type=\"widget\" data-widget_type=\"tayler_about.default\">\n\t\t\t\t<div class=\"elementor-widget-container\">\n\t\t\t\t\t      \n    <!-- introduction-section two -->\n    <section class=\"introduction-section-two\">\n        <div class=\"auto-container\">        \n            <div class=\"row\">            \n                <div class=\"col-lg-6\">                \n                                                            <div class=\"progress-levels mb-30\">                    \n                    \t                    \n                        <!--Skill Box-->\n                        <div class=\"progress-box wow fadeIn\" data-wow-delay=\"100ms\" data-wow-duration=\"1500ms\">                        \n                            <h5><\/h5>                            \n                            <div class=\"inner\">\n                                <div class=\"bar\">                                \n                                    <div class=\"bar-innner\"><div class=\"bar-fill\" data-percent=\"\"><div class=\"percent\"><\/div><\/div><\/div>\n                                <\/div>\n                            <\/div>\n                        <\/div>                        \n                     \t                     \n                    <\/div>                    \n                    <div class=\"row align-items-center\">                    \n                                                <div class=\"col-md-6\">                        \n                            <div class=\"introduction-block-two_author-wrapper wow fadeInUp\" data-wow-delay=\"0ms\" data-wow-duration=\"1500ms\">\n                                                                                            <\/div>\n                        <\/div>\n                    <\/div>\n                <\/div>                \n                            <\/div>  \n        <\/div>\n    <\/section>\n\t\n\t\t\t\t\t<\/div>\n\t\t\t\t<\/div>\n\t\t\t\t\t<\/div>\n\t\t<\/div>\n\t\t\t\t\t<\/div>\n\t\t<\/section>\n\t\t\t\t<\/div>\n\t\t","protected":false},"excerpt":{"rendered":"<p>Nasze Us\u0142ugi Szycie Na Miar\u0119 Wychodz\u0105c\u00a0 naprzeciw naszych klient\u00f3w Vipo\u00a0\u00a0 jako jeden z nielicznych manufaktur w\u00a0 Europie\u00a0 specjalizuje si\u0119 w\u00a0 szyciu na miar\u0119; made to measure. Z przeprowadzonych bada\u0144 rynkowych wynika, i\u017c zaledwie ok. 15% klient\u00f3w jest w stanie kupi\u0107 gotowy garnitur, kt\u00f3ry nie wymaga\u0142by \u017cadnych poprawek. Dlatego te\u017c dzia\u0142 szycia na miar\u0119 jest w [&hellip;]<\/p>\n","protected":false},"author":1,"featured_media":0,"parent":0,"menu_order":0,"comment_status":"closed","ping_status":"closed","template":"tpl-default-elementor.php","meta":{"footnotes":""},"class_list":["post-1458","page","type-page","status-publish","hentry"],"_links":{"self":[{"href":"https:\/\/www.vipo.com.pl\/index.php\/wp-json\/wp\/v2\/pages\/1458","targetHints":{"allow":["GET"]}}],"collection":[{"href":"https:\/\/www.vipo.com.pl\/index.php\/wp-json\/wp\/v2\/pages"}],"about":[{"href":"https:\/\/www.vipo.com.pl\/index.php\/wp-json\/wp\/v2\/types\/page"}],"author":[{"embeddable":true,"href":"https:\/\/www.vipo.com.pl\/index.php\/wp-json\/wp\/v2\/users\/1"}],"replies":[{"embeddable":true,"href":"https:\/\/www.vipo.com.pl\/index.php\/wp-json\/wp\/v2\/comments?post=1458"}],"version-history":[{"count":3,"href":"https:\/\/www.vipo.com.pl\/index.php\/wp-json\/wp\/v2\/pages\/1458\/revisions"}],"predecessor-version":[{"id":1461,"href":"https:\/\/www.vipo.com.pl\/index.php\/wp-json\/wp\/v2\/pages\/1458\/revisions\/1461"}],"wp:attachment":[{"href":"https:\/\/www.vipo.com.pl\/index.php\/wp-json\/wp\/v2\/media?parent=1458"}],"curies":[{"name":"wp","href":"https:\/\/api.w.org\/{rel}","templated":true}]}}