{"id":1482,"date":"2025-07-22T16:28:39","date_gmt":"2025-07-22T14:28:39","guid":{"rendered":"http:\/\/vipo.com.pl\/?page_id=1482"},"modified":"2025-07-24T14:49:21","modified_gmt":"2025-07-24T12:49:21","slug":"technologia","status":"publish","type":"page","link":"https:\/\/www.vipo.com.pl\/index.php\/technologia\/","title":{"rendered":"Technologia"},"content":{"rendered":"\t\t<div data-elementor-type=\"wp-page\" data-elementor-id=\"1482\" class=\"elementor elementor-1482\" data-elementor-post-type=\"page\">\n\t\t\t\t\t\t<section class=\"elementor-section elementor-top-section elementor-element elementor-element-f3bc78c elementor-section-full_width elementor-section-height-default elementor-section-height-default\" data-id=\"f3bc78c\" data-element_type=\"section\">\n\t\t\t\t\t\t<div class=\"elementor-container elementor-column-gap-default\">\n\t\t\t\t\t<div class=\"elementor-column elementor-col-100 elementor-top-column elementor-element elementor-element-2be3e0c\" data-id=\"2be3e0c\" data-element_type=\"column\">\n\t\t\t<div class=\"elementor-widget-wrap elementor-element-populated\">\n\t\t\t\t\t\t<div class=\"elementor-element elementor-element-6493bb7 elementor-widget elementor-widget-tayler_about\" data-id=\"6493bb7\" data-element_type=\"widget\" data-widget_type=\"tayler_about.default\">\n\t\t\t\t<div class=\"elementor-widget-container\">\n\t\t\t\t\t      \n    <!-- introduction-section two -->\n    <section class=\"introduction-section-two\">\n        <div class=\"auto-container\">        \n            <div class=\"row\">            \n                <div class=\"col-lg-6\">                \n                                        <div class=\"sec-title-box wow fadeInUp\" data-wow-delay=\"0ms\" data-wow-duration=\"1500ms\">                    \n                                                <div class=\"sec-title-dec\"><img decoding=\"async\" src=\"https:\/\/www.vipo.com.pl\/wp-content\/themes\/tayler\/assets\/images\/shape\/shape-1.png\" alt=\"Awesome Image\"><\/div>\n                        <div class=\"sub-title\">Nasze Technologie<\/div>  \n                                              \n                        <h2 class=\"sec-title mb-35\">Technologia<\/h2> \n                    <\/div>\n                                                            <div class=\"progress-levels mb-30\">                    \n                    \t                    \n                        <!--Skill Box-->\n                        <div class=\"progress-box wow fadeIn\" data-wow-delay=\"100ms\" data-wow-duration=\"1500ms\">                        \n                            <h5><\/h5>                            \n                            <div class=\"inner\">\n                                <div class=\"bar\">                                \n                                    <div class=\"bar-innner\"><div class=\"bar-fill\" data-percent=\"\"><div class=\"percent\"><\/div><\/div><\/div>\n                                <\/div>\n                            <\/div>\n                        <\/div>                        \n                     \t                     \n                    <\/div>                    \n                    <div class=\"row align-items-center\">                    \n                                                <div class=\"col-md-6\">                        \n                            <div class=\"introduction-block-two_author-wrapper wow fadeInUp\" data-wow-delay=\"0ms\" data-wow-duration=\"1500ms\">\n                                                                                            <\/div>\n                        <\/div>\n                    <\/div>\n                <\/div>                \n                            <\/div>  \n        <\/div>\n    <\/section>\n\t\n\t\t\t\t\t<\/div>\n\t\t\t\t<\/div>\n\t\t<div class=\"elementor-element elementor-element-a353270 e-flex e-con-boxed e-con e-parent\" data-id=\"a353270\" data-element_type=\"container\">\n\t\t\t\t\t<div class=\"e-con-inner\">\n\t\t\t\t<div class=\"elementor-element elementor-element-2c56252 elementor-widget elementor-widget-text-editor\" data-id=\"2c56252\" data-element_type=\"widget\" data-widget_type=\"text-editor.default\">\n\t\t\t\t<div class=\"elementor-widget-container\">\n\t\t\t\t\t\t\t\t\t<p>\u0141\u0105cz\u0105c ponad dwudziestoletnie do\u015bwiadczenie naszych pracownik\u00f3w z najnowocze\u015bniejszymi maszynami tworzymy wyj\u0105tkowy produkt spe\u0142niaj\u0105cy najwy\u017csze oczekiwania. Jeste\u015bmy jedn\u0105 z nielicznych firm na \u015bwiecie pracuj\u0105cych r\u00f3wnolegle na dw\u00f3ch systemach technologicznych: GERBER i LECTRA s\u0142u\u017c\u0105cych do przygotowania szablonu i wykrojenia odzie\u017cy. Wierzymy w ci\u0105g\u0142e doskonalenie i rozw\u00f3j, dlatego nasza firma nieustannie inwestuje w najnowsze technologie. Na wydziale krojowni posiadamy innowacyjn\u0105 lini\u0119 technologiczn\u0105, kt\u00f3ra znacznie skraca czas krojenia, a tak\u017ce pozwala na optymalne wykorzystanie tkanin i podszewek podczas rozkroju.<br \/>Posiadamy wydajny i nowoczesny park maszynowy oparty na specjalistycznych maszynach szwalniczych, overlockach najlepszych firm takich jak Brother, Adler, Juki, Pfaff, Indupress, Meyer. Posiadamy r\u00f3wnie\u017c specjaln\u0105 maszyn\u0119 do haftowania oraz wykonywania monogram\u00f3w.<br \/>Posiadane maszyny i wykwalifikowany personel umo\u017cliwiaj\u0105 produkcj\u0119 ok. 300 szt. dziennie wysokiej jako\u015bci ubra\u0144. Nasi pracownicy posiadaj\u0105 wieloletnie do\u015bwiadczenie w sztuce krawieckiej, co sprawia \u017ce nieustannie d\u0105\u017cymy do perfekcyjnego wykonania ka\u017cdego wyrobu.<br \/>Celem naszej firmy jest zapewnienie optymalnego serwisu naszym klientom, kt\u00f3ry znacznie przekracza sam proces konfekcjonowania, mimo \u017ce pozostaje on podstawow\u0105 dzia\u0142alno\u015b\u0107, naszej firmy.<\/p><p>Nasze produkty mo\u017cna podzieli\u0107 na 3 podstawowe grupy:<br \/>&#8211; Szycie na miar\u0119<br \/>&#8211; Szycie seryjne<br \/>&#8211; Szycie korporacyjne (Odzie\u017c korporacyjna i firmowa)<\/p><p>Oferujemy wyroby szyte metod\u0105 podklejan\u0105 (thermo) oraz p\u00f3\u0142tradycyjn\u0105 przy u\u017cyciu optymalnie dobranych dodatk\u00f3w w zale\u017cno\u015bci od potrzeb klienta. Od wielu lat specjalizujemy si\u0119 w szyciu ubra\u0144 full \u2013 canvas. Wykonujemy r\u0119czne dziurki jedwabnymi ni\u0107mi.<\/p><p>Nasz dzia\u0142 obs\u0142ugi klienta zapewniaj\u0105cy obs\u0142ug\u0119 w j. polskim, angielskim, francuskim, j. niemieckim zawsze jest do Pa\u0144stwa dyspozycji w celu udzielenia odpowiedzi na wszelkie nurtuj\u0105ce Pa\u0144stwa pytania.<\/p><p>Nasi klienci mog\u0105 na nas liczy\u0107 r\u00f3wnie\u017c w takich aspektach jak:<br \/>a) Pomoc w doborze odpowiedniego modelu oraz tkaniny i dodatk\u00f3w<br \/>b) Pomoc w opracowaniu szablon\u00f3w<br \/>c) Pomoc w zakupie akcesori\u00f3w odzie\u017cowych (r\u00f3wnie\u017c z logo klienta)<br \/>d) Pomoc w dokonaniu odpraw celnych<br \/>e) Mo\u017cliwo\u015b\u0107 sk\u0142adowania tkanin w naszym magazynie oraz mo\u017cliwo\u015b\u0107 sprawdzania aktualnych stan\u00f3w tkanin powierzonych<br \/>f) Pomoc w organizacji transportu krajowego i zagranicznego, zar\u00f3wno za po\u015brednictwem firm kurierskich w bardzo preferencyjnych stawkach jak r\u00f3wnie\u017c mo\u017cliwo\u015b\u0107 zorganizowania transportu samochodowego (specjalne samochody przystosowane do przewozu odzie\u017cy na wisz\u0105co).<\/p>\t\t\t\t\t\t\t\t<\/div>\n\t\t\t\t<\/div>\n\t\t\t\t\t<\/div>\n\t\t\t\t<\/div>\n\t\t\t\t\t<\/div>\n\t\t<\/div>\n\t\t\t\t\t<\/div>\n\t\t<\/section>\n\t\t\t\t<section class=\"elementor-section elementor-top-section elementor-element elementor-element-38b6bce elementor-section-full_width elementor-section-height-default elementor-section-height-default\" data-id=\"38b6bce\" data-element_type=\"section\">\n\t\t\t\t\t\t<div class=\"elementor-container elementor-column-gap-default\">\n\t\t\t\t\t<div class=\"elementor-column elementor-col-100 elementor-top-column elementor-element elementor-element-79cc990\" data-id=\"79cc990\" data-element_type=\"column\">\n\t\t\t<div class=\"elementor-widget-wrap elementor-element-populated\">\n\t\t\t\t\t\t<div class=\"elementor-element elementor-element-201a7cc elementor-widget elementor-widget-tayler_about\" data-id=\"201a7cc\" data-element_type=\"widget\" data-widget_type=\"tayler_about.default\">\n\t\t\t\t<div class=\"elementor-widget-container\">\n\t\t\t\t\t      \n    <!-- introduction-section two -->\n    <section class=\"introduction-section-two\">\n        <div class=\"auto-container\">        \n            <div class=\"row\">            \n                <div class=\"col-lg-6\">                \n                                                            <div class=\"progress-levels mb-30\">                    \n                    \t                    \n                        <!--Skill Box-->\n                        <div class=\"progress-box wow fadeIn\" data-wow-delay=\"100ms\" data-wow-duration=\"1500ms\">                        \n                            <h5><\/h5>                            \n                            <div class=\"inner\">\n                                <div class=\"bar\">                                \n                                    <div class=\"bar-innner\"><div class=\"bar-fill\" data-percent=\"\"><div class=\"percent\"><\/div><\/div><\/div>\n                                <\/div>\n                            <\/div>\n                        <\/div>                        \n                     \t                     \n                    <\/div>                    \n                    <div class=\"row align-items-center\">                    \n                                                <div class=\"col-md-6\">                        \n                            <div class=\"introduction-block-two_author-wrapper wow fadeInUp\" data-wow-delay=\"0ms\" data-wow-duration=\"1500ms\">\n                                                                                            <\/div>\n                        <\/div>\n                    <\/div>\n                <\/div>                \n                            <\/div>  \n        <\/div>\n    <\/section>\n\t\n\t\t\t\t\t<\/div>\n\t\t\t\t<\/div>\n\t\t\t\t\t<\/div>\n\t\t<\/div>\n\t\t\t\t\t<\/div>\n\t\t<\/section>\n\t\t\t\t<\/div>\n\t\t","protected":false},"excerpt":{"rendered":"<p>Nasze Technologie Technologia \u0141\u0105cz\u0105c ponad dwudziestoletnie do\u015bwiadczenie naszych pracownik\u00f3w z najnowocze\u015bniejszymi maszynami tworzymy wyj\u0105tkowy produkt spe\u0142niaj\u0105cy najwy\u017csze oczekiwania. Jeste\u015bmy jedn\u0105 z nielicznych firm na \u015bwiecie pracuj\u0105cych r\u00f3wnolegle na dw\u00f3ch systemach technologicznych: GERBER i LECTRA s\u0142u\u017c\u0105cych do przygotowania szablonu i wykrojenia odzie\u017cy. Wierzymy w ci\u0105g\u0142e doskonalenie i rozw\u00f3j, dlatego nasza firma nieustannie inwestuje w najnowsze technologie. [&hellip;]<\/p>\n","protected":false},"author":1,"featured_media":0,"parent":0,"menu_order":0,"comment_status":"closed","ping_status":"closed","template":"tpl-default-elementor.php","meta":{"footnotes":""},"class_list":["post-1482","page","type-page","status-publish","hentry"],"_links":{"self":[{"href":"https:\/\/www.vipo.com.pl\/index.php\/wp-json\/wp\/v2\/pages\/1482","targetHints":{"allow":["GET"]}}],"collection":[{"href":"https:\/\/www.vipo.com.pl\/index.php\/wp-json\/wp\/v2\/pages"}],"about":[{"href":"https:\/\/www.vipo.com.pl\/index.php\/wp-json\/wp\/v2\/types\/page"}],"author":[{"embeddable":true,"href":"https:\/\/www.vipo.com.pl\/index.php\/wp-json\/wp\/v2\/users\/1"}],"replies":[{"embeddable":true,"href":"https:\/\/www.vipo.com.pl\/index.php\/wp-json\/wp\/v2\/comments?post=1482"}],"version-history":[{"count":12,"href":"https:\/\/www.vipo.com.pl\/index.php\/wp-json\/wp\/v2\/pages\/1482\/revisions"}],"predecessor-version":[{"id":1673,"href":"https:\/\/www.vipo.com.pl\/index.php\/wp-json\/wp\/v2\/pages\/1482\/revisions\/1673"}],"wp:attachment":[{"href":"https:\/\/www.vipo.com.pl\/index.php\/wp-json\/wp\/v2\/media?parent=1482"}],"curies":[{"name":"wp","href":"https:\/\/api.w.org\/{rel}","templated":true}]}}