{"id":2240,"date":"2025-09-04T14:52:48","date_gmt":"2025-09-04T12:52:48","guid":{"rendered":"http:\/\/vipo.com.pl\/?page_id=2240"},"modified":"2025-09-18T13:13:03","modified_gmt":"2025-09-18T11:13:03","slug":"produkcja-maloseryjna-i-specjalistyczna","status":"publish","type":"page","link":"https:\/\/www.vipo.com.pl\/index.php\/produkcja-maloseryjna-i-specjalistyczna\/","title":{"rendered":"Produkcja ma\u0142oseryjna i specjalistyczna"},"content":{"rendered":"\t\t<div data-elementor-type=\"wp-page\" data-elementor-id=\"2240\" class=\"elementor elementor-2240\" data-elementor-post-type=\"page\">\n\t\t\t\t\t\t<section class=\"elementor-section elementor-top-section elementor-element elementor-element-f3bc78c elementor-section-full_width elementor-section-height-default elementor-section-height-default\" data-id=\"f3bc78c\" data-element_type=\"section\">\n\t\t\t\t\t\t<div class=\"elementor-container elementor-column-gap-default\">\n\t\t\t\t\t<div class=\"elementor-column elementor-col-100 elementor-top-column elementor-element elementor-element-2be3e0c\" data-id=\"2be3e0c\" data-element_type=\"column\">\n\t\t\t<div class=\"elementor-widget-wrap elementor-element-populated\">\n\t\t\t\t\t\t<div class=\"elementor-element elementor-element-6493bb7 elementor-widget elementor-widget-tayler_about\" data-id=\"6493bb7\" data-element_type=\"widget\" data-widget_type=\"tayler_about.default\">\n\t\t\t\t<div class=\"elementor-widget-container\">\n\t\t\t\t\t      \n    <!-- introduction-section two -->\n    <section class=\"introduction-section-two\">\n        <div class=\"auto-container\">        \n            <div class=\"row\">            \n                <div class=\"col-lg-6\">                \n                                        <div class=\"sec-title-box wow fadeInUp\" data-wow-delay=\"0ms\" data-wow-duration=\"1500ms\">                    \n                                                <div class=\"sec-title-dec\"><img decoding=\"async\" src=\"https:\/\/www.vipo.com.pl\/wp-content\/themes\/tayler\/assets\/images\/shape\/shape-1.png\" alt=\"Awesome Image\"><\/div>\n                        <div class=\"sub-title\">Technologie<\/div>  \n                                              \n                        <h2 class=\"sec-title mb-35\">Produkcja ma\u0142oseryjna i specjalistyczna <\/h2> \n                    <\/div>\n                                                            <div class=\"progress-levels mb-30\">                    \n                    \t                    \n                        <!--Skill Box-->\n                        <div class=\"progress-box wow fadeIn\" data-wow-delay=\"100ms\" data-wow-duration=\"1500ms\">                        \n                            <h5><\/h5>                            \n                            <div class=\"inner\">\n                                <div class=\"bar\">                                \n                                    <div class=\"bar-innner\"><div class=\"bar-fill\" data-percent=\"\"><div class=\"percent\"><\/div><\/div><\/div>\n                                <\/div>\n                            <\/div>\n                        <\/div>                        \n                     \t                     \n                    <\/div>                    \n                    <div class=\"row align-items-center\">                    \n                                                <div class=\"col-md-6\">                        \n                            <div class=\"introduction-block-two_author-wrapper wow fadeInUp\" data-wow-delay=\"0ms\" data-wow-duration=\"1500ms\">\n                                                                                            <\/div>\n                        <\/div>\n                    <\/div>\n                <\/div>                \n                            <\/div>  \n        <\/div>\n    <\/section>\n\t\n\t\t\t\t\t<\/div>\n\t\t\t\t<\/div>\n\t\t\t\t\t<\/div>\n\t\t<\/div>\n\t\t\t\t\t<\/div>\n\t\t<\/section>\n\t\t\t\t<section class=\"elementor-section elementor-top-section elementor-element elementor-element-1ad9d0a elementor-section-full_width elementor-section-height-default elementor-section-height-default\" data-id=\"1ad9d0a\" data-element_type=\"section\">\n\t\t\t\t\t\t<div class=\"elementor-container elementor-column-gap-default\">\n\t\t\t\t\t<div class=\"elementor-column elementor-col-100 elementor-top-column elementor-element elementor-element-a22d75f\" data-id=\"a22d75f\" data-element_type=\"column\">\n\t\t\t<div class=\"elementor-widget-wrap elementor-element-populated\">\n\t\t\t\t<div class=\"elementor-element elementor-element-65681fb e-flex e-con-boxed e-con e-parent\" data-id=\"65681fb\" data-element_type=\"container\">\n\t\t\t\t\t<div class=\"e-con-inner\">\n\t\t\t\t<div class=\"elementor-element elementor-element-4a729b1 elementor-widget elementor-widget-text-editor\" data-id=\"4a729b1\" data-element_type=\"widget\" data-widget_type=\"text-editor.default\">\n\t\t\t\t<div class=\"elementor-widget-container\">\n\t\t\t\t\t\t\t\t\t<span>Poza stale rozwijaj\u0105cym si\u0119 MTM oferujemy r\u00f3wnie\u017c mo\u017cliwo\u015b\u0107 realizacji kr\u00f3tkich serii oraz projekt\u00f3w specjalnych ,wymagaj\u0105cych wysokiego poziomu precyzji,do\u015bwiadczenia i zaawansowanego rzemios\u0142a krawieckiego.<\/span>\t\t\t\t\t\t\t\t<\/div>\n\t\t\t\t<\/div>\n\t\t\t\t<div class=\"elementor-element elementor-element-dbe06d3 elementor-icon-list--layout-traditional elementor-list-item-link-full_width elementor-widget elementor-widget-icon-list\" data-id=\"dbe06d3\" data-element_type=\"widget\" data-widget_type=\"icon-list.default\">\n\t\t\t\t<div class=\"elementor-widget-container\">\n\t\t\t\t\t\t\t<ul class=\"elementor-icon-list-items\">\n\t\t\t\t\t\t\t<li class=\"elementor-icon-list-item\">\n\t\t\t\t\t\t\t\t\t\t\t<span class=\"elementor-icon-list-icon\">\n\t\t\t\t\t\t\t<svg aria-hidden=\"true\" class=\"e-font-icon-svg e-fas-check\" viewBox=\"0 0 512 512\" xmlns=\"http:\/\/www.w3.org\/2000\/svg\"><path d=\"M173.898 439.404l-166.4-166.4c-9.997-9.997-9.997-26.206 0-36.204l36.203-36.204c9.997-9.998 26.207-9.998 36.204 0L192 312.69 432.095 72.596c9.997-9.997 26.207-9.997 36.204 0l36.203 36.204c9.997 9.997 9.997 26.206 0 36.204l-294.4 294.401c-9.998 9.997-26.207 9.997-36.204-.001z\"><\/path><\/svg>\t\t\t\t\t\t<\/span>\n\t\t\t\t\t\t\t\t\t\t<span class=\"elementor-icon-list-text\">Tradycyjne stroje m\u0119skie - w szczeg\u00f3lno\u015bci zwi\u0105zane z kultur\u0105 nemieck\u0105 i alpejsk\u0105<\/span>\n\t\t\t\t\t\t\t\t\t<\/li>\n\t\t\t\t\t\t\t\t<li class=\"elementor-icon-list-item\">\n\t\t\t\t\t\t\t\t\t\t\t<span class=\"elementor-icon-list-icon\">\n\t\t\t\t\t\t\t<svg aria-hidden=\"true\" class=\"e-font-icon-svg e-fas-check\" viewBox=\"0 0 512 512\" xmlns=\"http:\/\/www.w3.org\/2000\/svg\"><path d=\"M173.898 439.404l-166.4-166.4c-9.997-9.997-9.997-26.206 0-36.204l36.203-36.204c9.997-9.998 26.207-9.998 36.204 0L192 312.69 432.095 72.596c9.997-9.997 26.207-9.997 36.204 0l36.203 36.204c9.997 9.997 9.997 26.206 0 36.204l-294.4 294.401c-9.998 9.997-26.207 9.997-36.204-.001z\"><\/path><\/svg>\t\t\t\t\t\t<\/span>\n\t\t\t\t\t\t\t\t\t\t<span class=\"elementor-icon-list-text\">Mundury ceremonialne i instytucjonalne - dla jednostek reprezentacyjnych, stra\u017cy zamkowych, ch\u00f3r\u00f3w, bractw itp.<\/span>\n\t\t\t\t\t\t\t\t\t<\/li>\n\t\t\t\t\t\t\t\t<li class=\"elementor-icon-list-item\">\n\t\t\t\t\t\t\t\t\t\t\t<span class=\"elementor-icon-list-icon\">\n\t\t\t\t\t\t\t<svg aria-hidden=\"true\" class=\"e-font-icon-svg e-fas-check\" viewBox=\"0 0 512 512\" xmlns=\"http:\/\/www.w3.org\/2000\/svg\"><path d=\"M173.898 439.404l-166.4-166.4c-9.997-9.997-9.997-26.206 0-36.204l36.203-36.204c9.997-9.998 26.207-9.998 36.204 0L192 312.69 432.095 72.596c9.997-9.997 26.207-9.997 36.204 0l36.203 36.204c9.997 9.997 9.997 26.206 0 36.204l-294.4 294.401c-9.998 9.997-26.207 9.997-36.204-.001z\"><\/path><\/svg>\t\t\t\t\t\t<\/span>\n\t\t\t\t\t\t\t\t\t\t<span class=\"elementor-icon-list-text\">M\u0119skie stroje rekonstrukcyjne i kostiumowe<\/span>\n\t\t\t\t\t\t\t\t\t<\/li>\n\t\t\t\t\t\t\t\t<li class=\"elementor-icon-list-item\">\n\t\t\t\t\t\t\t\t\t\t\t<span class=\"elementor-icon-list-icon\">\n\t\t\t\t\t\t\t<svg aria-hidden=\"true\" class=\"e-font-icon-svg e-fas-check\" viewBox=\"0 0 512 512\" xmlns=\"http:\/\/www.w3.org\/2000\/svg\"><path d=\"M173.898 439.404l-166.4-166.4c-9.997-9.997-9.997-26.206 0-36.204l36.203-36.204c9.997-9.998 26.207-9.998 36.204 0L192 312.69 432.095 72.596c9.997-9.997 26.207-9.997 36.204 0l36.203 36.204c9.997 9.997 9.997 26.206 0 36.204l-294.4 294.401c-9.998 9.997-26.207 9.997-36.204-.001z\"><\/path><\/svg>\t\t\t\t\t\t<\/span>\n\t\t\t\t\t\t\t\t\t\t<span class=\"elementor-icon-list-text\">Duffle coats - klasyczne p\u0142aszcze z ci\u0119\u017ckich tkanin, r\u0119cznie wyka\u0144czane<\/span>\n\t\t\t\t\t\t\t\t\t<\/li>\n\t\t\t\t\t\t\t\t<li class=\"elementor-icon-list-item\">\n\t\t\t\t\t\t\t\t\t\t\t<span class=\"elementor-icon-list-icon\">\n\t\t\t\t\t\t\t<svg aria-hidden=\"true\" class=\"e-font-icon-svg e-fas-check\" viewBox=\"0 0 512 512\" xmlns=\"http:\/\/www.w3.org\/2000\/svg\"><path d=\"M173.898 439.404l-166.4-166.4c-9.997-9.997-9.997-26.206 0-36.204l36.203-36.204c9.997-9.998 26.207-9.998 36.204 0L192 312.69 432.095 72.596c9.997-9.997 26.207-9.997 36.204 0l36.203 36.204c9.997 9.997 9.997 26.206 0 36.204l-294.4 294.401c-9.998 9.997-26.207 9.997-36.204-.001z\"><\/path><\/svg>\t\t\t\t\t\t<\/span>\n\t\t\t\t\t\t\t\t\t\t<span class=\"elementor-icon-list-text\">Szyjemy wed\u0142ug dostarczonego projektu lub opracowujemy od zera<\/span>\n\t\t\t\t\t\t\t\t\t<\/li>\n\t\t\t\t\t\t<\/ul>\n\t\t\t\t\t\t<\/div>\n\t\t\t\t<\/div>\n\t\t\t\t\t<\/div>\n\t\t\t\t<\/div>\n\t\t\t\t\t<\/div>\n\t\t<\/div>\n\t\t\t\t\t<\/div>\n\t\t<\/section>\n\t\t<div class=\"elementor-element elementor-element-8bcfd34 e-flex e-con-boxed e-con e-parent\" data-id=\"8bcfd34\" data-element_type=\"container\">\n\t\t\t\t\t<div class=\"e-con-inner\">\n\t\t\t\t<div class=\"elementor-element elementor-element-f7c2e90 elementor-widget elementor-widget-tayler_our_gallery_v2\" data-id=\"f7c2e90\" data-element_type=\"widget\" data-widget_type=\"tayler_our_gallery_v2.default\">\n\t\t\t\t<div class=\"elementor-widget-container\">\n\t\t\t\t\t \n \t<!-- Gallery -->\n    <section class=\"gallery-section-two\">\n        <div class=\"auto-container\">\n            <div class=\"row\">\n                                <div class=\"col-lg-4 col-md-6\">\n                    <div class=\"gallery-block gallery-overlay\">\n                        <div class=\"gallery-block_image\"><img fetchpriority=\"high\" decoding=\"async\" width=\"370\" height=\"464\" src=\"https:\/\/www.vipo.com.pl\/wp-content\/uploads\/2025\/09\/gsp6-370x464.png\" class=\"attachment-tayler_370x464 size-tayler_370x464 wp-post-image\" alt=\"\" \/><\/div>\n                        <div class=\"overlay-box\">\n                            <div class=\"overlay-inner\">\n                                <div class=\"content\">\n                                    <a href=\"https:\/\/www.vipo.com.pl\/wp-content\/uploads\/2025\/09\/gsp6.png\" class=\"lightbox-image link\" data-fancybox=\"gallery\"><span class=\"icon fal fa-plus\"><\/span><\/a>\n                                <\/div>\n                            <\/div>\n                        <\/div>\n                    <\/div>\n                <\/div>\n                                <div class=\"col-lg-4 col-md-6\">\n                    <div class=\"gallery-block gallery-overlay\">\n                        <div class=\"gallery-block_image\"><img decoding=\"async\" width=\"370\" height=\"464\" src=\"https:\/\/www.vipo.com.pl\/wp-content\/uploads\/2025\/09\/gsp5-370x464.png\" class=\"attachment-tayler_370x464 size-tayler_370x464 wp-post-image\" alt=\"\" \/><\/div>\n                        <div class=\"overlay-box\">\n                            <div class=\"overlay-inner\">\n                                <div class=\"content\">\n                                    <a href=\"https:\/\/www.vipo.com.pl\/wp-content\/uploads\/2025\/09\/gsp5.png\" class=\"lightbox-image link\" data-fancybox=\"gallery\"><span class=\"icon fal fa-plus\"><\/span><\/a>\n                                <\/div>\n                            <\/div>\n                        <\/div>\n                    <\/div>\n                <\/div>\n                                <div class=\"col-lg-4 col-md-6\">\n                    <div class=\"gallery-block gallery-overlay\">\n                        <div class=\"gallery-block_image\"><img decoding=\"async\" width=\"370\" height=\"464\" src=\"https:\/\/www.vipo.com.pl\/wp-content\/uploads\/2025\/09\/gsp4-370x464.png\" class=\"attachment-tayler_370x464 size-tayler_370x464 wp-post-image\" alt=\"\" \/><\/div>\n                        <div class=\"overlay-box\">\n                            <div class=\"overlay-inner\">\n                                <div class=\"content\">\n                                    <a href=\"https:\/\/www.vipo.com.pl\/wp-content\/uploads\/2025\/09\/gsp4.png\" class=\"lightbox-image link\" data-fancybox=\"gallery\"><span class=\"icon fal fa-plus\"><\/span><\/a>\n                                <\/div>\n                            <\/div>\n                        <\/div>\n                    <\/div>\n                <\/div>\n                                <div class=\"col-lg-4 col-md-6\">\n                    <div class=\"gallery-block gallery-overlay\">\n                        <div class=\"gallery-block_image\"><img loading=\"lazy\" decoding=\"async\" width=\"309\" height=\"464\" src=\"https:\/\/www.vipo.com.pl\/wp-content\/uploads\/2025\/09\/gsp3.png\" class=\"attachment-tayler_370x464 size-tayler_370x464 wp-post-image\" alt=\"\" srcset=\"https:\/\/www.vipo.com.pl\/wp-content\/uploads\/2025\/09\/gsp3.png 1024w, https:\/\/www.vipo.com.pl\/wp-content\/uploads\/2025\/09\/gsp3-200x300.png 200w, https:\/\/www.vipo.com.pl\/wp-content\/uploads\/2025\/09\/gsp3-683x1024.png 683w, https:\/\/www.vipo.com.pl\/wp-content\/uploads\/2025\/09\/gsp3-768x1152.png 768w\" sizes=\"(max-width: 309px) 100vw, 309px\" \/><\/div>\n                        <div class=\"overlay-box\">\n                            <div class=\"overlay-inner\">\n                                <div class=\"content\">\n                                    <a href=\"https:\/\/www.vipo.com.pl\/wp-content\/uploads\/2025\/09\/gsp3.png\" class=\"lightbox-image link\" data-fancybox=\"gallery\"><span class=\"icon fal fa-plus\"><\/span><\/a>\n                                <\/div>\n                            <\/div>\n                        <\/div>\n                    <\/div>\n                <\/div>\n                                <div class=\"col-lg-4 col-md-6\">\n                    <div class=\"gallery-block gallery-overlay\">\n                        <div class=\"gallery-block_image\"><img loading=\"lazy\" decoding=\"async\" width=\"370\" height=\"464\" src=\"https:\/\/www.vipo.com.pl\/wp-content\/uploads\/2025\/09\/gsp2-370x464.png\" class=\"attachment-tayler_370x464 size-tayler_370x464 wp-post-image\" alt=\"\" \/><\/div>\n                        <div class=\"overlay-box\">\n                            <div class=\"overlay-inner\">\n                                <div class=\"content\">\n                                    <a href=\"https:\/\/www.vipo.com.pl\/wp-content\/uploads\/2025\/09\/gsp2.png\" class=\"lightbox-image link\" data-fancybox=\"gallery\"><span class=\"icon fal fa-plus\"><\/span><\/a>\n                                <\/div>\n                            <\/div>\n                        <\/div>\n                    <\/div>\n                <\/div>\n                                <div class=\"col-lg-4 col-md-6\">\n                    <div class=\"gallery-block gallery-overlay\">\n                        <div class=\"gallery-block_image\"><img loading=\"lazy\" decoding=\"async\" width=\"370\" height=\"464\" src=\"https:\/\/www.vipo.com.pl\/wp-content\/uploads\/2025\/09\/gsp1-370x464.png\" class=\"attachment-tayler_370x464 size-tayler_370x464 wp-post-image\" alt=\"\" \/><\/div>\n                        <div class=\"overlay-box\">\n                            <div class=\"overlay-inner\">\n                                <div class=\"content\">\n                                    <a href=\"https:\/\/www.vipo.com.pl\/wp-content\/uploads\/2025\/09\/gsp1.png\" class=\"lightbox-image link\" data-fancybox=\"gallery\"><span class=\"icon fal fa-plus\"><\/span><\/a>\n                                <\/div>\n                            <\/div>\n                        <\/div>\n                    <\/div>\n                <\/div>\n                            <\/div>\n        <\/div>\n    <\/section>\n    \t\n\t\t\t\t\t<\/div>\n\t\t\t\t<\/div>\n\t\t\t\t\t<\/div>\n\t\t\t\t<\/div>\n\t\t\t\t<\/div>\n\t\t","protected":false},"excerpt":{"rendered":"<p>Technologie Produkcja ma\u0142oseryjna i specjalistyczna Poza stale rozwijaj\u0105cym si\u0119 MTM oferujemy r\u00f3wnie\u017c mo\u017cliwo\u015b\u0107 realizacji kr\u00f3tkich serii oraz projekt\u00f3w specjalnych ,wymagaj\u0105cych wysokiego poziomu precyzji,do\u015bwiadczenia i zaawansowanego rzemios\u0142a krawieckiego. Tradycyjne stroje m\u0119skie &#8211; w szczeg\u00f3lno\u015bci zwi\u0105zane z kultur\u0105 nemieck\u0105 i alpejsk\u0105 Mundury ceremonialne i instytucjonalne &#8211; dla jednostek reprezentacyjnych, stra\u017cy zamkowych, ch\u00f3r\u00f3w, bractw itp. M\u0119skie stroje rekonstrukcyjne [&hellip;]<\/p>\n","protected":false},"author":1,"featured_media":0,"parent":0,"menu_order":0,"comment_status":"closed","ping_status":"closed","template":"tpl-default-elementor.php","meta":{"footnotes":""},"class_list":["post-2240","page","type-page","status-publish","hentry"],"_links":{"self":[{"href":"https:\/\/www.vipo.com.pl\/index.php\/wp-json\/wp\/v2\/pages\/2240","targetHints":{"allow":["GET"]}}],"collection":[{"href":"https:\/\/www.vipo.com.pl\/index.php\/wp-json\/wp\/v2\/pages"}],"about":[{"href":"https:\/\/www.vipo.com.pl\/index.php\/wp-json\/wp\/v2\/types\/page"}],"author":[{"embeddable":true,"href":"https:\/\/www.vipo.com.pl\/index.php\/wp-json\/wp\/v2\/users\/1"}],"replies":[{"embeddable":true,"href":"https:\/\/www.vipo.com.pl\/index.php\/wp-json\/wp\/v2\/comments?post=2240"}],"version-history":[{"count":24,"href":"https:\/\/www.vipo.com.pl\/index.php\/wp-json\/wp\/v2\/pages\/2240\/revisions"}],"predecessor-version":[{"id":2347,"href":"https:\/\/www.vipo.com.pl\/index.php\/wp-json\/wp\/v2\/pages\/2240\/revisions\/2347"}],"wp:attachment":[{"href":"https:\/\/www.vipo.com.pl\/index.php\/wp-json\/wp\/v2\/media?parent=2240"}],"curies":[{"name":"wp","href":"https:\/\/api.w.org\/{rel}","templated":true}]}}