{"id":2276,"date":"2025-09-08T08:37:40","date_gmt":"2025-09-08T06:37:40","guid":{"rendered":"http:\/\/vipo.com.pl\/?page_id=2276"},"modified":"2025-10-27T11:56:25","modified_gmt":"2025-10-27T10:56:25","slug":"b2b","status":"publish","type":"page","link":"https:\/\/www.vipo.com.pl\/index.php\/b2b\/","title":{"rendered":"B2B"},"content":{"rendered":"\t\t<div data-elementor-type=\"wp-page\" data-elementor-id=\"2276\" class=\"elementor elementor-2276\" data-elementor-post-type=\"page\">\n\t\t\t\t\t\t<section class=\"elementor-section elementor-top-section elementor-element elementor-element-38b6bce elementor-section-full_width elementor-section-height-default elementor-section-height-default\" data-id=\"38b6bce\" data-element_type=\"section\">\n\t\t\t\t\t\t<div class=\"elementor-container elementor-column-gap-default\">\n\t\t\t\t\t<div class=\"elementor-column elementor-col-100 elementor-top-column elementor-element elementor-element-79cc990\" data-id=\"79cc990\" data-element_type=\"column\">\n\t\t\t<div class=\"elementor-widget-wrap elementor-element-populated\">\n\t\t\t\t\t\t<div class=\"elementor-element elementor-element-201a7cc elementor-widget elementor-widget-tayler_about\" data-id=\"201a7cc\" data-element_type=\"widget\" data-widget_type=\"tayler_about.default\">\n\t\t\t\t<div class=\"elementor-widget-container\">\n\t\t\t\t\t      \n    <!-- introduction-section two -->\n    <section class=\"introduction-section-two\">\n        <div class=\"auto-container\">        \n            <div class=\"row\">            \n                <div class=\"col-lg-6\">                \n                                                            <div class=\"progress-levels mb-30\">                    \n                    \t                    \n                        <!--Skill Box-->\n                        <div class=\"progress-box wow fadeIn\" data-wow-delay=\"100ms\" data-wow-duration=\"1500ms\">                        \n                            <h5><\/h5>                            \n                            <div class=\"inner\">\n                                <div class=\"bar\">                                \n                                    <div class=\"bar-innner\"><div class=\"bar-fill\" data-percent=\"\"><div class=\"percent\"><\/div><\/div><\/div>\n                                <\/div>\n                            <\/div>\n                        <\/div>                        \n                     \t                     \n                    <\/div>                    \n                    <div class=\"row align-items-center\">                    \n                                                <div class=\"col-md-6\">                        \n                            <div class=\"introduction-block-two_author-wrapper wow fadeInUp\" data-wow-delay=\"0ms\" data-wow-duration=\"1500ms\">\n                                                                                            <\/div>\n                        <\/div>\n                    <\/div>\n                <\/div>                \n                            <\/div>  \n        <\/div>\n    <\/section>\n\t\n\t\t\t\t\t<\/div>\n\t\t\t\t<\/div>\n\t\t\t\t\t<\/div>\n\t\t<\/div>\n\t\t\t\t\t<\/div>\n\t\t<\/section>\n\t\t\t\t<section class=\"elementor-section elementor-top-section elementor-element elementor-element-9c05cd9 elementor-section-full_width elementor-section-height-default elementor-section-height-default\" data-id=\"9c05cd9\" data-element_type=\"section\">\n\t\t\t\t\t\t<div class=\"elementor-container elementor-column-gap-default\">\n\t\t\t\t\t<div class=\"elementor-column elementor-col-100 elementor-top-column elementor-element elementor-element-c9956d4\" data-id=\"c9956d4\" data-element_type=\"column\">\n\t\t\t<div class=\"elementor-widget-wrap elementor-element-populated\">\n\t\t\t\t\t\t<div class=\"elementor-element elementor-element-d0b41d3 elementor-hidden-tablet elementor-hidden-mobile elementor-widget elementor-widget-tayler_our_introduction\" data-id=\"d0b41d3\" data-element_type=\"widget\" data-widget_type=\"tayler_our_introduction.default\">\n\t\t\t\t<div class=\"elementor-widget-container\">\n\t\t\t\t\t\n    <!-- Introduction -->\n    <section class=\"introduction-section\">\n        <div class=\"auto-container\">\n            <div class=\"row\">            \n                <div class=\"col-lg-6\">                \n                    <div class=\"introduction-block_image\">                    \n                                                <div class=\"img_hover_3\">                        \n                            <img decoding=\"async\" src=\"https:\/\/www.vipo.com.pl\/wp-content\/uploads\/2025\/09\/b2b-system.webp\" alt=\"Awesome Image\">\n                        <\/div>\n                                                                    <\/div>\n                <\/div>                \n                <div class=\"col-lg-6\">                \n                    <div class=\"introduction-block\">                    \n                                                <div class=\"sec-title-dec\"><img decoding=\"async\" src=\"https:\/\/www.vipo.com.pl\/wp-content\/themes\/tayler\/assets\/images\/shape\/shape-1.png\" alt=\"Awesome Image\"><\/div>\n                        <div class=\"sub-title\">B2B <\/div>\n\t\t\t\t\t\t                        \n\t\t\t\t\t\t<div class=\"sec-title\">B2B<\/div>                        <div class=\"introduction-block_text\">Automatyzacja i cyfryzacja, ale z dusz\u0105 rzemios\u0142a. B2B kt\u00f3re rozwija si\u0119 razem z naszymi klientami bo wiemy, \u017ce nie ma gotowego szablonu na sukces.\nPewno\u015b\u0107 dzi\u0119ki narz\u0119dziom nie domys\u0142om.\nW pracy z MTM liczy si\u0119 ka\u017cdy detal a najmniejsza korekta mo\u017ce wp\u0142yn\u0105\u0107 na ca\u0142y efekt. Dlatego nasza platforma B2B zosta\u0142a zaprojektowana tak, by da\u0107 Ci pe\u0142ne wsparcie techniczne - ka\u017cda zmienna z wizualnym wsparciem.\n\n<\/div>                        \n\t\t\t\t\t\t                         \n                        <ul class=\"introduction-block_list\">                        \n                        \t                        \t<li><i class=\"icon\"><img decoding=\"async\" src=\"https:\/\/www.vipo.com.pl\/wp-content\/themes\/tayler\/assets\/images\/shape\/shape-2.png\" alt=\"Awesome Image\"><\/i>Zam\u00f3wienia MTM online (zintegrowany system pomiar\u00f3w i personalizacji)<\/li>\n                        \t                        \t<li><i class=\"icon\"><img decoding=\"async\" src=\"https:\/\/www.vipo.com.pl\/wp-content\/themes\/tayler\/assets\/images\/shape\/shape-2.png\" alt=\"Awesome Image\"><\/i>\u015aledzenie produkcji i logistyki w czasie rzeczywistym<\/li>\n                        \t                        \t<li><i class=\"icon\"><img decoding=\"async\" src=\"https:\/\/www.vipo.com.pl\/wp-content\/themes\/tayler\/assets\/images\/shape\/shape-2.png\" alt=\"Awesome Image\"><\/i>Dost\u0119p do magazynu tkanin<\/li>\n                        \t                        \t<li><i class=\"icon\"><img decoding=\"async\" src=\"https:\/\/www.vipo.com.pl\/wp-content\/themes\/tayler\/assets\/images\/shape\/shape-2.png\" alt=\"Awesome Image\"><\/i>Wsparcie technolog\u00f3w, konstruktor\u00f3w w budowie Twojej marki <\/li>\n                        \t                        <\/ul>                            \n                                                                        \n                        <div class=\"row\">                        \n                            \t\t                        \n\t\t                                                        <div class=\"col-md-6\">\n                                    <div class=\"introduction-block_link-btn\">\n                                                                                <a href=\"https:\/\/suitfactory.eu\/Account\/Login\" target=\"_blank\" rel=\"nofollow\" class=\"theme-btn btn-style-one\">\n                                            System B2B                                        <\/a>\n                                    <\/div>\n                                <\/div>\n\t\t                        \n                        <\/div>\n                    <\/div>\n                <\/div>\n            <\/div>        \n        <\/div>\n    <\/section>\n    \n\t\t\t\t\t<\/div>\n\t\t\t\t<\/div>\n\t\t\t\t\t<\/div>\n\t\t<\/div>\n\t\t\t\t\t<\/div>\n\t\t<\/section>\n\t\t\t\t<\/div>\n\t\t","protected":false},"excerpt":{"rendered":"<p>B2B B2B Automatyzacja i cyfryzacja, ale z dusz\u0105 rzemios\u0142a. B2B kt\u00f3re rozwija si\u0119 razem z naszymi klientami bo wiemy, \u017ce nie ma gotowego szablonu na sukces. Pewno\u015b\u0107 dzi\u0119ki narz\u0119dziom nie domys\u0142om. W pracy z MTM liczy si\u0119 ka\u017cdy detal a najmniejsza korekta mo\u017ce wp\u0142yn\u0105\u0107 na ca\u0142y efekt. Dlatego nasza platforma B2B zosta\u0142a zaprojektowana tak, by [&hellip;]<\/p>\n","protected":false},"author":1,"featured_media":0,"parent":0,"menu_order":0,"comment_status":"closed","ping_status":"closed","template":"tpl-default-elementor.php","meta":{"footnotes":""},"class_list":["post-2276","page","type-page","status-publish","hentry"],"_links":{"self":[{"href":"https:\/\/www.vipo.com.pl\/index.php\/wp-json\/wp\/v2\/pages\/2276","targetHints":{"allow":["GET"]}}],"collection":[{"href":"https:\/\/www.vipo.com.pl\/index.php\/wp-json\/wp\/v2\/pages"}],"about":[{"href":"https:\/\/www.vipo.com.pl\/index.php\/wp-json\/wp\/v2\/types\/page"}],"author":[{"embeddable":true,"href":"https:\/\/www.vipo.com.pl\/index.php\/wp-json\/wp\/v2\/users\/1"}],"replies":[{"embeddable":true,"href":"https:\/\/www.vipo.com.pl\/index.php\/wp-json\/wp\/v2\/comments?post=2276"}],"version-history":[{"count":72,"href":"https:\/\/www.vipo.com.pl\/index.php\/wp-json\/wp\/v2\/pages\/2276\/revisions"}],"predecessor-version":[{"id":2688,"href":"https:\/\/www.vipo.com.pl\/index.php\/wp-json\/wp\/v2\/pages\/2276\/revisions\/2688"}],"wp:attachment":[{"href":"https:\/\/www.vipo.com.pl\/index.php\/wp-json\/wp\/v2\/media?parent=2276"}],"curies":[{"name":"wp","href":"https:\/\/api.w.org\/{rel}","templated":true}]}}